{"id":5520,"date":"2023-05-04T15:30:08","date_gmt":"2023-05-04T13:30:08","guid":{"rendered":"https:\/\/dev.tierschutz.com\/?page_id=5520"},"modified":"2026-02-27T11:27:41","modified_gmt":"2026-02-27T10:27:41","slug":"comitato-direttivo","status":"publish","type":"page","link":"https:\/\/mail.schweizer-tierschutz-sts.ch\/it\/chi-siamo\/associazione\/comitato-direttivo\/","title":{"rendered":"Comitato direttivo"},"content":{"rendered":"\n<div class=\"wp-block-cover alignfull is-light\"><img loading=\"lazy\" decoding=\"async\" width=\"2560\" height=\"1707\" class=\"wp-block-cover__image-background wp-image-12074\" alt=\"Zwei Hirtenhunde die eine Herde Schafe bewacht. \" src=\"https:\/\/tierschutz.com\/app\/uploads\/2023\/11\/schweizer-tierschutz-sts-zentralvorstand.jpg\" style=\"object-position:46% 68%\" data-object-fit=\"cover\" data-object-position=\"46% 68%\" srcset=\"https:\/\/mail.schweizer-tierschutz-sts.ch\/app\/uploads\/2023\/11\/schweizer-tierschutz-sts-zentralvorstand.jpg 2560w, https:\/\/mail.schweizer-tierschutz-sts.ch\/app\/uploads\/2023\/11\/schweizer-tierschutz-sts-zentralvorstand-300x200.jpg 300w, https:\/\/mail.schweizer-tierschutz-sts.ch\/app\/uploads\/2023\/11\/schweizer-tierschutz-sts-zentralvorstand-1024x683.jpg 1024w, https:\/\/mail.schweizer-tierschutz-sts.ch\/app\/uploads\/2023\/11\/schweizer-tierschutz-sts-zentralvorstand-768x512.jpg 768w, https:\/\/mail.schweizer-tierschutz-sts.ch\/app\/uploads\/2023\/11\/schweizer-tierschutz-sts-zentralvorstand-1536x1024.jpg 1536w, https:\/\/mail.schweizer-tierschutz-sts.ch\/app\/uploads\/2023\/11\/schweizer-tierschutz-sts-zentralvorstand-2048x1366.jpg 2048w\" sizes=\"auto, (max-width: 2560px) 100vw, 2560px\" \/><span aria-hidden=\"true\" class=\"wp-block-cover__background has-background-dim-20 has-background-dim\"><\/span><div class=\"wp-block-cover__inner-container is-layout-flow wp-block-cover-is-layout-flow\">\n<h2 class=\"wp-block-heading has-text-align-center has-background-color has-text-color\" id=\"h-comitato-direttivo\">Comitato direttivo<\/h2>\n<\/div><\/div>\n\n\n\n<div class=\"wp-block-group alignfull anchor-bar has-lightgray-background-color has-background is-layout-constrained wp-block-group-is-layout-constrained\">\n<div class=\"wp-block-group is-content-justification-center is-layout-flex wp-container-core-group-is-layout-b02886af wp-block-group-is-layout-flex\">\n<p class=\"has-large-font-size\"><strong><a href=\"#pres\"><strong>Presidenza<\/strong><\/a><\/strong><\/p>\n\n\n\n<p class=\"has-large-font-size\"><strong><a href=\"#mitgl\"><strong><strong><strong>Membri<\/strong><\/strong><\/strong><\/a><\/strong><\/p>\n<\/div>\n<\/div>\n\n\n\n<div class=\"wp-block-group alignfull has-background-background-color has-background is-layout-constrained wp-block-group-is-layout-constrained\" id=\"Organisation\"><div class=\"yoast-breadcrumbs\"><span><span><a href=\"https:\/\/mail.schweizertierschutz.ch\/it\/\">Pagina iniziale<\/a><\/span> \u00bb <span><a href=\"https:\/\/mail.protezione-animali-psa.ch\/it\/chi-siamo\/\">Chi siamo<\/a><\/span> \u00bb <span><a href=\"https:\/\/mail.protection-animaux-psa.ch\/it\/chi-siamo\/associazione\/\">Associazione<\/a><\/span> \u00bb <span class=\"breadcrumb_last\" aria-current=\"page\">Comitato direttivo<\/span><\/span><\/div>\n\n\n<h1 class=\"wp-block-heading has-text-align-center\" id=\"h-comitato-direttivo-0\"><strong>Comitato direttivo<\/strong><\/h1>\n\n\n\n<hr class=\"wp-block-separator has-text-color has-primary-color has-alpha-channel-opacity has-primary-background-color has-background\"\/>\n\n\n\n<p class=\"has-text-align-center\">Il Comitato direttivo, che opera a titolo di volontariato, \u00e8 diviso in settori. Si riunisce pi\u00f9 volte l&#8217;anno, stabilisce le linee guida in qualit\u00e0 di organo strategico e approva i budget per il lavoro di protezione degli animali della PSA.<\/p>\n\n\n\n<div class=\"wp-block-group alignfull has-background-background-color has-background is-layout-constrained wp-block-group-is-layout-constrained\" id=\"presidenza\">\n<h2 class=\"wp-block-heading has-text-align-center\" id=\"h-presidenza\"><strong><strong><strong><strong><strong><strong><strong><strong><strong><strong><strong><strong>Presidenza<\/strong><\/strong><\/strong><\/strong><\/strong><\/strong><\/strong><\/strong><\/strong><\/strong><\/strong><\/strong><\/h2>\n\n\n\n<hr class=\"wp-block-separator has-text-color has-primary-color has-alpha-channel-opacity has-primary-background-color has-background\"\/>\n\n\n\n<div class=\"wp-block-columns are-vertically-aligned-top is-layout-flex wp-container-core-columns-is-layout-28f84493 wp-block-columns-is-layout-flex\">\n<div class=\"wp-block-column is-vertically-aligned-top is-layout-constrained wp-block-column-is-layout-constrained\">\n<figure class=\"wp-block-image size-full\"><img loading=\"lazy\" decoding=\"async\" width=\"2560\" height=\"1704\" src=\"https:\/\/tierschutz.com\/app\/uploads\/2025\/10\/HUG_3237-Kopie-klein-scaled.jpg\" alt=\"\" class=\"wp-image-34784\" style=\"aspect-ratio:16\/9;object-fit:cover\" srcset=\"https:\/\/mail.schweizer-tierschutz-sts.ch\/app\/uploads\/2025\/10\/HUG_3237-Kopie-klein-scaled.jpg 2560w, https:\/\/mail.schweizer-tierschutz-sts.ch\/app\/uploads\/2025\/10\/HUG_3237-Kopie-klein-300x200.jpg 300w, https:\/\/mail.schweizer-tierschutz-sts.ch\/app\/uploads\/2025\/10\/HUG_3237-Kopie-klein-1024x682.jpg 1024w, https:\/\/mail.schweizer-tierschutz-sts.ch\/app\/uploads\/2025\/10\/HUG_3237-Kopie-klein-768x511.jpg 768w, https:\/\/mail.schweizer-tierschutz-sts.ch\/app\/uploads\/2025\/10\/HUG_3237-Kopie-klein-1536x1022.jpg 1536w, https:\/\/mail.schweizer-tierschutz-sts.ch\/app\/uploads\/2025\/10\/HUG_3237-Kopie-klein-2048x1363.jpg 2048w\" sizes=\"auto, (max-width: 2560px) 100vw, 2560px\" \/><figcaption class=\"wp-element-caption\">Eva Suhner, Vice presidente &amp; Peter V. Kunz, Presidente PSA<\/figcaption><\/figure>\n<\/div>\n\n\n\n<div class=\"wp-block-column is-vertically-aligned-top is-layout-flow wp-block-column-is-layout-flow\">\n<div class=\"wp-block-group is-style-shadow-box has-background-background-color has-background is-content-justification-left is-layout-constrained wp-container-core-group-is-layout-c4d06299 wp-block-group-is-layout-constrained\">\n<h3 class=\"wp-block-heading\" id=\"h-peter-v-kunz\"><strong>Peter V. Kunz<\/strong><\/h3>\n\n\n\n<p><mark style=\"background-color:rgba(0, 0, 0, 0)\" class=\"has-inline-color has-secondary-color\">Presidente &#8211; Prof. Dr.<\/mark><\/p>\n<\/div>\n\n\n\n<div class=\"wp-block-group is-style-shadow-box has-background-background-color has-background is-content-justification-left is-layout-constrained wp-container-core-group-is-layout-7cef470d wp-block-group-is-layout-constrained\">\n<h3 class=\"wp-block-heading\" id=\"h-eva-suhner\"><strong>Eva Suhner<\/strong><\/h3>\n\n\n\n<p><mark style=\"background-color:rgba(0, 0, 0, 0)\" class=\"has-inline-color has-secondary-color\">Vice presidente<\/mark><\/p>\n<\/div>\n<\/div>\n<\/div>\n<\/div>\n\n\n\n<div class=\"wp-block-group alignfull has-background-background-color has-background is-layout-constrained wp-block-group-is-layout-constrained\" id=\"membri\">\n<h2 class=\"wp-block-heading has-text-align-center\" id=\"h-membri\"><strong><strong><strong><strong><strong><strong><strong><strong><strong><strong><strong><strong>Membri<\/strong><\/strong><\/strong><\/strong><\/strong><\/strong><\/strong><\/strong><\/strong><\/strong><\/strong><\/strong><\/h2>\n\n\n\n<hr class=\"wp-block-separator has-text-color has-primary-color has-alpha-channel-opacity has-primary-background-color has-background\"\/>\n\n\n\n<div class=\"wp-block-group has-3-cols is-layout-flex wp-container-core-group-is-layout-d0921e6e wp-block-group-is-layout-flex\">\n<div class=\"wp-block-group is-style-shadow-box has-background-background-color has-background is-layout-constrained wp-block-group-is-layout-constrained\">\n<h3 class=\"wp-block-heading\" id=\"h-elena-grisafi-favre\"><strong>Elena Grisafi Favre<\/strong><\/h3>\n\n\n\n<p><mark style=\"background-color:rgba(0, 0, 0, 0)\" class=\"has-inline-color has-secondary-color\">La Colline aux lapins<\/mark><\/p>\n<\/div>\n\n\n\n<div class=\"wp-block-group is-style-shadow-box has-background-background-color has-background is-layout-constrained wp-block-group-is-layout-constrained\">\n<h3 class=\"wp-block-heading\" id=\"h-gianmarco-lepri\"><strong>Gianmarco Lepri<\/strong><\/h3>\n\n\n\n<p><mark style=\"background-color:rgba(0, 0, 0, 0)\" class=\"has-inline-color has-secondary-color\">SPA Locarno<\/mark><\/p>\n<\/div>\n\n\n\n<div class=\"wp-block-group is-style-shadow-box has-background-background-color has-background is-layout-constrained wp-block-group-is-layout-constrained\">\n<h3 class=\"wp-block-heading\" id=\"h-marina-morach\"><strong>Marina Morach<\/strong><\/h3>\n\n\n\n<p><mark style=\"background-color:rgba(0, 0, 0, 0)\" class=\"has-inline-color has-secondary-color\">Aargauischer Tierschutzverein ATs<\/mark><\/p>\n<\/div>\n\n\n\n<div class=\"wp-block-group is-style-shadow-box has-background-background-color has-background is-layout-constrained wp-block-group-is-layout-constrained\">\n<h3 class=\"wp-block-heading\" id=\"h-catherine-muller\"><strong>Catherine M\u00fcller<\/strong><\/h3>\n\n\n\n<p><mark style=\"background-color:rgba(0, 0, 0, 0)\" class=\"has-inline-color has-secondary-color\">Tierd\u00f6rfli Olten \u2013 TSV Mittelland<\/mark><\/p>\n<\/div>\n\n\n\n<div class=\"wp-block-group is-style-shadow-box has-background-background-color has-background is-layout-constrained wp-block-group-is-layout-constrained\">\n<h3 class=\"wp-block-heading\" id=\"h-andreas-russi\"><strong>Andreas Russi<\/strong><\/h3>\n\n\n\n<p><mark style=\"background-color:rgba(0, 0, 0, 0)\" class=\"has-inline-color has-secondary-color\">Berner Tierschutz<\/mark><\/p>\n<\/div>\n\n\n\n<div class=\"wp-block-group is-style-shadow-box has-background-background-color has-background is-layout-constrained wp-block-group-is-layout-constrained\">\n<h3 class=\"wp-block-heading\" id=\"h-sandrine-stuck-grosclaude\"><strong>Sandrine Stuck Grosclaude<\/strong><\/h3>\n\n\n\n<p><mark style=\"background-color:rgba(0, 0, 0, 0)\" class=\"has-inline-color has-secondary-color\">TSV Biel\/Bienne-Seeland-Jura bernois<\/mark><\/p>\n<\/div>\n\n\n\n<div class=\"wp-block-group is-style-shadow-box has-background-background-color has-background is-layout-constrained wp-block-group-is-layout-constrained\">\n<h3 class=\"wp-block-heading\" id=\"h-martina-vogel\"><strong>Martina Vogel<\/strong><\/h3>\n\n\n\n<p><mark style=\"background-color:rgba(0, 0, 0, 0)\" class=\"has-inline-color has-secondary-color\">Tierschutz beider Basel<\/mark><\/p>\n<\/div>\n\n\n\n<div class=\"wp-block-group is-style-shadow-box has-background-background-color has-background is-layout-constrained wp-block-group-is-layout-constrained\">\n<h3 class=\"wp-block-heading\" id=\"h-stefan-werner\"><strong>Stefan Werner<\/strong><\/h3>\n\n\n\n<p><mark style=\"background-color:rgba(0, 0, 0, 0)\" class=\"has-inline-color has-secondary-color\">TSV Zug<\/mark><\/p>\n<\/div>\n<\/div>\n<\/div>\n<\/div>\n","protected":false},"excerpt":{"rendered":"<p>Presidenza Membri Comitato direttivo Il Comitato direttivo, che opera a titolo di volontariato, \u00e8 diviso in settori. Si riunisce pi\u00f9 [&hellip;]<\/p>\n","protected":false},"author":5,"featured_media":0,"parent":5512,"menu_order":235,"comment_status":"closed","ping_status":"closed","template":"","meta":{"_acf_changed":false,"inline_featured_image":false,"_vp_format_video_url":"","_vp_image_focal_point":[],"footnotes":""},"class_list":["post-5520","page","type-page","status-publish","hentry"],"acf":[],"yoast_head":"<!-- This site is optimized with the Yoast SEO Premium plugin v27.4 (Yoast SEO v27.4) - https:\/\/yoast.com\/product\/yoast-seo-premium-wordpress\/ -->\n<title>Comitato direttivo - Protezione Svizzera degli Animali PSA<\/title>\n<meta name=\"robots\" content=\"index, follow, max-snippet:-1, max-image-preview:large, max-video-preview:-1\" \/>\n<link rel=\"canonical\" href=\"https:\/\/mail.schweizer-tierschutz-sts.ch\/it\/chi-siamo\/associazione\/comitato-direttivo\/\" \/>\n<meta property=\"og:locale\" content=\"it_IT\" \/>\n<meta property=\"og:type\" content=\"article\" \/>\n<meta property=\"og:title\" content=\"Comitato direttivo\" \/>\n<meta property=\"og:description\" content=\"Presidenza Membri Comitato direttivo Il Comitato direttivo, che opera a titolo di volontariato, \u00e8 diviso in settori. Si riunisce pi\u00f9 [&hellip;]\" \/>\n<meta property=\"og:url\" content=\"https:\/\/mail.schweizer-tierschutz-sts.ch\/it\/chi-siamo\/associazione\/comitato-direttivo\/\" \/>\n<meta property=\"og:site_name\" content=\"Protezione Svizzera degli Animali PSA\" \/>\n<meta property=\"article:publisher\" content=\"https:\/\/www.facebook.com\/schweizertierschutz\/\" \/>\n<meta property=\"article:modified_time\" content=\"2026-02-27T10:27:41+00:00\" \/>\n<meta property=\"og:image\" content=\"https:\/\/tierschutz.com\/app\/uploads\/2023\/11\/schweizer-tierschutz-sts-zentralvorstand.jpg\" \/>\n<meta name=\"twitter:card\" content=\"summary_large_image\" \/>\n<meta name=\"twitter:label1\" content=\"Tempo di lettura stimato\" \/>\n\t<meta name=\"twitter:data1\" content=\"2 minuti\" \/>\n<script type=\"application\/ld+json\" class=\"yoast-schema-graph\">{\"@context\":\"https:\\\/\\\/schema.org\",\"@graph\":[{\"@type\":\"WebPage\",\"@id\":\"https:\\\/\\\/mail.schweizer-tierschutz-sts.ch\\\/it\\\/chi-siamo\\\/associazione\\\/comitato-direttivo\\\/\",\"url\":\"https:\\\/\\\/mail.schweizer-tierschutz-sts.ch\\\/it\\\/chi-siamo\\\/associazione\\\/comitato-direttivo\\\/\",\"name\":\"Comitato direttivo - Protezione Svizzera degli Animali PSA\",\"isPartOf\":{\"@id\":\"https:\\\/\\\/tierschutz.com\\\/fr\\\/#website\"},\"primaryImageOfPage\":{\"@id\":\"https:\\\/\\\/mail.schweizer-tierschutz-sts.ch\\\/it\\\/chi-siamo\\\/associazione\\\/comitato-direttivo\\\/#primaryimage\"},\"image\":{\"@id\":\"https:\\\/\\\/mail.schweizer-tierschutz-sts.ch\\\/it\\\/chi-siamo\\\/associazione\\\/comitato-direttivo\\\/#primaryimage\"},\"thumbnailUrl\":\"https:\\\/\\\/tierschutz.com\\\/app\\\/uploads\\\/2023\\\/11\\\/schweizer-tierschutz-sts-zentralvorstand.jpg\",\"datePublished\":\"2023-05-04T13:30:08+00:00\",\"dateModified\":\"2026-02-27T10:27:41+00:00\",\"breadcrumb\":{\"@id\":\"https:\\\/\\\/mail.schweizer-tierschutz-sts.ch\\\/it\\\/chi-siamo\\\/associazione\\\/comitato-direttivo\\\/#breadcrumb\"},\"inLanguage\":\"it-IT\",\"potentialAction\":[{\"@type\":\"ReadAction\",\"target\":[\"https:\\\/\\\/mail.schweizer-tierschutz-sts.ch\\\/it\\\/chi-siamo\\\/associazione\\\/comitato-direttivo\\\/\"]}]},{\"@type\":\"ImageObject\",\"inLanguage\":\"it-IT\",\"@id\":\"https:\\\/\\\/mail.schweizer-tierschutz-sts.ch\\\/it\\\/chi-siamo\\\/associazione\\\/comitato-direttivo\\\/#primaryimage\",\"url\":\"https:\\\/\\\/tierschutz.com\\\/app\\\/uploads\\\/2023\\\/11\\\/schweizer-tierschutz-sts-zentralvorstand.jpg\",\"contentUrl\":\"https:\\\/\\\/tierschutz.com\\\/app\\\/uploads\\\/2023\\\/11\\\/schweizer-tierschutz-sts-zentralvorstand.jpg\"},{\"@type\":\"BreadcrumbList\",\"@id\":\"https:\\\/\\\/mail.schweizer-tierschutz-sts.ch\\\/it\\\/chi-siamo\\\/associazione\\\/comitato-direttivo\\\/#breadcrumb\",\"itemListElement\":[{\"@type\":\"ListItem\",\"position\":1,\"name\":\"Pagina iniziale\",\"item\":\"https:\\\/\\\/mail.schweizertierschutz.ch\\\/it\\\/\"},{\"@type\":\"ListItem\",\"position\":2,\"name\":\"Chi siamo\",\"item\":\"https:\\\/\\\/mail.protezione-animali-psa.ch\\\/it\\\/chi-siamo\\\/\"},{\"@type\":\"ListItem\",\"position\":3,\"name\":\"Associazione\",\"item\":\"https:\\\/\\\/mail.protection-animaux-psa.ch\\\/it\\\/chi-siamo\\\/associazione\\\/\"},{\"@type\":\"ListItem\",\"position\":4,\"name\":\"Comitato direttivo\"}]},{\"@type\":\"WebSite\",\"@id\":\"https:\\\/\\\/tierschutz.com\\\/fr\\\/#website\",\"url\":\"https:\\\/\\\/tierschutz.com\\\/fr\\\/\",\"name\":\"tierschutz.com\",\"description\":\"Wir setzen uns f\u00fcr das Wohl der Tiere ein.\",\"publisher\":{\"@id\":\"https:\\\/\\\/tierschutz.com\\\/fr\\\/#organization\"},\"alternateName\":\"Schweizer Tierschutz STS\",\"potentialAction\":[{\"@type\":\"SearchAction\",\"target\":{\"@type\":\"EntryPoint\",\"urlTemplate\":\"https:\\\/\\\/tierschutz.com\\\/fr\\\/?s={search_term_string}\"},\"query-input\":{\"@type\":\"PropertyValueSpecification\",\"valueRequired\":true,\"valueName\":\"search_term_string\"}}],\"inLanguage\":\"it-IT\"},{\"@type\":\"Organization\",\"@id\":\"https:\\\/\\\/tierschutz.com\\\/fr\\\/#organization\",\"name\":\"Schweizer Tierschutz STS\",\"alternateName\":\"STS\",\"url\":\"https:\\\/\\\/tierschutz.com\\\/fr\\\/\",\"logo\":{\"@type\":\"ImageObject\",\"inLanguage\":\"it-IT\",\"@id\":\"https:\\\/\\\/tierschutz.com\\\/fr\\\/#\\\/schema\\\/logo\\\/image\\\/\",\"url\":\"https:\\\/\\\/mail.schweizer-tierschutz-sts.ch\\\/app\\\/uploads\\\/2024\\\/04\\\/logo-schweizer-tierschutz-sts-1.svg\",\"contentUrl\":\"https:\\\/\\\/mail.schweizer-tierschutz-sts.ch\\\/app\\\/uploads\\\/2024\\\/04\\\/logo-schweizer-tierschutz-sts-1.svg\",\"caption\":\"Schweizer Tierschutz STS\"},\"image\":{\"@id\":\"https:\\\/\\\/tierschutz.com\\\/fr\\\/#\\\/schema\\\/logo\\\/image\\\/\"},\"sameAs\":[\"https:\\\/\\\/www.facebook.com\\\/schweizertierschutz\\\/\",\"https:\\\/\\\/www.instagram.com\\\/schweizertierschutzsts\\\/\",\"https:\\\/\\\/www.youtube.com\\\/@STS_Tierschutz\",\"https:\\\/\\\/www.linkedin.com\\\/company\\\/schweizertierschutzsts\\\/\"],\"description\":\"Der Schweizer Tierschutz STS ist der Dachverband von 71 Tierschutzorganisationen in allen Sprachregionen der Schweiz und in Liechtenstein. Seine Mitarbeitenden leisten wissenschaftlich fundierte Grundlagenarbeit, setzen sich mit Projekten und Aktionen f\u00fcr den Schutz und das Wohlbefinden von Heim-, Wild-, Nutz- und Versuchstieren ein und sensibilisieren die \u00d6ffentlichkeit f\u00fcr Tierschutzthemen.\",\"email\":\"sts@tierschutz.com\",\"telephone\":\"061 365 99 99\",\"legalName\":\"Schweizer Tierschutz STS\"}]}<\/script>\n<!-- \/ Yoast SEO Premium plugin. -->","yoast_head_json":{"title":"Comitato direttivo - Protezione Svizzera degli Animali PSA","robots":{"index":"index","follow":"follow","max-snippet":"max-snippet:-1","max-image-preview":"max-image-preview:large","max-video-preview":"max-video-preview:-1"},"canonical":"https:\/\/mail.schweizer-tierschutz-sts.ch\/it\/chi-siamo\/associazione\/comitato-direttivo\/","og_locale":"it_IT","og_type":"article","og_title":"Comitato direttivo","og_description":"Presidenza Membri Comitato direttivo Il Comitato direttivo, che opera a titolo di volontariato, \u00e8 diviso in settori. Si riunisce pi\u00f9 [&hellip;]","og_url":"https:\/\/mail.schweizer-tierschutz-sts.ch\/it\/chi-siamo\/associazione\/comitato-direttivo\/","og_site_name":"Protezione Svizzera degli Animali PSA","article_publisher":"https:\/\/www.facebook.com\/schweizertierschutz\/","article_modified_time":"2026-02-27T10:27:41+00:00","og_image":[{"url":"https:\/\/tierschutz.com\/app\/uploads\/2023\/11\/schweizer-tierschutz-sts-zentralvorstand.jpg","type":"","width":"","height":""}],"twitter_card":"summary_large_image","twitter_misc":{"Tempo di lettura stimato":"2 minuti"},"schema":{"@context":"https:\/\/schema.org","@graph":[{"@type":"WebPage","@id":"https:\/\/mail.schweizer-tierschutz-sts.ch\/it\/chi-siamo\/associazione\/comitato-direttivo\/","url":"https:\/\/mail.schweizer-tierschutz-sts.ch\/it\/chi-siamo\/associazione\/comitato-direttivo\/","name":"Comitato direttivo - Protezione Svizzera degli Animali PSA","isPartOf":{"@id":"https:\/\/tierschutz.com\/fr\/#website"},"primaryImageOfPage":{"@id":"https:\/\/mail.schweizer-tierschutz-sts.ch\/it\/chi-siamo\/associazione\/comitato-direttivo\/#primaryimage"},"image":{"@id":"https:\/\/mail.schweizer-tierschutz-sts.ch\/it\/chi-siamo\/associazione\/comitato-direttivo\/#primaryimage"},"thumbnailUrl":"https:\/\/tierschutz.com\/app\/uploads\/2023\/11\/schweizer-tierschutz-sts-zentralvorstand.jpg","datePublished":"2023-05-04T13:30:08+00:00","dateModified":"2026-02-27T10:27:41+00:00","breadcrumb":{"@id":"https:\/\/mail.schweizer-tierschutz-sts.ch\/it\/chi-siamo\/associazione\/comitato-direttivo\/#breadcrumb"},"inLanguage":"it-IT","potentialAction":[{"@type":"ReadAction","target":["https:\/\/mail.schweizer-tierschutz-sts.ch\/it\/chi-siamo\/associazione\/comitato-direttivo\/"]}]},{"@type":"ImageObject","inLanguage":"it-IT","@id":"https:\/\/mail.schweizer-tierschutz-sts.ch\/it\/chi-siamo\/associazione\/comitato-direttivo\/#primaryimage","url":"https:\/\/tierschutz.com\/app\/uploads\/2023\/11\/schweizer-tierschutz-sts-zentralvorstand.jpg","contentUrl":"https:\/\/tierschutz.com\/app\/uploads\/2023\/11\/schweizer-tierschutz-sts-zentralvorstand.jpg"},{"@type":"BreadcrumbList","@id":"https:\/\/mail.schweizer-tierschutz-sts.ch\/it\/chi-siamo\/associazione\/comitato-direttivo\/#breadcrumb","itemListElement":[{"@type":"ListItem","position":1,"name":"Pagina iniziale","item":"https:\/\/mail.schweizertierschutz.ch\/it\/"},{"@type":"ListItem","position":2,"name":"Chi siamo","item":"https:\/\/mail.protezione-animali-psa.ch\/it\/chi-siamo\/"},{"@type":"ListItem","position":3,"name":"Associazione","item":"https:\/\/mail.protection-animaux-psa.ch\/it\/chi-siamo\/associazione\/"},{"@type":"ListItem","position":4,"name":"Comitato direttivo"}]},{"@type":"WebSite","@id":"https:\/\/tierschutz.com\/fr\/#website","url":"https:\/\/tierschutz.com\/fr\/","name":"tierschutz.com","description":"Wir setzen uns f\u00fcr das Wohl der Tiere ein.","publisher":{"@id":"https:\/\/tierschutz.com\/fr\/#organization"},"alternateName":"Schweizer Tierschutz STS","potentialAction":[{"@type":"SearchAction","target":{"@type":"EntryPoint","urlTemplate":"https:\/\/tierschutz.com\/fr\/?s={search_term_string}"},"query-input":{"@type":"PropertyValueSpecification","valueRequired":true,"valueName":"search_term_string"}}],"inLanguage":"it-IT"},{"@type":"Organization","@id":"https:\/\/tierschutz.com\/fr\/#organization","name":"Schweizer Tierschutz STS","alternateName":"STS","url":"https:\/\/tierschutz.com\/fr\/","logo":{"@type":"ImageObject","inLanguage":"it-IT","@id":"https:\/\/tierschutz.com\/fr\/#\/schema\/logo\/image\/","url":"https:\/\/mail.schweizer-tierschutz-sts.ch\/app\/uploads\/2024\/04\/logo-schweizer-tierschutz-sts-1.svg","contentUrl":"https:\/\/mail.schweizer-tierschutz-sts.ch\/app\/uploads\/2024\/04\/logo-schweizer-tierschutz-sts-1.svg","caption":"Schweizer Tierschutz STS"},"image":{"@id":"https:\/\/tierschutz.com\/fr\/#\/schema\/logo\/image\/"},"sameAs":["https:\/\/www.facebook.com\/schweizertierschutz\/","https:\/\/www.instagram.com\/schweizertierschutzsts\/","https:\/\/www.youtube.com\/@STS_Tierschutz","https:\/\/www.linkedin.com\/company\/schweizertierschutzsts\/"],"description":"Der Schweizer Tierschutz STS ist der Dachverband von 71 Tierschutzorganisationen in allen Sprachregionen der Schweiz und in Liechtenstein. Seine Mitarbeitenden leisten wissenschaftlich fundierte Grundlagenarbeit, setzen sich mit Projekten und Aktionen f\u00fcr den Schutz und das Wohlbefinden von Heim-, Wild-, Nutz- und Versuchstieren ein und sensibilisieren die \u00d6ffentlichkeit f\u00fcr Tierschutzthemen.","email":"sts@tierschutz.com","telephone":"061 365 99 99","legalName":"Schweizer Tierschutz STS"}]}},"_links":{"self":[{"href":"https:\/\/mail.schweizer-tierschutz-sts.ch\/it\/wp-json\/wp\/v2\/pages\/5520","targetHints":{"allow":["GET"]}}],"collection":[{"href":"https:\/\/mail.schweizer-tierschutz-sts.ch\/it\/wp-json\/wp\/v2\/pages"}],"about":[{"href":"https:\/\/mail.schweizer-tierschutz-sts.ch\/it\/wp-json\/wp\/v2\/types\/page"}],"author":[{"embeddable":true,"href":"https:\/\/mail.schweizer-tierschutz-sts.ch\/it\/wp-json\/wp\/v2\/users\/5"}],"replies":[{"embeddable":true,"href":"https:\/\/mail.schweizer-tierschutz-sts.ch\/it\/wp-json\/wp\/v2\/comments?post=5520"}],"version-history":[{"count":26,"href":"https:\/\/mail.schweizer-tierschutz-sts.ch\/it\/wp-json\/wp\/v2\/pages\/5520\/revisions"}],"predecessor-version":[{"id":36598,"href":"https:\/\/mail.schweizer-tierschutz-sts.ch\/it\/wp-json\/wp\/v2\/pages\/5520\/revisions\/36598"}],"up":[{"embeddable":true,"href":"https:\/\/mail.schweizer-tierschutz-sts.ch\/it\/wp-json\/wp\/v2\/pages\/5512"}],"wp:attachment":[{"href":"https:\/\/mail.schweizer-tierschutz-sts.ch\/it\/wp-json\/wp\/v2\/media?parent=5520"}],"curies":[{"name":"wp","href":"https:\/\/api.w.org\/{rel}","templated":true}]}}