{"id":5098,"date":"2023-05-04T15:12:53","date_gmt":"2023-05-04T13:12:53","guid":{"rendered":"https:\/\/dev.tierschutz.com\/?page_id=5098"},"modified":"2024-05-10T15:08:26","modified_gmt":"2024-05-10T13:08:26","slug":"segnalazione-di-incidenti-con-animali-selvatici","status":"publish","type":"page","link":"https:\/\/mail.schweizer-tierschutz-sts.ch\/it\/protezione-degli-animali\/emergenze-per-gli-animali\/segnalazione-di-incidenti-con-animali-selvatici\/","title":{"rendered":"Segnalazione di incidenti con animali selvatici"},"content":{"rendered":"\n<div class=\"wp-block-cover alignfull is-light\"><span aria-hidden=\"true\" class=\"wp-block-cover__background has-background-dim-20 has-background-dim\"><\/span><img loading=\"lazy\" decoding=\"async\" width=\"1688\" height=\"1126\" class=\"wp-block-cover__image-background wp-image-995\" alt=\"\" src=\"https:\/\/tierschutz.com\/app\/uploads\/2023\/05\/sts-wildunfall-melden.png\" data-object-fit=\"cover\" srcset=\"https:\/\/mail.schweizer-tierschutz-sts.ch\/app\/uploads\/2023\/05\/sts-wildunfall-melden.png 1688w, https:\/\/mail.schweizer-tierschutz-sts.ch\/app\/uploads\/2023\/05\/sts-wildunfall-melden-300x200.png 300w, https:\/\/mail.schweizer-tierschutz-sts.ch\/app\/uploads\/2023\/05\/sts-wildunfall-melden-1024x683.png 1024w, https:\/\/mail.schweizer-tierschutz-sts.ch\/app\/uploads\/2023\/05\/sts-wildunfall-melden-768x512.png 768w, https:\/\/mail.schweizer-tierschutz-sts.ch\/app\/uploads\/2023\/05\/sts-wildunfall-melden-1536x1025.png 1536w\" sizes=\"auto, (max-width: 1688px) 100vw, 1688px\" \/><div class=\"wp-block-cover__inner-container is-layout-flow wp-block-cover-is-layout-flow\">\n<h2 class=\"wp-block-heading has-text-align-center has-background-color has-text-color\"><strong>Segnalazione di incidenti con animali selvatici<\/strong><\/h2>\n<\/div><\/div>\n\n\n\n<div class=\"wp-block-group alignfull anchor-bar has-lightgray-background-color has-background is-layout-constrained wp-block-group-is-layout-constrained\">\n<div class=\"wp-block-group is-content-justification-space-between is-layout-flex wp-container-core-group-is-layout-9366075c wp-block-group-is-layout-flex\">\n<p class=\"has-large-font-size\"><a data-type=\"internal\" data-id=\"#verhalten\" href=\"#verhalten\"><strong>Comportamento corretto<\/strong><\/a><\/p>\n\n\n\n<p class=\"has-large-font-size\"><strong><a data-type=\"internal\" data-id=\"#vermeiden\" href=\"#vermeiden\"><strong><strong>evitare un incidente con animali selvatici<\/strong><\/strong><\/a><\/strong><\/p>\n\n\n\n<p class=\"has-large-font-size\"><a data-type=\"internal\" data-id=\"#downloads\" href=\"#downloads\"><strong>Scaricamento<\/strong><\/a><\/p>\n<\/div>\n<\/div>\n\n\n\n<div class=\"wp-block-group alignfull has-background-background-color has-background is-layout-constrained wp-block-group-is-layout-constrained\"><div class=\"yoast-breadcrumbs\"><span><span><a href=\"https:\/\/mail.swiss-animal-protection.ch\/it\/\">Pagina iniziale<\/a><\/span> \u00bb <span><a href=\"https:\/\/sts-psa.ch\/it\/protezione-degli-animali\/\">Protezione degli animali<\/a><\/span> \u00bb <span><a href=\"https:\/\/mail.swiss-animal-protection.ch\/it\/protezione-degli-animali\/emergenze-per-gli-animali\/\">Emergenze per gli animali<\/a><\/span> \u00bb <span class=\"breadcrumb_last\" aria-current=\"page\">Segnalazione di incidenti con animali selvatici<\/span><\/span><\/div>\n\n\n<h1 class=\"wp-block-heading has-text-align-center\"><strong>Incidente con animali selvatici \u2013 cosa fare?<\/strong><\/h1>\n\n\n\n<hr class=\"wp-block-separator has-text-color has-primary-color has-alpha-channel-opacity has-primary-background-color has-background\"\/>\n\n\n\n<p class=\"has-text-align-center\">Pu\u00f2 accadere in una frazione di secondo: un animale selvatico sbuca fuori dal nulla sulla strada, si riesce appena a premere il freno, ma l\u2019auto si ferma troppo tardi. Ogni collisione pu\u00f2 causare gravi lesioni all\u2019animale coinvolto e anche agli occupanti dell\u2019auto. La Protezione Svizzera degli animali PSA illustra come procedere correttamente in caso di incidente con animali selvatici e come poterlo evitare.<\/p>\n<\/div>\n\n\n\n<div class=\"wp-block-media-text is-stacked-on-mobile is-image-fill is-style-shadow has-background-background-color has-background\" id=\"verhalten\"><figure class=\"wp-block-media-text__media\" style=\"background-image:url(https:\/\/tierschutz.com\/app\/uploads\/2023\/05\/sts-wildunfall-vermeiden-1024x683.jpg);background-position:50% 50%\"><img loading=\"lazy\" decoding=\"async\" width=\"1024\" height=\"683\" src=\"https:\/\/tierschutz.com\/app\/uploads\/2023\/05\/sts-wildunfall-vermeiden-1024x683.jpg\" alt=\"Ein junges Hirsch mit zwei H\u00f6rnern auf einer Wiese vor einem verschwommenen Hintergrund\" class=\"wp-image-1005 size-full\" srcset=\"https:\/\/mail.schweizer-tierschutz-sts.ch\/app\/uploads\/2023\/05\/sts-wildunfall-vermeiden-1024x683.jpg 1024w, https:\/\/mail.schweizer-tierschutz-sts.ch\/app\/uploads\/2023\/05\/sts-wildunfall-vermeiden-300x200.jpg 300w, https:\/\/mail.schweizer-tierschutz-sts.ch\/app\/uploads\/2023\/05\/sts-wildunfall-vermeiden-768x512.jpg 768w, https:\/\/mail.schweizer-tierschutz-sts.ch\/app\/uploads\/2023\/05\/sts-wildunfall-vermeiden-1536x1024.jpg 1536w, https:\/\/mail.schweizer-tierschutz-sts.ch\/app\/uploads\/2023\/05\/sts-wildunfall-vermeiden.jpg 1920w\" sizes=\"auto, (max-width: 1024px) 100vw, 1024px\" \/><\/figure><div class=\"wp-block-media-text__content\">\n<h3 class=\"wp-block-heading\"><strong><strong>Ecco come comportarsi correttamente in caso di incidente con animali selvatici<\/strong><\/strong><\/h3>\n\n\n\n<ul class=\"wp-block-list\">\n<li class=\"is-style-check\">Fermarsi immediatamente in un luogo sicuro e accendere le luci di emergenza.<\/li>\n\n\n\n<li class=\"is-style-check\">Proteggere il luogo dell\u2019incidente con un triangolo segnaletico \u2013 indossare il gilet segnaletico (anche di giorno!).<\/li>\n\n\n\n<li class=\"is-style-check\">Chiamare la polizia (numero di emergenza 117) e segnalare l\u2019incidente con animali selvatici. La mancata segnalazione e l\u2019allontanamento dal luogo dell\u2019incidente \u00e8 passibile di pena.<\/li>\n\n\n\n<li class=\"is-style-check\">Attendere la polizia, il cacciatore o il guardiacaccia in un posto sicuro nei pressi del luogo dell\u2019incidente. Non avvicinarsi in nessun caso all\u2019animale selvatico investito, che soffre a causa dello stress e del dolore. Questa condizione \u00e8 aggravata dalla vicinanza degli esseri umani, tali animali possono anche graffiare o addirittura mordere per paura.<\/li>\n\n\n\n<li class=\"is-style-check\">I danni materiali al veicolo vengono risarciti se \u00e8 stata stipulata un\u2019assicurazione casco totale o parziale e se l\u2019incidente \u00e8 stato segnalato immediatamente alla polizia e verbalizzato.<\/li>\n<\/ul>\n<\/div><\/div>\n\n\n\n<div class=\"wp-block-media-text has-media-on-the-right is-stacked-on-mobile is-image-fill is-style-shadow has-background-background-color has-background\" id=\"vermeiden\"><div class=\"wp-block-media-text__content\">\n<h3 class=\"wp-block-heading\"><strong><strong>Ecco come evitare un incidente con animali selvatici<\/strong><\/strong><\/h3>\n\n\n\n<ul class=\"wp-block-list\">\n<li class=\"is-style-check\">Riduca la velocit\u00e0 quando guida, soprattutto quando inizia a fare buio al tramonto e in caso di scarsa visibilit\u00e0 lungo campi, siepi, boschi e nelle zone residenziali.<\/li>\n\n\n\n<li class=\"is-style-check\">In caso di indicazioni o segnali di avvertimento specifici \u00e8 obbligatorio prestare maggiore attenzione e prontezza alla frenata d\u2019emergenza.<\/li>\n\n\n\n<li class=\"is-style-check\">Se intravede un animale nel campo visivo, rallenti e passi ai fari anabbaglianti. Se vede un animale sul ciglio della strada, per precauzione, si fermi completamente (attivi le luci di emergenza, eventualmente suoni il clacson) finch\u00e9 l\u2019animale non si allontana o ha attraversato la strada in sicurezza. I fari delle auto possono abbagliare e spaventare glianimali selvatici, inducendoli a reagire in modo imprevedibile. Segnali anche ai veicoli in arrivo di rallentare.<\/li>\n<\/ul>\n<\/div><figure class=\"wp-block-media-text__media\" style=\"background-image:url(https:\/\/tierschutz.com\/app\/uploads\/2023\/05\/sts-verhalten-wildunfall-1024x682.jpg);background-position:48% 72%\"><img loading=\"lazy\" decoding=\"async\" width=\"1024\" height=\"682\" src=\"https:\/\/tierschutz.com\/app\/uploads\/2023\/05\/sts-verhalten-wildunfall-1024x682.jpg\" alt=\"Ein Igel auf einem Stein der mit Moos bedeckt ist und im Hintergrund ist verschwommen Gras zu sehen \" class=\"wp-image-1000 size-full\" srcset=\"https:\/\/mail.schweizer-tierschutz-sts.ch\/app\/uploads\/2023\/05\/sts-verhalten-wildunfall-1024x682.jpg 1024w, https:\/\/mail.schweizer-tierschutz-sts.ch\/app\/uploads\/2023\/05\/sts-verhalten-wildunfall-300x200.jpg 300w, https:\/\/mail.schweizer-tierschutz-sts.ch\/app\/uploads\/2023\/05\/sts-verhalten-wildunfall-768x512.jpg 768w, https:\/\/mail.schweizer-tierschutz-sts.ch\/app\/uploads\/2023\/05\/sts-verhalten-wildunfall-1536x1024.jpg 1536w, https:\/\/mail.schweizer-tierschutz-sts.ch\/app\/uploads\/2023\/05\/sts-verhalten-wildunfall-2048x1365.jpg 2048w\" sizes=\"auto, (max-width: 1024px) 100vw, 1024px\" \/><\/figure><\/div>\n\n\n\n<div id=\"downloads\" class=\"wp-block-group has-background-background-color has-background is-layout-constrained wp-block-group-is-layout-constrained\">\n<h2 class=\"wp-block-heading has-text-align-center\"><strong>Ulteriori informazioni sono disponibili qui<\/strong><\/h2>\n\n\n\n<hr class=\"wp-block-separator has-text-color has-primary-color has-alpha-channel-opacity has-primary-background-color has-background\"\/>\n\n\n\n<div class=\"wp-block-group is-layout-flex wp-block-group-is-layout-flex\"><div class=\"wp-block-file-wrapper is-pdf\" data-filetype=\"PDF\" data-size=\"617 KB\">\n<div class=\"wp-block-file\"><a id=\"wp-block-file--media-aeeb682b-2cc5-4e06-999a-d011aedfd58b\" href=\"https:\/\/tierschutz.com\/app\/uploads\/2023\/06\/mb_incidenti_stradali.pdf\">Incidenti stradali con animali<\/a><a href=\"https:\/\/tierschutz.com\/app\/uploads\/2023\/06\/mb_incidenti_stradali.pdf\" class=\"wp-block-file__button wp-element-button\" download aria-describedby=\"wp-block-file--media-aeeb682b-2cc5-4e06-999a-d011aedfd58b\">Scaricare<\/a><\/div>\n<\/div><\/div>\n<\/div>\n","protected":false},"excerpt":{"rendered":"<p>Comportamento corretto evitare un incidente con animali selvatici Scaricamento Incidente con animali selvatici \u2013 cosa fare? Pu\u00f2 accadere in una [&hellip;]<\/p>\n","protected":false},"author":5,"featured_media":0,"parent":7047,"menu_order":340,"comment_status":"closed","ping_status":"closed","template":"","meta":{"_acf_changed":false,"inline_featured_image":false,"_vp_format_video_url":"","_vp_image_focal_point":[],"footnotes":""},"class_list":["post-5098","page","type-page","status-publish","hentry"],"acf":[],"yoast_head":"<!-- This site is optimized with the Yoast SEO Premium plugin v27.4 (Yoast SEO v27.4) - https:\/\/yoast.com\/product\/yoast-seo-premium-wordpress\/ -->\n<title>Segnalazione di incidenti con animali selvatici - Protezione Svizzera degli Animali PSA<\/title>\n<meta name=\"robots\" content=\"index, follow, max-snippet:-1, max-image-preview:large, max-video-preview:-1\" \/>\n<link rel=\"canonical\" href=\"https:\/\/mail.schweizer-tierschutz-sts.ch\/it\/protezione-degli-animali\/emergenze-per-gli-animali\/segnalazione-di-incidenti-con-animali-selvatici\/\" \/>\n<meta property=\"og:locale\" content=\"it_IT\" \/>\n<meta property=\"og:type\" content=\"article\" \/>\n<meta property=\"og:title\" content=\"Segnalazione di incidenti con animali selvatici\" \/>\n<meta property=\"og:description\" content=\"Comportamento corretto evitare un incidente con animali selvatici Scaricamento Incidente con animali selvatici \u2013 cosa fare? Pu\u00f2 accadere in una [&hellip;]\" \/>\n<meta property=\"og:url\" content=\"https:\/\/mail.schweizer-tierschutz-sts.ch\/it\/protezione-degli-animali\/emergenze-per-gli-animali\/segnalazione-di-incidenti-con-animali-selvatici\/\" \/>\n<meta property=\"og:site_name\" content=\"Protezione Svizzera degli Animali PSA\" \/>\n<meta property=\"article:publisher\" content=\"https:\/\/www.facebook.com\/schweizertierschutz\/\" \/>\n<meta property=\"article:modified_time\" content=\"2024-05-10T13:08:26+00:00\" \/>\n<meta property=\"og:image\" content=\"https:\/\/tierschutz.com\/app\/uploads\/2023\/05\/sts-wildunfall-melden.png\" \/>\n<meta name=\"twitter:card\" content=\"summary_large_image\" \/>\n<meta name=\"twitter:label1\" content=\"Tempo di lettura stimato\" \/>\n\t<meta name=\"twitter:data1\" content=\"3 minuti\" \/>\n<script type=\"application\/ld+json\" class=\"yoast-schema-graph\">{\"@context\":\"https:\\\/\\\/schema.org\",\"@graph\":[{\"@type\":\"WebPage\",\"@id\":\"https:\\\/\\\/mail.schweizer-tierschutz-sts.ch\\\/it\\\/protezione-degli-animali\\\/emergenze-per-gli-animali\\\/segnalazione-di-incidenti-con-animali-selvatici\\\/\",\"url\":\"https:\\\/\\\/mail.schweizer-tierschutz-sts.ch\\\/it\\\/protezione-degli-animali\\\/emergenze-per-gli-animali\\\/segnalazione-di-incidenti-con-animali-selvatici\\\/\",\"name\":\"Segnalazione di incidenti con animali selvatici - Protezione Svizzera degli Animali PSA\",\"isPartOf\":{\"@id\":\"https:\\\/\\\/sts-psa.ch\\\/fr\\\/#website\"},\"primaryImageOfPage\":{\"@id\":\"https:\\\/\\\/mail.schweizer-tierschutz-sts.ch\\\/it\\\/protezione-degli-animali\\\/emergenze-per-gli-animali\\\/segnalazione-di-incidenti-con-animali-selvatici\\\/#primaryimage\"},\"image\":{\"@id\":\"https:\\\/\\\/mail.schweizer-tierschutz-sts.ch\\\/it\\\/protezione-degli-animali\\\/emergenze-per-gli-animali\\\/segnalazione-di-incidenti-con-animali-selvatici\\\/#primaryimage\"},\"thumbnailUrl\":\"https:\\\/\\\/tierschutz.com\\\/app\\\/uploads\\\/2023\\\/05\\\/sts-wildunfall-melden.png\",\"datePublished\":\"2023-05-04T13:12:53+00:00\",\"dateModified\":\"2024-05-10T13:08:26+00:00\",\"breadcrumb\":{\"@id\":\"https:\\\/\\\/mail.schweizer-tierschutz-sts.ch\\\/it\\\/protezione-degli-animali\\\/emergenze-per-gli-animali\\\/segnalazione-di-incidenti-con-animali-selvatici\\\/#breadcrumb\"},\"inLanguage\":\"it-IT\",\"potentialAction\":[{\"@type\":\"ReadAction\",\"target\":[\"https:\\\/\\\/mail.schweizer-tierschutz-sts.ch\\\/it\\\/protezione-degli-animali\\\/emergenze-per-gli-animali\\\/segnalazione-di-incidenti-con-animali-selvatici\\\/\"]}]},{\"@type\":\"ImageObject\",\"inLanguage\":\"it-IT\",\"@id\":\"https:\\\/\\\/mail.schweizer-tierschutz-sts.ch\\\/it\\\/protezione-degli-animali\\\/emergenze-per-gli-animali\\\/segnalazione-di-incidenti-con-animali-selvatici\\\/#primaryimage\",\"url\":\"https:\\\/\\\/tierschutz.com\\\/app\\\/uploads\\\/2023\\\/05\\\/sts-wildunfall-melden.png\",\"contentUrl\":\"https:\\\/\\\/tierschutz.com\\\/app\\\/uploads\\\/2023\\\/05\\\/sts-wildunfall-melden.png\"},{\"@type\":\"BreadcrumbList\",\"@id\":\"https:\\\/\\\/mail.schweizer-tierschutz-sts.ch\\\/it\\\/protezione-degli-animali\\\/emergenze-per-gli-animali\\\/segnalazione-di-incidenti-con-animali-selvatici\\\/#breadcrumb\",\"itemListElement\":[{\"@type\":\"ListItem\",\"position\":1,\"name\":\"Pagina iniziale\",\"item\":\"https:\\\/\\\/mail.swiss-animal-protection.ch\\\/it\\\/\"},{\"@type\":\"ListItem\",\"position\":2,\"name\":\"Protezione degli animali\",\"item\":\"https:\\\/\\\/sts-psa.ch\\\/it\\\/protezione-degli-animali\\\/\"},{\"@type\":\"ListItem\",\"position\":3,\"name\":\"Emergenze per gli animali\",\"item\":\"https:\\\/\\\/mail.swiss-animal-protection.ch\\\/it\\\/protezione-degli-animali\\\/emergenze-per-gli-animali\\\/\"},{\"@type\":\"ListItem\",\"position\":4,\"name\":\"Segnalazione di incidenti con animali selvatici\"}]},{\"@type\":\"WebSite\",\"@id\":\"https:\\\/\\\/sts-psa.ch\\\/fr\\\/#website\",\"url\":\"https:\\\/\\\/sts-psa.ch\\\/fr\\\/\",\"name\":\"tierschutz.com\",\"description\":\"Wir setzen uns f\u00fcr das Wohl der Tiere ein.\",\"publisher\":{\"@id\":\"https:\\\/\\\/sts-psa.ch\\\/fr\\\/#organization\"},\"alternateName\":\"Schweizer Tierschutz STS\",\"potentialAction\":[{\"@type\":\"SearchAction\",\"target\":{\"@type\":\"EntryPoint\",\"urlTemplate\":\"https:\\\/\\\/sts-psa.ch\\\/fr\\\/?s={search_term_string}\"},\"query-input\":{\"@type\":\"PropertyValueSpecification\",\"valueRequired\":true,\"valueName\":\"search_term_string\"}}],\"inLanguage\":\"it-IT\"},{\"@type\":\"Organization\",\"@id\":\"https:\\\/\\\/sts-psa.ch\\\/fr\\\/#organization\",\"name\":\"Schweizer Tierschutz STS\",\"alternateName\":\"STS\",\"url\":\"https:\\\/\\\/sts-psa.ch\\\/fr\\\/\",\"logo\":{\"@type\":\"ImageObject\",\"inLanguage\":\"it-IT\",\"@id\":\"https:\\\/\\\/sts-psa.ch\\\/fr\\\/#\\\/schema\\\/logo\\\/image\\\/\",\"url\":\"https:\\\/\\\/mail.schweizer-tierschutz-sts.ch\\\/app\\\/uploads\\\/2024\\\/04\\\/logo-schweizer-tierschutz-sts-1.svg\",\"contentUrl\":\"https:\\\/\\\/mail.schweizer-tierschutz-sts.ch\\\/app\\\/uploads\\\/2024\\\/04\\\/logo-schweizer-tierschutz-sts-1.svg\",\"caption\":\"Schweizer Tierschutz STS\"},\"image\":{\"@id\":\"https:\\\/\\\/sts-psa.ch\\\/fr\\\/#\\\/schema\\\/logo\\\/image\\\/\"},\"sameAs\":[\"https:\\\/\\\/www.facebook.com\\\/schweizertierschutz\\\/\",\"https:\\\/\\\/www.instagram.com\\\/schweizertierschutzsts\\\/\",\"https:\\\/\\\/www.youtube.com\\\/@STS_Tierschutz\",\"https:\\\/\\\/www.linkedin.com\\\/company\\\/schweizertierschutzsts\\\/\"],\"description\":\"Der Schweizer Tierschutz STS ist der Dachverband von 71 Tierschutzorganisationen in allen Sprachregionen der Schweiz und in Liechtenstein. Seine Mitarbeitenden leisten wissenschaftlich fundierte Grundlagenarbeit, setzen sich mit Projekten und Aktionen f\u00fcr den Schutz und das Wohlbefinden von Heim-, Wild-, Nutz- und Versuchstieren ein und sensibilisieren die \u00d6ffentlichkeit f\u00fcr Tierschutzthemen.\",\"email\":\"sts@tierschutz.com\",\"telephone\":\"061 365 99 99\",\"legalName\":\"Schweizer Tierschutz STS\"}]}<\/script>\n<!-- \/ Yoast SEO Premium plugin. -->","yoast_head_json":{"title":"Segnalazione di incidenti con animali selvatici - Protezione Svizzera degli Animali PSA","robots":{"index":"index","follow":"follow","max-snippet":"max-snippet:-1","max-image-preview":"max-image-preview:large","max-video-preview":"max-video-preview:-1"},"canonical":"https:\/\/mail.schweizer-tierschutz-sts.ch\/it\/protezione-degli-animali\/emergenze-per-gli-animali\/segnalazione-di-incidenti-con-animali-selvatici\/","og_locale":"it_IT","og_type":"article","og_title":"Segnalazione di incidenti con animali selvatici","og_description":"Comportamento corretto evitare un incidente con animali selvatici Scaricamento Incidente con animali selvatici \u2013 cosa fare? Pu\u00f2 accadere in una [&hellip;]","og_url":"https:\/\/mail.schweizer-tierschutz-sts.ch\/it\/protezione-degli-animali\/emergenze-per-gli-animali\/segnalazione-di-incidenti-con-animali-selvatici\/","og_site_name":"Protezione Svizzera degli Animali PSA","article_publisher":"https:\/\/www.facebook.com\/schweizertierschutz\/","article_modified_time":"2024-05-10T13:08:26+00:00","og_image":[{"url":"https:\/\/tierschutz.com\/app\/uploads\/2023\/05\/sts-wildunfall-melden.png","type":"","width":"","height":""}],"twitter_card":"summary_large_image","twitter_misc":{"Tempo di lettura stimato":"3 minuti"},"schema":{"@context":"https:\/\/schema.org","@graph":[{"@type":"WebPage","@id":"https:\/\/mail.schweizer-tierschutz-sts.ch\/it\/protezione-degli-animali\/emergenze-per-gli-animali\/segnalazione-di-incidenti-con-animali-selvatici\/","url":"https:\/\/mail.schweizer-tierschutz-sts.ch\/it\/protezione-degli-animali\/emergenze-per-gli-animali\/segnalazione-di-incidenti-con-animali-selvatici\/","name":"Segnalazione di incidenti con animali selvatici - Protezione Svizzera degli Animali PSA","isPartOf":{"@id":"https:\/\/sts-psa.ch\/fr\/#website"},"primaryImageOfPage":{"@id":"https:\/\/mail.schweizer-tierschutz-sts.ch\/it\/protezione-degli-animali\/emergenze-per-gli-animali\/segnalazione-di-incidenti-con-animali-selvatici\/#primaryimage"},"image":{"@id":"https:\/\/mail.schweizer-tierschutz-sts.ch\/it\/protezione-degli-animali\/emergenze-per-gli-animali\/segnalazione-di-incidenti-con-animali-selvatici\/#primaryimage"},"thumbnailUrl":"https:\/\/tierschutz.com\/app\/uploads\/2023\/05\/sts-wildunfall-melden.png","datePublished":"2023-05-04T13:12:53+00:00","dateModified":"2024-05-10T13:08:26+00:00","breadcrumb":{"@id":"https:\/\/mail.schweizer-tierschutz-sts.ch\/it\/protezione-degli-animali\/emergenze-per-gli-animali\/segnalazione-di-incidenti-con-animali-selvatici\/#breadcrumb"},"inLanguage":"it-IT","potentialAction":[{"@type":"ReadAction","target":["https:\/\/mail.schweizer-tierschutz-sts.ch\/it\/protezione-degli-animali\/emergenze-per-gli-animali\/segnalazione-di-incidenti-con-animali-selvatici\/"]}]},{"@type":"ImageObject","inLanguage":"it-IT","@id":"https:\/\/mail.schweizer-tierschutz-sts.ch\/it\/protezione-degli-animali\/emergenze-per-gli-animali\/segnalazione-di-incidenti-con-animali-selvatici\/#primaryimage","url":"https:\/\/tierschutz.com\/app\/uploads\/2023\/05\/sts-wildunfall-melden.png","contentUrl":"https:\/\/tierschutz.com\/app\/uploads\/2023\/05\/sts-wildunfall-melden.png"},{"@type":"BreadcrumbList","@id":"https:\/\/mail.schweizer-tierschutz-sts.ch\/it\/protezione-degli-animali\/emergenze-per-gli-animali\/segnalazione-di-incidenti-con-animali-selvatici\/#breadcrumb","itemListElement":[{"@type":"ListItem","position":1,"name":"Pagina iniziale","item":"https:\/\/mail.swiss-animal-protection.ch\/it\/"},{"@type":"ListItem","position":2,"name":"Protezione degli animali","item":"https:\/\/sts-psa.ch\/it\/protezione-degli-animali\/"},{"@type":"ListItem","position":3,"name":"Emergenze per gli animali","item":"https:\/\/mail.swiss-animal-protection.ch\/it\/protezione-degli-animali\/emergenze-per-gli-animali\/"},{"@type":"ListItem","position":4,"name":"Segnalazione di incidenti con animali selvatici"}]},{"@type":"WebSite","@id":"https:\/\/sts-psa.ch\/fr\/#website","url":"https:\/\/sts-psa.ch\/fr\/","name":"tierschutz.com","description":"Wir setzen uns f\u00fcr das Wohl der Tiere ein.","publisher":{"@id":"https:\/\/sts-psa.ch\/fr\/#organization"},"alternateName":"Schweizer Tierschutz STS","potentialAction":[{"@type":"SearchAction","target":{"@type":"EntryPoint","urlTemplate":"https:\/\/sts-psa.ch\/fr\/?s={search_term_string}"},"query-input":{"@type":"PropertyValueSpecification","valueRequired":true,"valueName":"search_term_string"}}],"inLanguage":"it-IT"},{"@type":"Organization","@id":"https:\/\/sts-psa.ch\/fr\/#organization","name":"Schweizer Tierschutz STS","alternateName":"STS","url":"https:\/\/sts-psa.ch\/fr\/","logo":{"@type":"ImageObject","inLanguage":"it-IT","@id":"https:\/\/sts-psa.ch\/fr\/#\/schema\/logo\/image\/","url":"https:\/\/mail.schweizer-tierschutz-sts.ch\/app\/uploads\/2024\/04\/logo-schweizer-tierschutz-sts-1.svg","contentUrl":"https:\/\/mail.schweizer-tierschutz-sts.ch\/app\/uploads\/2024\/04\/logo-schweizer-tierschutz-sts-1.svg","caption":"Schweizer Tierschutz STS"},"image":{"@id":"https:\/\/sts-psa.ch\/fr\/#\/schema\/logo\/image\/"},"sameAs":["https:\/\/www.facebook.com\/schweizertierschutz\/","https:\/\/www.instagram.com\/schweizertierschutzsts\/","https:\/\/www.youtube.com\/@STS_Tierschutz","https:\/\/www.linkedin.com\/company\/schweizertierschutzsts\/"],"description":"Der Schweizer Tierschutz STS ist der Dachverband von 71 Tierschutzorganisationen in allen Sprachregionen der Schweiz und in Liechtenstein. Seine Mitarbeitenden leisten wissenschaftlich fundierte Grundlagenarbeit, setzen sich mit Projekten und Aktionen f\u00fcr den Schutz und das Wohlbefinden von Heim-, Wild-, Nutz- und Versuchstieren ein und sensibilisieren die \u00d6ffentlichkeit f\u00fcr Tierschutzthemen.","email":"sts@tierschutz.com","telephone":"061 365 99 99","legalName":"Schweizer Tierschutz STS"}]}},"_links":{"self":[{"href":"https:\/\/mail.schweizer-tierschutz-sts.ch\/it\/wp-json\/wp\/v2\/pages\/5098","targetHints":{"allow":["GET"]}}],"collection":[{"href":"https:\/\/mail.schweizer-tierschutz-sts.ch\/it\/wp-json\/wp\/v2\/pages"}],"about":[{"href":"https:\/\/mail.schweizer-tierschutz-sts.ch\/it\/wp-json\/wp\/v2\/types\/page"}],"author":[{"embeddable":true,"href":"https:\/\/mail.schweizer-tierschutz-sts.ch\/it\/wp-json\/wp\/v2\/users\/5"}],"replies":[{"embeddable":true,"href":"https:\/\/mail.schweizer-tierschutz-sts.ch\/it\/wp-json\/wp\/v2\/comments?post=5098"}],"version-history":[{"count":4,"href":"https:\/\/mail.schweizer-tierschutz-sts.ch\/it\/wp-json\/wp\/v2\/pages\/5098\/revisions"}],"predecessor-version":[{"id":20477,"href":"https:\/\/mail.schweizer-tierschutz-sts.ch\/it\/wp-json\/wp\/v2\/pages\/5098\/revisions\/20477"}],"up":[{"embeddable":true,"href":"https:\/\/mail.schweizer-tierschutz-sts.ch\/it\/wp-json\/wp\/v2\/pages\/7047"}],"wp:attachment":[{"href":"https:\/\/mail.schweizer-tierschutz-sts.ch\/it\/wp-json\/wp\/v2\/media?parent=5098"}],"curies":[{"name":"wp","href":"https:\/\/api.w.org\/{rel}","templated":true}]}}