{"id":33391,"date":"2025-08-13T13:57:46","date_gmt":"2025-08-13T11:57:46","guid":{"rendered":"https:\/\/tierschutz.com\/lotta-contro-il-commercio-di-cuccioli-da-parte-di-venditori-senza-scrupoli\/"},"modified":"2025-08-25T11:27:20","modified_gmt":"2025-08-25T09:27:20","slug":"traffico-di-cuccioli","status":"publish","type":"page","link":"https:\/\/mail.schweizer-tierschutz-sts.ch\/it\/traffico-di-cuccioli\/","title":{"rendered":"Lotta contro il commercio di cuccioli da parte di venditori senza scrupoli"},"content":{"rendered":"\n<div class=\"wp-block-cover alignfull is-light\"><span aria-hidden=\"true\" class=\"wp-block-cover__background has-background-dim-20 has-background-dim\" style=\"background-color:#978581\"><\/span><img loading=\"lazy\" decoding=\"async\" width=\"1024\" height=\"683\" src=\"https:\/\/mail.schweizer-tierschutz-sts.ch\/app\/uploads\/2025\/08\/grundrauschen-hund2-1024x683.jpg\" class=\"wp-block-cover__image-background wp-post-image\" alt=\"\" data-object-fit=\"cover\" srcset=\"https:\/\/mail.schweizer-tierschutz-sts.ch\/app\/uploads\/2025\/08\/grundrauschen-hund2-1024x683.jpg 1024w, https:\/\/mail.schweizer-tierschutz-sts.ch\/app\/uploads\/2025\/08\/grundrauschen-hund2-300x200.jpg 300w, https:\/\/mail.schweizer-tierschutz-sts.ch\/app\/uploads\/2025\/08\/grundrauschen-hund2-768x512.jpg 768w, https:\/\/mail.schweizer-tierschutz-sts.ch\/app\/uploads\/2025\/08\/grundrauschen-hund2-1536x1024.jpg 1536w, https:\/\/mail.schweizer-tierschutz-sts.ch\/app\/uploads\/2025\/08\/grundrauschen-hund2-2048x1365.jpg 2048w\" sizes=\"auto, (max-width: 1024px) 100vw, 1024px\" \/><div class=\"wp-block-cover__inner-container is-layout-flow wp-block-cover-is-layout-flow\">\n<h2 class=\"wp-block-heading has-text-align-center has-background-color has-text-color\" id=\"h-lotta-contro-il-commercio-di-cuccioli-da-parte-di-venditori-senza-scrupoli\"><strong><strong>Lotta contro il commercio di cuccioli da parte di venditori senza scrupoli<\/strong><\/strong><\/h2>\n<\/div><\/div>\n\n\n\n<div class=\"wp-block-group alignfull has-background-background-color has-background is-layout-constrained wp-block-group-is-layout-constrained\">\n<h2 class=\"wp-block-heading has-text-align-center\" id=\"h-i-rischi-dell-acquisto-di-cani-su-internet\"><strong>I rischi dell\u2019acquisto di cani su internet<\/strong><\/h2>\n\n\n\n<hr class=\"wp-block-separator has-text-color has-primary-color has-alpha-channel-opacity has-primary-background-color has-background\"\/>\n\n\n\n<p class=\"has-text-align-center has-large-font-size\">Il commercio di cuccioli in Svizzera \u00e8 in piena crescita, accompagnato da un aumento della criminalit\u00e0 e della sofferenza degli animali. Gli annunci e le inserzioni inaffidabili su internet sono innumerevoli. I cani vengono offerti su piattaforme di vendita apparentemente serie e sui social media. Queste offerte rappresentano purtroppo un grosso rischio per i cuccioli.<\/p>\n\n\n\n<p class=\"has-text-align-left\">Gran parte di queste inserzioni conduce all\u2019acquisto di cani provenienti da commercianti di cuccioli senza scrupoli. Il commercio causa grande sofferenza agli animali e produce enormi guadagni per i venditori. I cani sono spesso tenuti in pessime condizioni e separati prematuramente dalla madre. Molti sono malati, non vaccinati o mal socializzati. Problemi come la trasmissione di malattie o i disturbi comportamentali sono notevoli. I cani di moda sono particolarmente colpiti dal commercio senza scrupoli, poich\u00e9 possono essere venduti con un guadagno particolarmente elevato.<\/p>\n\n\n\n<p class=\"has-text-align-left\">La consegna dei cuccioli avviene spesso dal bagagliaio di un\u2019auto in aree di servizio o parcheggi molto frequentati all\u2019estero e, successivamente, i nuovi proprietari li introducono in Svizzera illegalmente, senza controllo dei documenti e senza sdoganamento. Accade anche che l\u2019intermediazione sia gestita da persone residenti in Svizzera. Ogni acquisto di un cucciolo da una fonte poco affidabile contribuisce alla diffusione di allevamenti che violano le norme sulla protezione degli animali. Infine, ma non meno importante, tali acquisti favoriscono anche la criminalit\u00e0 organizzata, che spesso si nasconde dietro le offerte di questo tipo.<\/p>\n<\/div>\n\n\n\n<div class=\"wp-block-media-text alignwide is-stacked-on-mobile is-vertically-aligned-center\"><figure class=\"wp-block-media-text__media\"><img loading=\"lazy\" decoding=\"async\" width=\"894\" height=\"1024\" src=\"https:\/\/tierschutz.com\/app\/uploads\/2025\/08\/grundrauschen-hund3-scaled-e1755086144201-894x1024.jpg\" alt=\"\" class=\"wp-image-33292 size-full\" srcset=\"https:\/\/mail.schweizer-tierschutz-sts.ch\/app\/uploads\/2025\/08\/grundrauschen-hund3-scaled-e1755086144201-894x1024.jpg 894w, https:\/\/mail.schweizer-tierschutz-sts.ch\/app\/uploads\/2025\/08\/grundrauschen-hund3-scaled-e1755086144201-262x300.jpg 262w, https:\/\/mail.schweizer-tierschutz-sts.ch\/app\/uploads\/2025\/08\/grundrauschen-hund3-scaled-e1755086144201-768x880.jpg 768w, https:\/\/mail.schweizer-tierschutz-sts.ch\/app\/uploads\/2025\/08\/grundrauschen-hund3-scaled-e1755086144201-1341x1536.jpg 1341w, https:\/\/mail.schweizer-tierschutz-sts.ch\/app\/uploads\/2025\/08\/grundrauschen-hund3-scaled-e1755086144201.jpg 1706w\" sizes=\"auto, (max-width: 894px) 100vw, 894px\" \/><\/figure><div class=\"wp-block-media-text__content\">\n<div class=\"wp-block-group is-style-shadow-box has-background-background-color has-background is-layout-constrained wp-block-group-is-layout-constrained\">\n<h3 class=\"wp-block-heading\" id=\"h-dove-trovare-offerte-serie-di-cani\"><strong><strong>Dove trovare offerte serie di cani<\/strong><\/strong><\/h3>\n\n\n\n<p><strong>Un cane proveniente da un rifugio per animali:<\/strong><\/p>\n\n\n\n<p>nei rifugi per animali svizzeri, molti cani aspettano di essere accolti in una casa amorevole. Le detentrici e i detentori di animali responsabili spesso optano per un cane proveniente da un rifugio per animali, anche se a volte trovare l\u2019animale giusto richiede un po\u2019 di pazienza.<\/p>\n\n\n\n<p><strong>Cani di razza da un allevamento affidabile:<\/strong><\/p>\n\n\n\n<p>prima di decidere di acquistare un cane di razza, \u00e8 consigliabile visitare diversi allevamenti e confrontare le condizioni di allevamento. In Svizzera esistono due marchi per gli allevamenti di cani controllati: il sigillo di qualit\u00e0 Goldenes G\u00fctezeichen della Societ\u00e0 Cinologica Svizzera (SCS) e il marchio degli allevatori Certodog. Queste organizzazioni controllano e certificano gli allevamenti che si occupano della crescita dei cuccioli in modo professionale e con seriet\u00e0. I cuccioli non dovrebbero essere separati dalla madre e dai fratelli prima delle 10-12 settimane di vita. In Svizzera, la cessione di cuccioli di et\u00e0 inferiore a 56 giorni \u00e8 vietata ai sensi della Legge federale sulla protezione degli animali ed \u00e8 indicazione di un allevamento poco serio.<\/p>\n<\/div>\n<\/div><\/div>\n\n\n\n<div class=\"wp-block-group alignfull has-background-background-color has-background is-layout-constrained wp-block-group-is-layout-constrained\">\n<div class=\"wp-block-group is-layout-flex wp-container-core-group-is-layout-d0921e6e wp-block-group-is-layout-flex\">\n<div class=\"wp-block-group is-style-shadow-box width100 has-background-background-color has-background is-layout-constrained wp-block-group-is-layout-constrained\">\n<h3 class=\"wp-block-heading has-text-align-center\" id=\"h-la-vostra-donazione-fa-la-differenza\"><strong>La vostra donazione fa la differenza<\/strong><\/h3>\n\n\n\n<hr class=\"wp-block-separator has-text-color has-primary-color has-alpha-channel-opacity has-primary-background-color has-background\"\/>\n\n\n\n<p>Contribuite alla lotta contro il commercio di cuccioli da parte di venditori senza scrupoli.<\/p>\n\n\n\n<p>Grazie al vostro sostegno possiamo gestire il Centro di segnalazione sul commercio di animali della PSA e combattere il commercio illegale. Con le nostre campagne informative sensibilizziamo le detentrici e i detentori di cani al fine di migliorare il benessere degli animali.<\/p>\n<\/div>\n<\/div>\n\n\n\n<div style=\"height:3em\" aria-hidden=\"true\" class=\"wp-block-spacer\"><\/div>\n\n\n\n<div style=\"max-width:1000px;margin:0 auto\"><iframe loading=\"lazy\" src=\"https:\/\/tierschutz.payrexx.com\/it\/pay?cid=22208043&#038;hide_description=1&#038;appview=1\" allow=\"payment *\" width=\"100%\" height=\"1150\" style=\"border:0;\" id=\"payrexx-embed\"><\/iframe><\/div>\n<\/div>\n","protected":false},"excerpt":{"rendered":"<p>Il commercio di cuccioli in Svizzera \u00e8 in piena crescita, accompagnato da un aumento della criminalit\u00e0 e della sofferenza degli animali. Gli annunci e le inserzioni su internet sono innumerevoli. I cani vengono offerti su piattaforme di vendita apparentemente serie e sui social media. Queste offerte rappresentano purtroppo un grosso rischio per i cuccioli.<\/p>\n","protected":false},"author":5,"featured_media":33291,"parent":0,"menu_order":35,"comment_status":"closed","ping_status":"closed","template":"","meta":{"_acf_changed":false,"inline_featured_image":false,"_vp_format_video_url":"","_vp_image_focal_point":[],"footnotes":""},"class_list":["post-33391","page","type-page","status-publish","has-post-thumbnail","hentry"],"acf":[],"yoast_head":"<!-- This site is optimized with the Yoast SEO Premium plugin v27.4 (Yoast SEO v27.4) - https:\/\/yoast.com\/product\/yoast-seo-premium-wordpress\/ -->\n<title>Lotta contro il commercio di cuccioli da parte di venditori senza scrupoli - Protezione Svizzera degli Animali PSA<\/title>\n<meta name=\"description\" content=\"Il commercio di cuccioli in Svizzera \u00e8 in piena crescita, accompagnato da un aumento della criminalit\u00e0 e della sofferenza degli animali. Gli annunci e le inserzioni inaffidabili su internet sono innumerevoli.\" \/>\n<meta name=\"robots\" content=\"index, follow, max-snippet:-1, max-image-preview:large, max-video-preview:-1\" \/>\n<link rel=\"canonical\" href=\"https:\/\/mail.schweizer-tierschutz-sts.ch\/it\/traffico-di-cuccioli\/\" \/>\n<meta property=\"og:locale\" content=\"it_IT\" \/>\n<meta property=\"og:type\" content=\"article\" \/>\n<meta property=\"og:title\" content=\"Lotta contro il commercio di cuccioli da parte di venditori senza scrupoli\" \/>\n<meta property=\"og:description\" content=\"Il commercio di cuccioli in Svizzera \u00e8 in piena crescita, accompagnato da un aumento della criminalit\u00e0 e della sofferenza degli animali. Gli annunci e le inserzioni inaffidabili su internet sono innumerevoli.\" \/>\n<meta property=\"og:url\" content=\"https:\/\/mail.schweizer-tierschutz-sts.ch\/it\/traffico-di-cuccioli\/\" \/>\n<meta property=\"og:site_name\" content=\"Protezione Svizzera degli Animali PSA\" \/>\n<meta property=\"article:publisher\" content=\"https:\/\/www.facebook.com\/schweizertierschutz\/\" \/>\n<meta property=\"article:modified_time\" content=\"2025-08-25T09:27:20+00:00\" \/>\n<meta property=\"og:image\" content=\"https:\/\/tierschutz.com\/app\/uploads\/2025\/08\/grundrauschen-hund2-scaled.jpg\" \/>\n\t<meta property=\"og:image:width\" content=\"2560\" \/>\n\t<meta property=\"og:image:height\" content=\"1707\" \/>\n\t<meta property=\"og:image:type\" content=\"image\/jpeg\" \/>\n<meta name=\"twitter:card\" content=\"summary_large_image\" \/>\n<meta name=\"twitter:label1\" content=\"Tempo di lettura stimato\" \/>\n\t<meta name=\"twitter:data1\" content=\"4 minuti\" \/>\n<script type=\"application\/ld+json\" class=\"yoast-schema-graph\">{\"@context\":\"https:\\\/\\\/schema.org\",\"@graph\":[{\"@type\":\"WebPage\",\"@id\":\"https:\\\/\\\/mail.schweizer-tierschutz-sts.ch\\\/it\\\/traffico-di-cuccioli\\\/\",\"url\":\"https:\\\/\\\/mail.schweizer-tierschutz-sts.ch\\\/it\\\/traffico-di-cuccioli\\\/\",\"name\":\"Lotta contro il commercio di cuccioli da parte di venditori senza scrupoli - Protezione Svizzera degli Animali PSA\",\"isPartOf\":{\"@id\":\"https:\\\/\\\/tierschutz.com\\\/fr\\\/#website\"},\"primaryImageOfPage\":{\"@id\":\"https:\\\/\\\/mail.schweizer-tierschutz-sts.ch\\\/it\\\/traffico-di-cuccioli\\\/#primaryimage\"},\"image\":{\"@id\":\"https:\\\/\\\/mail.schweizer-tierschutz-sts.ch\\\/it\\\/traffico-di-cuccioli\\\/#primaryimage\"},\"thumbnailUrl\":\"https:\\\/\\\/mail.schweizer-tierschutz-sts.ch\\\/app\\\/uploads\\\/2025\\\/08\\\/grundrauschen-hund2-scaled.jpg\",\"datePublished\":\"2025-08-13T11:57:46+00:00\",\"dateModified\":\"2025-08-25T09:27:20+00:00\",\"description\":\"Il commercio di cuccioli in Svizzera \u00e8 in piena crescita, accompagnato da un aumento della criminalit\u00e0 e della sofferenza degli animali. Gli annunci e le inserzioni inaffidabili su internet sono innumerevoli.\",\"breadcrumb\":{\"@id\":\"https:\\\/\\\/mail.schweizer-tierschutz-sts.ch\\\/it\\\/traffico-di-cuccioli\\\/#breadcrumb\"},\"inLanguage\":\"it-IT\",\"potentialAction\":[{\"@type\":\"ReadAction\",\"target\":[\"https:\\\/\\\/mail.schweizer-tierschutz-sts.ch\\\/it\\\/traffico-di-cuccioli\\\/\"]}]},{\"@type\":\"ImageObject\",\"inLanguage\":\"it-IT\",\"@id\":\"https:\\\/\\\/mail.schweizer-tierschutz-sts.ch\\\/it\\\/traffico-di-cuccioli\\\/#primaryimage\",\"url\":\"https:\\\/\\\/mail.schweizer-tierschutz-sts.ch\\\/app\\\/uploads\\\/2025\\\/08\\\/grundrauschen-hund2-scaled.jpg\",\"contentUrl\":\"https:\\\/\\\/mail.schweizer-tierschutz-sts.ch\\\/app\\\/uploads\\\/2025\\\/08\\\/grundrauschen-hund2-scaled.jpg\",\"width\":2560,\"height\":1707,\"caption\":\"Happy couple buying transport box for their French bulldog puppy in pet shop.\"},{\"@type\":\"BreadcrumbList\",\"@id\":\"https:\\\/\\\/mail.schweizer-tierschutz-sts.ch\\\/it\\\/traffico-di-cuccioli\\\/#breadcrumb\",\"itemListElement\":[{\"@type\":\"ListItem\",\"position\":1,\"name\":\"Pagina iniziale\",\"item\":\"https:\\\/\\\/mail.schweizertierschutz.ch\\\/it\\\/\"},{\"@type\":\"ListItem\",\"position\":2,\"name\":\"Lotta contro il commercio di cuccioli da parte di venditori senza scrupoli\"}]},{\"@type\":\"WebSite\",\"@id\":\"https:\\\/\\\/tierschutz.com\\\/fr\\\/#website\",\"url\":\"https:\\\/\\\/tierschutz.com\\\/fr\\\/\",\"name\":\"tierschutz.com\",\"description\":\"Wir setzen uns f\u00fcr das Wohl der Tiere ein.\",\"publisher\":{\"@id\":\"https:\\\/\\\/tierschutz.com\\\/fr\\\/#organization\"},\"alternateName\":\"Schweizer Tierschutz STS\",\"potentialAction\":[{\"@type\":\"SearchAction\",\"target\":{\"@type\":\"EntryPoint\",\"urlTemplate\":\"https:\\\/\\\/tierschutz.com\\\/fr\\\/?s={search_term_string}\"},\"query-input\":{\"@type\":\"PropertyValueSpecification\",\"valueRequired\":true,\"valueName\":\"search_term_string\"}}],\"inLanguage\":\"it-IT\"},{\"@type\":\"Organization\",\"@id\":\"https:\\\/\\\/tierschutz.com\\\/fr\\\/#organization\",\"name\":\"Schweizer Tierschutz STS\",\"alternateName\":\"STS\",\"url\":\"https:\\\/\\\/tierschutz.com\\\/fr\\\/\",\"logo\":{\"@type\":\"ImageObject\",\"inLanguage\":\"it-IT\",\"@id\":\"https:\\\/\\\/tierschutz.com\\\/fr\\\/#\\\/schema\\\/logo\\\/image\\\/\",\"url\":\"https:\\\/\\\/mail.schweizer-tierschutz-sts.ch\\\/app\\\/uploads\\\/2024\\\/04\\\/logo-schweizer-tierschutz-sts-1.svg\",\"contentUrl\":\"https:\\\/\\\/mail.schweizer-tierschutz-sts.ch\\\/app\\\/uploads\\\/2024\\\/04\\\/logo-schweizer-tierschutz-sts-1.svg\",\"caption\":\"Schweizer Tierschutz STS\"},\"image\":{\"@id\":\"https:\\\/\\\/tierschutz.com\\\/fr\\\/#\\\/schema\\\/logo\\\/image\\\/\"},\"sameAs\":[\"https:\\\/\\\/www.facebook.com\\\/schweizertierschutz\\\/\",\"https:\\\/\\\/www.instagram.com\\\/schweizertierschutzsts\\\/\",\"https:\\\/\\\/www.youtube.com\\\/@STS_Tierschutz\",\"https:\\\/\\\/www.linkedin.com\\\/company\\\/schweizertierschutzsts\\\/\"],\"description\":\"Der Schweizer Tierschutz STS ist der Dachverband von 71 Tierschutzorganisationen in allen Sprachregionen der Schweiz und in Liechtenstein. Seine Mitarbeitenden leisten wissenschaftlich fundierte Grundlagenarbeit, setzen sich mit Projekten und Aktionen f\u00fcr den Schutz und das Wohlbefinden von Heim-, Wild-, Nutz- und Versuchstieren ein und sensibilisieren die \u00d6ffentlichkeit f\u00fcr Tierschutzthemen.\",\"email\":\"sts@tierschutz.com\",\"telephone\":\"061 365 99 99\",\"legalName\":\"Schweizer Tierschutz STS\"}]}<\/script>\n<!-- \/ Yoast SEO Premium plugin. -->","yoast_head_json":{"title":"Lotta contro il commercio di cuccioli da parte di venditori senza scrupoli - Protezione Svizzera degli Animali PSA","description":"Il commercio di cuccioli in Svizzera \u00e8 in piena crescita, accompagnato da un aumento della criminalit\u00e0 e della sofferenza degli animali. Gli annunci e le inserzioni inaffidabili su internet sono innumerevoli.","robots":{"index":"index","follow":"follow","max-snippet":"max-snippet:-1","max-image-preview":"max-image-preview:large","max-video-preview":"max-video-preview:-1"},"canonical":"https:\/\/mail.schweizer-tierschutz-sts.ch\/it\/traffico-di-cuccioli\/","og_locale":"it_IT","og_type":"article","og_title":"Lotta contro il commercio di cuccioli da parte di venditori senza scrupoli","og_description":"Il commercio di cuccioli in Svizzera \u00e8 in piena crescita, accompagnato da un aumento della criminalit\u00e0 e della sofferenza degli animali. Gli annunci e le inserzioni inaffidabili su internet sono innumerevoli.","og_url":"https:\/\/mail.schweizer-tierschutz-sts.ch\/it\/traffico-di-cuccioli\/","og_site_name":"Protezione Svizzera degli Animali PSA","article_publisher":"https:\/\/www.facebook.com\/schweizertierschutz\/","article_modified_time":"2025-08-25T09:27:20+00:00","og_image":[{"width":2560,"height":1707,"url":"https:\/\/tierschutz.com\/app\/uploads\/2025\/08\/grundrauschen-hund2-scaled.jpg","type":"image\/jpeg"}],"twitter_card":"summary_large_image","twitter_misc":{"Tempo di lettura stimato":"4 minuti"},"schema":{"@context":"https:\/\/schema.org","@graph":[{"@type":"WebPage","@id":"https:\/\/mail.schweizer-tierschutz-sts.ch\/it\/traffico-di-cuccioli\/","url":"https:\/\/mail.schweizer-tierschutz-sts.ch\/it\/traffico-di-cuccioli\/","name":"Lotta contro il commercio di cuccioli da parte di venditori senza scrupoli - Protezione Svizzera degli Animali PSA","isPartOf":{"@id":"https:\/\/tierschutz.com\/fr\/#website"},"primaryImageOfPage":{"@id":"https:\/\/mail.schweizer-tierschutz-sts.ch\/it\/traffico-di-cuccioli\/#primaryimage"},"image":{"@id":"https:\/\/mail.schweizer-tierschutz-sts.ch\/it\/traffico-di-cuccioli\/#primaryimage"},"thumbnailUrl":"https:\/\/mail.schweizer-tierschutz-sts.ch\/app\/uploads\/2025\/08\/grundrauschen-hund2-scaled.jpg","datePublished":"2025-08-13T11:57:46+00:00","dateModified":"2025-08-25T09:27:20+00:00","description":"Il commercio di cuccioli in Svizzera \u00e8 in piena crescita, accompagnato da un aumento della criminalit\u00e0 e della sofferenza degli animali. Gli annunci e le inserzioni inaffidabili su internet sono innumerevoli.","breadcrumb":{"@id":"https:\/\/mail.schweizer-tierschutz-sts.ch\/it\/traffico-di-cuccioli\/#breadcrumb"},"inLanguage":"it-IT","potentialAction":[{"@type":"ReadAction","target":["https:\/\/mail.schweizer-tierschutz-sts.ch\/it\/traffico-di-cuccioli\/"]}]},{"@type":"ImageObject","inLanguage":"it-IT","@id":"https:\/\/mail.schweizer-tierschutz-sts.ch\/it\/traffico-di-cuccioli\/#primaryimage","url":"https:\/\/mail.schweizer-tierschutz-sts.ch\/app\/uploads\/2025\/08\/grundrauschen-hund2-scaled.jpg","contentUrl":"https:\/\/mail.schweizer-tierschutz-sts.ch\/app\/uploads\/2025\/08\/grundrauschen-hund2-scaled.jpg","width":2560,"height":1707,"caption":"Happy couple buying transport box for their French bulldog puppy in pet shop."},{"@type":"BreadcrumbList","@id":"https:\/\/mail.schweizer-tierschutz-sts.ch\/it\/traffico-di-cuccioli\/#breadcrumb","itemListElement":[{"@type":"ListItem","position":1,"name":"Pagina iniziale","item":"https:\/\/mail.schweizertierschutz.ch\/it\/"},{"@type":"ListItem","position":2,"name":"Lotta contro il commercio di cuccioli da parte di venditori senza scrupoli"}]},{"@type":"WebSite","@id":"https:\/\/tierschutz.com\/fr\/#website","url":"https:\/\/tierschutz.com\/fr\/","name":"tierschutz.com","description":"Wir setzen uns f\u00fcr das Wohl der Tiere ein.","publisher":{"@id":"https:\/\/tierschutz.com\/fr\/#organization"},"alternateName":"Schweizer Tierschutz STS","potentialAction":[{"@type":"SearchAction","target":{"@type":"EntryPoint","urlTemplate":"https:\/\/tierschutz.com\/fr\/?s={search_term_string}"},"query-input":{"@type":"PropertyValueSpecification","valueRequired":true,"valueName":"search_term_string"}}],"inLanguage":"it-IT"},{"@type":"Organization","@id":"https:\/\/tierschutz.com\/fr\/#organization","name":"Schweizer Tierschutz STS","alternateName":"STS","url":"https:\/\/tierschutz.com\/fr\/","logo":{"@type":"ImageObject","inLanguage":"it-IT","@id":"https:\/\/tierschutz.com\/fr\/#\/schema\/logo\/image\/","url":"https:\/\/mail.schweizer-tierschutz-sts.ch\/app\/uploads\/2024\/04\/logo-schweizer-tierschutz-sts-1.svg","contentUrl":"https:\/\/mail.schweizer-tierschutz-sts.ch\/app\/uploads\/2024\/04\/logo-schweizer-tierschutz-sts-1.svg","caption":"Schweizer Tierschutz STS"},"image":{"@id":"https:\/\/tierschutz.com\/fr\/#\/schema\/logo\/image\/"},"sameAs":["https:\/\/www.facebook.com\/schweizertierschutz\/","https:\/\/www.instagram.com\/schweizertierschutzsts\/","https:\/\/www.youtube.com\/@STS_Tierschutz","https:\/\/www.linkedin.com\/company\/schweizertierschutzsts\/"],"description":"Der Schweizer Tierschutz STS ist der Dachverband von 71 Tierschutzorganisationen in allen Sprachregionen der Schweiz und in Liechtenstein. Seine Mitarbeitenden leisten wissenschaftlich fundierte Grundlagenarbeit, setzen sich mit Projekten und Aktionen f\u00fcr den Schutz und das Wohlbefinden von Heim-, Wild-, Nutz- und Versuchstieren ein und sensibilisieren die \u00d6ffentlichkeit f\u00fcr Tierschutzthemen.","email":"sts@tierschutz.com","telephone":"061 365 99 99","legalName":"Schweizer Tierschutz STS"}]}},"_links":{"self":[{"href":"https:\/\/mail.schweizer-tierschutz-sts.ch\/it\/wp-json\/wp\/v2\/pages\/33391","targetHints":{"allow":["GET"]}}],"collection":[{"href":"https:\/\/mail.schweizer-tierschutz-sts.ch\/it\/wp-json\/wp\/v2\/pages"}],"about":[{"href":"https:\/\/mail.schweizer-tierschutz-sts.ch\/it\/wp-json\/wp\/v2\/types\/page"}],"author":[{"embeddable":true,"href":"https:\/\/mail.schweizer-tierschutz-sts.ch\/it\/wp-json\/wp\/v2\/users\/5"}],"replies":[{"embeddable":true,"href":"https:\/\/mail.schweizer-tierschutz-sts.ch\/it\/wp-json\/wp\/v2\/comments?post=33391"}],"version-history":[{"count":3,"href":"https:\/\/mail.schweizer-tierschutz-sts.ch\/it\/wp-json\/wp\/v2\/pages\/33391\/revisions"}],"predecessor-version":[{"id":33465,"href":"https:\/\/mail.schweizer-tierschutz-sts.ch\/it\/wp-json\/wp\/v2\/pages\/33391\/revisions\/33465"}],"wp:featuredmedia":[{"embeddable":true,"href":"https:\/\/mail.schweizer-tierschutz-sts.ch\/it\/wp-json\/wp\/v2\/media\/33291"}],"wp:attachment":[{"href":"https:\/\/mail.schweizer-tierschutz-sts.ch\/it\/wp-json\/wp\/v2\/media?parent=33391"}],"curies":[{"name":"wp","href":"https:\/\/api.w.org\/{rel}","templated":true}]}}