{"id":2070,"date":"2023-05-04T15:22:37","date_gmt":"2023-05-04T13:22:37","guid":{"rendered":"https:\/\/dev.tierschutz.com\/?page_id=2070"},"modified":"2023-06-28T18:08:23","modified_gmt":"2023-06-28T16:08:23","slug":"viaggiare-con-gli-animali","status":"publish","type":"page","link":"https:\/\/mail.schweizer-tierschutz-sts.ch\/it\/detenzione-di-animali\/allevamento-di-animali-domestici\/viaggiare-con-gli-animali\/","title":{"rendered":"Viaggiare con gli animali"},"content":{"rendered":"\n<div class=\"wp-block-cover alignfull is-light\"><span aria-hidden=\"true\" class=\"wp-block-cover__background has-foreground-background-color has-background-dim-10 has-background-dim\"><\/span><img decoding=\"async\" class=\"wp-block-cover__image-background wp-image-2062\" alt=\"Hund mit Ball im Wasser\" src=\"https:\/\/tierschutz.com\/app\/uploads\/2023\/05\/14501485245_b19d801353_k.jpg\" data-object-fit=\"cover\"\/><div class=\"wp-block-cover__inner-container is-layout-flow wp-block-cover-is-layout-flow\">\n<h2 class=\"wp-block-heading has-text-align-center has-background-color has-text-color\"><strong>Viaggiare con gli animali<\/strong><\/h2>\n<\/div><\/div>\n\n\n\n<div class=\"wp-block-group alignfull anchor-bar has-lightgray-background-color has-background is-layout-constrained wp-block-group-is-layout-constrained\">\n<div class=\"wp-block-group is-content-justification-center is-layout-flex wp-container-core-group-is-layout-b02886af wp-block-group-is-layout-flex\">\n<p class=\"has-large-font-size\"><strong><a data-type=\"internal\" data-id=\"#vorschriften\" href=\"#vorschriften\">I regolamenti pi\u00f9 importanti<\/a><\/strong><\/p>\n\n\n\n<p class=\"has-large-font-size\"><strong><a data-type=\"internal\" data-id=\"#wichtiges\" href=\"#wichtiges\"><strong>I dettagli pi\u00f9 importanti in breve<\/strong><\/a><\/strong><\/p>\n<\/div>\n<\/div>\n\n\n\n<div class=\"wp-block-group alignfull has-background-background-color has-background is-layout-constrained wp-block-group-is-layout-constrained\" id=\"vorschriften\"><div class=\"yoast-breadcrumbs\"><span><span><a href=\"https:\/\/tierschutz.com\/it\/\">Pagina iniziale<\/a><\/span> \u00bb <span><a href=\"https:\/\/mail.schweizer-tierschutz.ch\/it\/detenzione-di-animali\/\">Detenzione di animali<\/a><\/span> \u00bb <span><a href=\"https:\/\/mail.protezione-animali-psa.ch\/it\/detenzione-di-animali\/allevamento-di-animali-domestici\/\">Allevamento di animali domestici<\/a><\/span> \u00bb <span class=\"breadcrumb_last\" aria-current=\"page\">Viaggiare con gli animali<\/span><\/span><\/div>\n\n\n<h1 class=\"wp-block-heading has-text-align-center\"><strong><strong>Viaggiare con gli animali<\/strong><\/strong><\/h1>\n\n\n\n<h2 class=\"wp-block-heading has-text-align-center\"><strong><strong>le norme e le disposizioni pi\u00f9 importanti<\/strong><\/strong><\/h2>\n\n\n\n<hr class=\"wp-block-separator has-text-color has-primary-color has-alpha-channel-opacity has-primary-background-color has-background\"\/>\n\n\n\n<p class=\"has-text-align-center\">Se desidera intraprendere un viaggio con il suo animale da compagnia, \u00e8 estremamente importante conoscere le norme e le disposizioni in vigore in merito ai viaggi con gli animali in Svizzera e all\u2019estero.<\/p>\n\n\n\n<p class=\"has-text-align-center\">In ogni caso informatevi tempestivamente presso l\u2019Ufficio federale della sicurezza alimentare e di veterinaria (USAV) su tutte le formalit\u00e0 e le eventuali autorizzazioni e richieste che potrebbero essere necessarie. L\u2019USAV fornisce informazioni dettagliate sulle diverse normative per i viaggi con gli animali ed \u00e8 sempre aggiornato.<\/p>\n<\/div>\n\n\n\n<div class=\"wp-block-media-text alignwide is-stacked-on-mobile is-vertically-aligned-center\" id=\"wichtiges\"><figure class=\"wp-block-media-text__media\"><img loading=\"lazy\" decoding=\"async\" width=\"1024\" height=\"683\" src=\"https:\/\/tierschutz.com\/app\/uploads\/2023\/05\/52180285092_b575189670_k-1024x683.jpg\" alt=\"Hund im Auto\" class=\"wp-image-2059 size-full\" srcset=\"https:\/\/mail.schweizer-tierschutz-sts.ch\/app\/uploads\/2023\/05\/52180285092_b575189670_k-1024x683.jpg 1024w, https:\/\/mail.schweizer-tierschutz-sts.ch\/app\/uploads\/2023\/05\/52180285092_b575189670_k-300x200.jpg 300w, https:\/\/mail.schweizer-tierschutz-sts.ch\/app\/uploads\/2023\/05\/52180285092_b575189670_k-768x512.jpg 768w, https:\/\/mail.schweizer-tierschutz-sts.ch\/app\/uploads\/2023\/05\/52180285092_b575189670_k-1536x1024.jpg 1536w, https:\/\/mail.schweizer-tierschutz-sts.ch\/app\/uploads\/2023\/05\/52180285092_b575189670_k.jpg 2048w\" sizes=\"auto, (max-width: 1024px) 100vw, 1024px\" \/><\/figure><div class=\"wp-block-media-text__content\">\n<div class=\"wp-block-group is-style-shadow-box has-background-background-color has-background is-layout-constrained wp-block-group-is-layout-constrained\">\n<h3 class=\"wp-block-heading\"><strong>I dettagli pi\u00f9 importanti in breve:<\/strong><\/h3>\n\n\n\n<ul class=\"wp-block-list\">\n<li class=\"is-style-check\">Mettete al sicuro in macchina gli animali da compagnia che viaggiano con voi. Approfittate della gamma di sistemi di sicurezza come box per animali, cinture di sicurezza, seggiolini auto per cani o sistemi di separazione.<\/li>\n\n\n\n<li class=\"is-style-check\">Informatevi sulle norme di ingresso e di trasporto nei paesi di destinazione o di transito (pass vaccinale, ecc.).<\/li>\n\n\n\n<li class=\"is-style-check\">Interrompete il viaggio in auto ogni ora per consentire ai cani di muoversi e camminare.<\/li>\n\n\n\n<li class=\"is-style-check\">Nel corso dei viaggi pi\u00f9 lunghi, premiate il vostro animale con i suoi stuzzichini preferiti.<\/li>\n\n\n\n<li class=\"is-style-check\">Portate con voi la coperta e i giocattoli preferiti del vostro animale da compagnia, la familiarit\u00e0 riduce lo stress.<\/li>\n\n\n\n<li class=\"is-style-check\">Non lasciate mai gli animali da soli in macchina quando c&#8217;\u00e8 il sole. Il pericolo di surriscaldamento diventa rapidamente elevato.<\/li>\n\n\n\n<li class=\"is-style-check\">Si prega di notare che in caso di incidente, la prestazione assicurativa pu\u00f2 essere ridotta per grave negligenza se gli animali non erano stati assicurati adeguatamente.<\/li>\n<\/ul>\n\n\n\n<div class=\"wp-block-buttons is-layout-flex wp-block-buttons-is-layout-flex\">\n<div class=\"wp-block-button\"><a class=\"wp-block-button__link wp-element-button\" href=\"https:\/\/www.blv.admin.ch\/blv\/it\/home\/tiere\/reisen-mit-heimtieren.html\" target=\"_blank\" rel=\"noreferrer noopener\">\u00c8 pronto per il prossimo viaggio?<\/a><\/div>\n<\/div>\n<\/div>\n<\/div><\/div>\n","protected":false},"excerpt":{"rendered":"<p>I regolamenti pi\u00f9 importanti I dettagli pi\u00f9 importanti in breve Viaggiare con gli animali le norme e le disposizioni pi\u00f9 [&hellip;]<\/p>\n","protected":false},"author":5,"featured_media":0,"parent":4266,"menu_order":112,"comment_status":"closed","ping_status":"closed","template":"","meta":{"_acf_changed":false,"inline_featured_image":false,"_vp_format_video_url":"","_vp_image_focal_point":[],"footnotes":""},"class_list":["post-2070","page","type-page","status-publish","hentry"],"acf":[],"yoast_head":"<!-- This site is optimized with the Yoast SEO Premium plugin v27.4 (Yoast SEO v27.4) - https:\/\/yoast.com\/product\/yoast-seo-premium-wordpress\/ -->\n<title>Viaggiare con gli animali - Protezione Svizzera degli Animali PSA<\/title>\n<meta name=\"robots\" content=\"index, follow, max-snippet:-1, max-image-preview:large, max-video-preview:-1\" \/>\n<link rel=\"canonical\" href=\"https:\/\/mail.schweizer-tierschutz-sts.ch\/it\/detenzione-di-animali\/allevamento-di-animali-domestici\/viaggiare-con-gli-animali\/\" \/>\n<meta property=\"og:locale\" content=\"it_IT\" \/>\n<meta property=\"og:type\" content=\"article\" \/>\n<meta property=\"og:title\" content=\"Viaggiare con gli animali\" \/>\n<meta property=\"og:description\" content=\"I regolamenti pi\u00f9 importanti I dettagli pi\u00f9 importanti in breve Viaggiare con gli animali le norme e le disposizioni pi\u00f9 [&hellip;]\" \/>\n<meta property=\"og:url\" content=\"https:\/\/mail.schweizer-tierschutz-sts.ch\/it\/detenzione-di-animali\/allevamento-di-animali-domestici\/viaggiare-con-gli-animali\/\" \/>\n<meta property=\"og:site_name\" content=\"Protezione Svizzera degli Animali PSA\" \/>\n<meta property=\"article:publisher\" content=\"https:\/\/www.facebook.com\/schweizertierschutz\/\" \/>\n<meta property=\"article:modified_time\" content=\"2023-06-28T16:08:23+00:00\" \/>\n<meta property=\"og:image\" content=\"https:\/\/tierschutz.com\/app\/uploads\/2023\/05\/14501485245_b19d801353_k.jpg\" \/>\n<meta name=\"twitter:card\" content=\"summary_large_image\" \/>\n<meta name=\"twitter:label1\" content=\"Tempo di lettura stimato\" \/>\n\t<meta name=\"twitter:data1\" content=\"1 minuto\" \/>\n<script type=\"application\/ld+json\" class=\"yoast-schema-graph\">{\"@context\":\"https:\\\/\\\/schema.org\",\"@graph\":[{\"@type\":\"WebPage\",\"@id\":\"https:\\\/\\\/mail.schweizer-tierschutz-sts.ch\\\/it\\\/detenzione-di-animali\\\/allevamento-di-animali-domestici\\\/viaggiare-con-gli-animali\\\/\",\"url\":\"https:\\\/\\\/mail.schweizer-tierschutz-sts.ch\\\/it\\\/detenzione-di-animali\\\/allevamento-di-animali-domestici\\\/viaggiare-con-gli-animali\\\/\",\"name\":\"Viaggiare con gli animali - Protezione Svizzera degli Animali PSA\",\"isPartOf\":{\"@id\":\"https:\\\/\\\/tierschutz.com\\\/it\\\/#website\"},\"primaryImageOfPage\":{\"@id\":\"https:\\\/\\\/mail.schweizer-tierschutz-sts.ch\\\/it\\\/detenzione-di-animali\\\/allevamento-di-animali-domestici\\\/viaggiare-con-gli-animali\\\/#primaryimage\"},\"image\":{\"@id\":\"https:\\\/\\\/mail.schweizer-tierschutz-sts.ch\\\/it\\\/detenzione-di-animali\\\/allevamento-di-animali-domestici\\\/viaggiare-con-gli-animali\\\/#primaryimage\"},\"thumbnailUrl\":\"https:\\\/\\\/tierschutz.com\\\/app\\\/uploads\\\/2023\\\/05\\\/14501485245_b19d801353_k.jpg\",\"datePublished\":\"2023-05-04T13:22:37+00:00\",\"dateModified\":\"2023-06-28T16:08:23+00:00\",\"breadcrumb\":{\"@id\":\"https:\\\/\\\/mail.schweizer-tierschutz-sts.ch\\\/it\\\/detenzione-di-animali\\\/allevamento-di-animali-domestici\\\/viaggiare-con-gli-animali\\\/#breadcrumb\"},\"inLanguage\":\"it-IT\",\"potentialAction\":[{\"@type\":\"ReadAction\",\"target\":[\"https:\\\/\\\/mail.schweizer-tierschutz-sts.ch\\\/it\\\/detenzione-di-animali\\\/allevamento-di-animali-domestici\\\/viaggiare-con-gli-animali\\\/\"]}]},{\"@type\":\"ImageObject\",\"inLanguage\":\"it-IT\",\"@id\":\"https:\\\/\\\/mail.schweizer-tierschutz-sts.ch\\\/it\\\/detenzione-di-animali\\\/allevamento-di-animali-domestici\\\/viaggiare-con-gli-animali\\\/#primaryimage\",\"url\":\"https:\\\/\\\/tierschutz.com\\\/app\\\/uploads\\\/2023\\\/05\\\/14501485245_b19d801353_k.jpg\",\"contentUrl\":\"https:\\\/\\\/tierschutz.com\\\/app\\\/uploads\\\/2023\\\/05\\\/14501485245_b19d801353_k.jpg\"},{\"@type\":\"BreadcrumbList\",\"@id\":\"https:\\\/\\\/mail.schweizer-tierschutz-sts.ch\\\/it\\\/detenzione-di-animali\\\/allevamento-di-animali-domestici\\\/viaggiare-con-gli-animali\\\/#breadcrumb\",\"itemListElement\":[{\"@type\":\"ListItem\",\"position\":1,\"name\":\"Pagina iniziale\",\"item\":\"https:\\\/\\\/tierschutz.com\\\/it\\\/\"},{\"@type\":\"ListItem\",\"position\":2,\"name\":\"Detenzione di animali\",\"item\":\"https:\\\/\\\/mail.schweizer-tierschutz.ch\\\/it\\\/detenzione-di-animali\\\/\"},{\"@type\":\"ListItem\",\"position\":3,\"name\":\"Allevamento di animali domestici\",\"item\":\"https:\\\/\\\/mail.protezione-animali-psa.ch\\\/it\\\/detenzione-di-animali\\\/allevamento-di-animali-domestici\\\/\"},{\"@type\":\"ListItem\",\"position\":4,\"name\":\"Viaggiare con gli animali\"}]},{\"@type\":\"WebSite\",\"@id\":\"https:\\\/\\\/tierschutz.com\\\/it\\\/#website\",\"url\":\"https:\\\/\\\/tierschutz.com\\\/it\\\/\",\"name\":\"tierschutz.com\",\"description\":\"Wir setzen uns f\u00fcr das Wohl der Tiere ein.\",\"publisher\":{\"@id\":\"https:\\\/\\\/tierschutz.com\\\/it\\\/#organization\"},\"alternateName\":\"Schweizer Tierschutz STS\",\"potentialAction\":[{\"@type\":\"SearchAction\",\"target\":{\"@type\":\"EntryPoint\",\"urlTemplate\":\"https:\\\/\\\/tierschutz.com\\\/it\\\/?s={search_term_string}\"},\"query-input\":{\"@type\":\"PropertyValueSpecification\",\"valueRequired\":true,\"valueName\":\"search_term_string\"}}],\"inLanguage\":\"it-IT\"},{\"@type\":\"Organization\",\"@id\":\"https:\\\/\\\/tierschutz.com\\\/it\\\/#organization\",\"name\":\"Schweizer Tierschutz STS\",\"alternateName\":\"STS\",\"url\":\"https:\\\/\\\/tierschutz.com\\\/it\\\/\",\"logo\":{\"@type\":\"ImageObject\",\"inLanguage\":\"it-IT\",\"@id\":\"https:\\\/\\\/tierschutz.com\\\/it\\\/#\\\/schema\\\/logo\\\/image\\\/\",\"url\":\"https:\\\/\\\/mail.schweizer-tierschutz-sts.ch\\\/app\\\/uploads\\\/2024\\\/04\\\/logo-schweizer-tierschutz-sts-1.svg\",\"contentUrl\":\"https:\\\/\\\/mail.schweizer-tierschutz-sts.ch\\\/app\\\/uploads\\\/2024\\\/04\\\/logo-schweizer-tierschutz-sts-1.svg\",\"caption\":\"Schweizer Tierschutz STS\"},\"image\":{\"@id\":\"https:\\\/\\\/tierschutz.com\\\/it\\\/#\\\/schema\\\/logo\\\/image\\\/\"},\"sameAs\":[\"https:\\\/\\\/www.facebook.com\\\/schweizertierschutz\\\/\",\"https:\\\/\\\/www.instagram.com\\\/schweizertierschutzsts\\\/\",\"https:\\\/\\\/www.youtube.com\\\/@STS_Tierschutz\",\"https:\\\/\\\/www.linkedin.com\\\/company\\\/schweizertierschutzsts\\\/\"],\"description\":\"Der Schweizer Tierschutz STS ist der Dachverband von 71 Tierschutzorganisationen in allen Sprachregionen der Schweiz und in Liechtenstein. Seine Mitarbeitenden leisten wissenschaftlich fundierte Grundlagenarbeit, setzen sich mit Projekten und Aktionen f\u00fcr den Schutz und das Wohlbefinden von Heim-, Wild-, Nutz- und Versuchstieren ein und sensibilisieren die \u00d6ffentlichkeit f\u00fcr Tierschutzthemen.\",\"email\":\"sts@tierschutz.com\",\"telephone\":\"061 365 99 99\",\"legalName\":\"Schweizer Tierschutz STS\"}]}<\/script>\n<!-- \/ Yoast SEO Premium plugin. -->","yoast_head_json":{"title":"Viaggiare con gli animali - Protezione Svizzera degli Animali PSA","robots":{"index":"index","follow":"follow","max-snippet":"max-snippet:-1","max-image-preview":"max-image-preview:large","max-video-preview":"max-video-preview:-1"},"canonical":"https:\/\/mail.schweizer-tierschutz-sts.ch\/it\/detenzione-di-animali\/allevamento-di-animali-domestici\/viaggiare-con-gli-animali\/","og_locale":"it_IT","og_type":"article","og_title":"Viaggiare con gli animali","og_description":"I regolamenti pi\u00f9 importanti I dettagli pi\u00f9 importanti in breve Viaggiare con gli animali le norme e le disposizioni pi\u00f9 [&hellip;]","og_url":"https:\/\/mail.schweizer-tierschutz-sts.ch\/it\/detenzione-di-animali\/allevamento-di-animali-domestici\/viaggiare-con-gli-animali\/","og_site_name":"Protezione Svizzera degli Animali PSA","article_publisher":"https:\/\/www.facebook.com\/schweizertierschutz\/","article_modified_time":"2023-06-28T16:08:23+00:00","og_image":[{"url":"https:\/\/tierschutz.com\/app\/uploads\/2023\/05\/14501485245_b19d801353_k.jpg","type":"","width":"","height":""}],"twitter_card":"summary_large_image","twitter_misc":{"Tempo di lettura stimato":"1 minuto"},"schema":{"@context":"https:\/\/schema.org","@graph":[{"@type":"WebPage","@id":"https:\/\/mail.schweizer-tierschutz-sts.ch\/it\/detenzione-di-animali\/allevamento-di-animali-domestici\/viaggiare-con-gli-animali\/","url":"https:\/\/mail.schweizer-tierschutz-sts.ch\/it\/detenzione-di-animali\/allevamento-di-animali-domestici\/viaggiare-con-gli-animali\/","name":"Viaggiare con gli animali - Protezione Svizzera degli Animali PSA","isPartOf":{"@id":"https:\/\/tierschutz.com\/it\/#website"},"primaryImageOfPage":{"@id":"https:\/\/mail.schweizer-tierschutz-sts.ch\/it\/detenzione-di-animali\/allevamento-di-animali-domestici\/viaggiare-con-gli-animali\/#primaryimage"},"image":{"@id":"https:\/\/mail.schweizer-tierschutz-sts.ch\/it\/detenzione-di-animali\/allevamento-di-animali-domestici\/viaggiare-con-gli-animali\/#primaryimage"},"thumbnailUrl":"https:\/\/tierschutz.com\/app\/uploads\/2023\/05\/14501485245_b19d801353_k.jpg","datePublished":"2023-05-04T13:22:37+00:00","dateModified":"2023-06-28T16:08:23+00:00","breadcrumb":{"@id":"https:\/\/mail.schweizer-tierschutz-sts.ch\/it\/detenzione-di-animali\/allevamento-di-animali-domestici\/viaggiare-con-gli-animali\/#breadcrumb"},"inLanguage":"it-IT","potentialAction":[{"@type":"ReadAction","target":["https:\/\/mail.schweizer-tierschutz-sts.ch\/it\/detenzione-di-animali\/allevamento-di-animali-domestici\/viaggiare-con-gli-animali\/"]}]},{"@type":"ImageObject","inLanguage":"it-IT","@id":"https:\/\/mail.schweizer-tierschutz-sts.ch\/it\/detenzione-di-animali\/allevamento-di-animali-domestici\/viaggiare-con-gli-animali\/#primaryimage","url":"https:\/\/tierschutz.com\/app\/uploads\/2023\/05\/14501485245_b19d801353_k.jpg","contentUrl":"https:\/\/tierschutz.com\/app\/uploads\/2023\/05\/14501485245_b19d801353_k.jpg"},{"@type":"BreadcrumbList","@id":"https:\/\/mail.schweizer-tierschutz-sts.ch\/it\/detenzione-di-animali\/allevamento-di-animali-domestici\/viaggiare-con-gli-animali\/#breadcrumb","itemListElement":[{"@type":"ListItem","position":1,"name":"Pagina iniziale","item":"https:\/\/tierschutz.com\/it\/"},{"@type":"ListItem","position":2,"name":"Detenzione di animali","item":"https:\/\/mail.schweizer-tierschutz.ch\/it\/detenzione-di-animali\/"},{"@type":"ListItem","position":3,"name":"Allevamento di animali domestici","item":"https:\/\/mail.protezione-animali-psa.ch\/it\/detenzione-di-animali\/allevamento-di-animali-domestici\/"},{"@type":"ListItem","position":4,"name":"Viaggiare con gli animali"}]},{"@type":"WebSite","@id":"https:\/\/tierschutz.com\/it\/#website","url":"https:\/\/tierschutz.com\/it\/","name":"tierschutz.com","description":"Wir setzen uns f\u00fcr das Wohl der Tiere ein.","publisher":{"@id":"https:\/\/tierschutz.com\/it\/#organization"},"alternateName":"Schweizer Tierschutz STS","potentialAction":[{"@type":"SearchAction","target":{"@type":"EntryPoint","urlTemplate":"https:\/\/tierschutz.com\/it\/?s={search_term_string}"},"query-input":{"@type":"PropertyValueSpecification","valueRequired":true,"valueName":"search_term_string"}}],"inLanguage":"it-IT"},{"@type":"Organization","@id":"https:\/\/tierschutz.com\/it\/#organization","name":"Schweizer Tierschutz STS","alternateName":"STS","url":"https:\/\/tierschutz.com\/it\/","logo":{"@type":"ImageObject","inLanguage":"it-IT","@id":"https:\/\/tierschutz.com\/it\/#\/schema\/logo\/image\/","url":"https:\/\/mail.schweizer-tierschutz-sts.ch\/app\/uploads\/2024\/04\/logo-schweizer-tierschutz-sts-1.svg","contentUrl":"https:\/\/mail.schweizer-tierschutz-sts.ch\/app\/uploads\/2024\/04\/logo-schweizer-tierschutz-sts-1.svg","caption":"Schweizer Tierschutz STS"},"image":{"@id":"https:\/\/tierschutz.com\/it\/#\/schema\/logo\/image\/"},"sameAs":["https:\/\/www.facebook.com\/schweizertierschutz\/","https:\/\/www.instagram.com\/schweizertierschutzsts\/","https:\/\/www.youtube.com\/@STS_Tierschutz","https:\/\/www.linkedin.com\/company\/schweizertierschutzsts\/"],"description":"Der Schweizer Tierschutz STS ist der Dachverband von 71 Tierschutzorganisationen in allen Sprachregionen der Schweiz und in Liechtenstein. Seine Mitarbeitenden leisten wissenschaftlich fundierte Grundlagenarbeit, setzen sich mit Projekten und Aktionen f\u00fcr den Schutz und das Wohlbefinden von Heim-, Wild-, Nutz- und Versuchstieren ein und sensibilisieren die \u00d6ffentlichkeit f\u00fcr Tierschutzthemen.","email":"sts@tierschutz.com","telephone":"061 365 99 99","legalName":"Schweizer Tierschutz STS"}]}},"_links":{"self":[{"href":"https:\/\/mail.schweizer-tierschutz-sts.ch\/it\/wp-json\/wp\/v2\/pages\/2070","targetHints":{"allow":["GET"]}}],"collection":[{"href":"https:\/\/mail.schweizer-tierschutz-sts.ch\/it\/wp-json\/wp\/v2\/pages"}],"about":[{"href":"https:\/\/mail.schweizer-tierschutz-sts.ch\/it\/wp-json\/wp\/v2\/types\/page"}],"author":[{"embeddable":true,"href":"https:\/\/mail.schweizer-tierschutz-sts.ch\/it\/wp-json\/wp\/v2\/users\/5"}],"replies":[{"embeddable":true,"href":"https:\/\/mail.schweizer-tierschutz-sts.ch\/it\/wp-json\/wp\/v2\/comments?post=2070"}],"version-history":[{"count":4,"href":"https:\/\/mail.schweizer-tierschutz-sts.ch\/it\/wp-json\/wp\/v2\/pages\/2070\/revisions"}],"predecessor-version":[{"id":7145,"href":"https:\/\/mail.schweizer-tierschutz-sts.ch\/it\/wp-json\/wp\/v2\/pages\/2070\/revisions\/7145"}],"up":[{"embeddable":true,"href":"https:\/\/mail.schweizer-tierschutz-sts.ch\/it\/wp-json\/wp\/v2\/pages\/4266"}],"wp:attachment":[{"href":"https:\/\/mail.schweizer-tierschutz-sts.ch\/it\/wp-json\/wp\/v2\/media?parent=2070"}],"curies":[{"name":"wp","href":"https:\/\/api.w.org\/{rel}","templated":true}]}}