{"id":5036,"date":"2023-05-04T11:25:32","date_gmt":"2023-05-04T09:25:32","guid":{"rendered":"https:\/\/dev.tierschutz.com\/?page_id=5036"},"modified":"2023-06-29T14:55:39","modified_gmt":"2023-06-29T12:55:39","slug":"multimedia-psa","status":"publish","type":"page","link":"https:\/\/mail.schweizer-tierschutz-sts.ch\/fr\/multimedia-psa\/","title":{"rendered":"Multim\u00e9dia PSA"},"content":{"rendered":"\n<div class=\"wp-block-cover alignfull is-light\" style=\"min-height:100vh;aspect-ratio:unset;\"><span aria-hidden=\"true\" class=\"wp-block-cover__background has-background-dim-20 has-background-dim\"><\/span><img loading=\"lazy\" decoding=\"async\" width=\"2560\" height=\"1639\" class=\"wp-block-cover__image-background wp-image-5321\" alt=\"\" src=\"https:\/\/tierschutz.com\/app\/uploads\/2023\/06\/sts-multimedia-scaled.jpg\" style=\"object-position:45% 45%\" data-object-fit=\"cover\" data-object-position=\"45% 45%\" srcset=\"https:\/\/mail.schweizer-tierschutz-sts.ch\/app\/uploads\/2023\/06\/sts-multimedia-scaled.jpg 2560w, https:\/\/mail.schweizer-tierschutz-sts.ch\/app\/uploads\/2023\/06\/sts-multimedia-300x192.jpg 300w, https:\/\/mail.schweizer-tierschutz-sts.ch\/app\/uploads\/2023\/06\/sts-multimedia-1024x656.jpg 1024w, https:\/\/mail.schweizer-tierschutz-sts.ch\/app\/uploads\/2023\/06\/sts-multimedia-768x492.jpg 768w, https:\/\/mail.schweizer-tierschutz-sts.ch\/app\/uploads\/2023\/06\/sts-multimedia-1536x983.jpg 1536w, https:\/\/mail.schweizer-tierschutz-sts.ch\/app\/uploads\/2023\/06\/sts-multimedia-2048x1311.jpg 2048w\" sizes=\"auto, (max-width: 2560px) 100vw, 2560px\" \/><div class=\"wp-block-cover__inner-container is-layout-flow wp-block-cover-is-layout-flow\">\n<h2 class=\"wp-block-heading has-text-align-center has-background-color has-text-color\"><strong><strong>Multim\u00e9dia PSA<\/strong><\/strong><\/h2>\n<\/div><\/div>\n\n\n\n<div class=\"wp-block-group has-background-background-color has-background is-layout-constrained wp-block-group-is-layout-constrained\"><div class=\"yoast-breadcrumbs\"><span><span><a href=\"https:\/\/tierschutz.com\/fr\/\">Page d\u2019accueil<\/a><\/span> \u00bb <span class=\"breadcrumb_last\" aria-current=\"page\">Multim\u00e9dia PSA<\/span><\/span><\/div>\n\n\n<div class=\"wp-block-columns is-layout-flex wp-container-core-columns-is-layout-28f84493 wp-block-columns-is-layout-flex\">\n<div class=\"wp-block-column is-layout-flow wp-block-column-is-layout-flow\">\n<div class=\"wp-block-media-text alignwide is-stacked-on-mobile is-style-stacked-shadow no-inset\"><figure class=\"wp-block-media-text__media\"><img loading=\"lazy\" decoding=\"async\" width=\"1024\" height=\"658\" src=\"https:\/\/tierschutz.com\/app\/uploads\/2023\/05\/STS-Formate-1024x658.jpg\" alt=\"Ein Ziegenbock auf einem Berg\" class=\"wp-image-2467 size-full\" srcset=\"https:\/\/mail.schweizer-tierschutz-sts.ch\/app\/uploads\/2023\/05\/STS-Formate-1024x658.jpg 1024w, https:\/\/mail.schweizer-tierschutz-sts.ch\/app\/uploads\/2023\/05\/STS-Formate-300x193.jpg 300w, https:\/\/mail.schweizer-tierschutz-sts.ch\/app\/uploads\/2023\/05\/STS-Formate-768x494.jpg 768w, https:\/\/mail.schweizer-tierschutz-sts.ch\/app\/uploads\/2023\/05\/STS-Formate.jpg 1416w\" sizes=\"auto, (max-width: 1024px) 100vw, 1024px\" \/><\/figure><div class=\"wp-block-media-text__content\">\n<h3 class=\"wp-block-heading\"><strong><strong>Formats<\/strong><\/strong><\/h3>\n\n\n\n<p>Des articles r\u00e9cents, des histoires touchantes et des articles passionnants. Le magazine STS contient les histoires les plus passionnantes et vous les pr\u00e9sente dans un format compact.<\/p>\n\n\n\n<div class=\"wp-block-buttons is-layout-flex wp-block-buttons-is-layout-flex\">\n<div class=\"wp-block-button\"><a class=\"wp-block-button__link wp-element-button\" href=\"https:\/\/tierschutz.com\/fr\/multimedia-psa\/formats\/\">En savoir plus<\/a><\/div>\n<\/div>\n<\/div><\/div>\n<\/div>\n\n\n\n<div class=\"wp-block-column is-layout-flow wp-block-column-is-layout-flow\">\n<div class=\"wp-block-media-text alignwide is-stacked-on-mobile is-style-stacked-shadow no-inset\"><figure class=\"wp-block-media-text__media\"><img loading=\"lazy\" decoding=\"async\" width=\"1024\" height=\"658\" src=\"https:\/\/tierschutz.com\/app\/uploads\/2023\/05\/STS-Newsroom-1024x658.jpg\" alt=\"Ein gr\u00fcnes Reptil auf Steinen\" class=\"wp-image-2452 size-full\" srcset=\"https:\/\/mail.schweizer-tierschutz-sts.ch\/app\/uploads\/2023\/05\/STS-Newsroom-1024x658.jpg 1024w, https:\/\/mail.schweizer-tierschutz-sts.ch\/app\/uploads\/2023\/05\/STS-Newsroom-300x193.jpg 300w, https:\/\/mail.schweizer-tierschutz-sts.ch\/app\/uploads\/2023\/05\/STS-Newsroom-768x494.jpg 768w, https:\/\/mail.schweizer-tierschutz-sts.ch\/app\/uploads\/2023\/05\/STS-Newsroom.jpg 1416w\" sizes=\"auto, (max-width: 1024px) 100vw, 1024px\" \/><\/figure><div class=\"wp-block-media-text__content\">\n<h3 class=\"wp-block-heading\"><strong><strong>Newsroom<\/strong><\/strong><\/h3>\n\n\n\n<p>Vous voulez \u00eatre toujours au courant des derni\u00e8res nouvelles et lire des articles sur la PSA ? Alors inscrivez-vous d\u00e8s maintenant pour recevoir le magazine de la PSA.<\/p>\n\n\n\n<div class=\"wp-block-buttons is-layout-flex wp-block-buttons-is-layout-flex\">\n<div class=\"wp-block-button\"><a class=\"wp-block-button__link wp-element-button\" href=\"https:\/\/tierschutz.com\/fr\/multimedia-psa\/newsroom\/\">En savoir plus<\/a><\/div>\n<\/div>\n<\/div><\/div>\n<\/div>\n<\/div>\n<\/div>\n","protected":false},"excerpt":{"rendered":"<p>Formats Des articles r\u00e9cents, des histoires touchantes et des articles passionnants. Le magazine STS contient les histoires les plus passionnantes [&hellip;]<\/p>\n","protected":false},"author":5,"featured_media":0,"parent":0,"menu_order":430,"comment_status":"closed","ping_status":"closed","template":"","meta":{"_acf_changed":false,"inline_featured_image":false,"_vp_format_video_url":"","_vp_image_focal_point":[],"footnotes":""},"class_list":["post-5036","page","type-page","status-publish","hentry"],"acf":[],"yoast_head":"<!-- This site is optimized with the Yoast SEO Premium plugin v27.4 (Yoast SEO v27.4) - https:\/\/yoast.com\/product\/yoast-seo-premium-wordpress\/ -->\n<title>Multim\u00e9dia PSA - Protection Suisse des Animaux PSA<\/title>\n<meta name=\"robots\" content=\"index, follow, max-snippet:-1, max-image-preview:large, max-video-preview:-1\" \/>\n<link rel=\"canonical\" href=\"https:\/\/mail.schweizer-tierschutz-sts.ch\/fr\/multimedia-psa\/\" \/>\n<meta property=\"og:locale\" content=\"fr_FR\" \/>\n<meta property=\"og:type\" content=\"article\" \/>\n<meta property=\"og:title\" content=\"Multim\u00e9dia PSA\" \/>\n<meta property=\"og:description\" content=\"Formats Des articles r\u00e9cents, des histoires touchantes et des articles passionnants. Le magazine STS contient les histoires les plus passionnantes [&hellip;]\" \/>\n<meta property=\"og:url\" content=\"https:\/\/mail.schweizer-tierschutz-sts.ch\/fr\/multimedia-psa\/\" \/>\n<meta property=\"og:site_name\" content=\"Protection Suisse des Animaux PSA\" \/>\n<meta property=\"article:publisher\" content=\"https:\/\/www.facebook.com\/schweizertierschutz\/\" \/>\n<meta property=\"article:modified_time\" content=\"2023-06-29T12:55:39+00:00\" \/>\n<meta property=\"og:image\" content=\"https:\/\/tierschutz.com\/app\/uploads\/2023\/06\/sts-multimedia-scaled.jpg\" \/>\n<meta name=\"twitter:card\" content=\"summary_large_image\" \/>\n<script type=\"application\/ld+json\" class=\"yoast-schema-graph\">{\"@context\":\"https:\\\/\\\/schema.org\",\"@graph\":[{\"@type\":\"WebPage\",\"@id\":\"https:\\\/\\\/mail.schweizer-tierschutz-sts.ch\\\/fr\\\/multimedia-psa\\\/\",\"url\":\"https:\\\/\\\/mail.schweizer-tierschutz-sts.ch\\\/fr\\\/multimedia-psa\\\/\",\"name\":\"Multim\u00e9dia PSA - Protection Suisse des Animaux PSA\",\"isPartOf\":{\"@id\":\"https:\\\/\\\/tierschutz.com\\\/fr\\\/#website\"},\"primaryImageOfPage\":{\"@id\":\"https:\\\/\\\/mail.schweizer-tierschutz-sts.ch\\\/fr\\\/multimedia-psa\\\/#primaryimage\"},\"image\":{\"@id\":\"https:\\\/\\\/mail.schweizer-tierschutz-sts.ch\\\/fr\\\/multimedia-psa\\\/#primaryimage\"},\"thumbnailUrl\":\"https:\\\/\\\/tierschutz.com\\\/app\\\/uploads\\\/2023\\\/06\\\/sts-multimedia-scaled.jpg\",\"datePublished\":\"2023-05-04T09:25:32+00:00\",\"dateModified\":\"2023-06-29T12:55:39+00:00\",\"breadcrumb\":{\"@id\":\"https:\\\/\\\/mail.schweizer-tierschutz-sts.ch\\\/fr\\\/multimedia-psa\\\/#breadcrumb\"},\"inLanguage\":\"fr-FR\",\"potentialAction\":[{\"@type\":\"ReadAction\",\"target\":[\"https:\\\/\\\/mail.schweizer-tierschutz-sts.ch\\\/fr\\\/multimedia-psa\\\/\"]}]},{\"@type\":\"ImageObject\",\"inLanguage\":\"fr-FR\",\"@id\":\"https:\\\/\\\/mail.schweizer-tierschutz-sts.ch\\\/fr\\\/multimedia-psa\\\/#primaryimage\",\"url\":\"https:\\\/\\\/tierschutz.com\\\/app\\\/uploads\\\/2023\\\/06\\\/sts-multimedia-scaled.jpg\",\"contentUrl\":\"https:\\\/\\\/tierschutz.com\\\/app\\\/uploads\\\/2023\\\/06\\\/sts-multimedia-scaled.jpg\"},{\"@type\":\"BreadcrumbList\",\"@id\":\"https:\\\/\\\/mail.schweizer-tierschutz-sts.ch\\\/fr\\\/multimedia-psa\\\/#breadcrumb\",\"itemListElement\":[{\"@type\":\"ListItem\",\"position\":1,\"name\":\"Page d\u2019accueil\",\"item\":\"https:\\\/\\\/tierschutz.com\\\/fr\\\/\"},{\"@type\":\"ListItem\",\"position\":2,\"name\":\"Multim\u00e9dia PSA\"}]},{\"@type\":\"WebSite\",\"@id\":\"https:\\\/\\\/tierschutz.com\\\/fr\\\/#website\",\"url\":\"https:\\\/\\\/tierschutz.com\\\/fr\\\/\",\"name\":\"tierschutz.com\",\"description\":\"Wir setzen uns f\u00fcr das Wohl der Tiere ein.\",\"publisher\":{\"@id\":\"https:\\\/\\\/tierschutz.com\\\/fr\\\/#organization\"},\"alternateName\":\"Schweizer Tierschutz STS\",\"potentialAction\":[{\"@type\":\"SearchAction\",\"target\":{\"@type\":\"EntryPoint\",\"urlTemplate\":\"https:\\\/\\\/tierschutz.com\\\/fr\\\/?s={search_term_string}\"},\"query-input\":{\"@type\":\"PropertyValueSpecification\",\"valueRequired\":true,\"valueName\":\"search_term_string\"}}],\"inLanguage\":\"fr-FR\"},{\"@type\":\"Organization\",\"@id\":\"https:\\\/\\\/tierschutz.com\\\/fr\\\/#organization\",\"name\":\"Schweizer Tierschutz STS\",\"alternateName\":\"STS\",\"url\":\"https:\\\/\\\/tierschutz.com\\\/fr\\\/\",\"logo\":{\"@type\":\"ImageObject\",\"inLanguage\":\"fr-FR\",\"@id\":\"https:\\\/\\\/tierschutz.com\\\/fr\\\/#\\\/schema\\\/logo\\\/image\\\/\",\"url\":\"https:\\\/\\\/mail.schweizer-tierschutz-sts.ch\\\/app\\\/uploads\\\/2024\\\/04\\\/logo-schweizer-tierschutz-sts-1.svg\",\"contentUrl\":\"https:\\\/\\\/mail.schweizer-tierschutz-sts.ch\\\/app\\\/uploads\\\/2024\\\/04\\\/logo-schweizer-tierschutz-sts-1.svg\",\"caption\":\"Schweizer Tierschutz STS\"},\"image\":{\"@id\":\"https:\\\/\\\/tierschutz.com\\\/fr\\\/#\\\/schema\\\/logo\\\/image\\\/\"},\"sameAs\":[\"https:\\\/\\\/www.facebook.com\\\/schweizertierschutz\\\/\",\"https:\\\/\\\/www.instagram.com\\\/schweizertierschutzsts\\\/\",\"https:\\\/\\\/www.youtube.com\\\/@STS_Tierschutz\",\"https:\\\/\\\/www.linkedin.com\\\/company\\\/schweizertierschutzsts\\\/\"],\"description\":\"Der Schweizer Tierschutz STS ist der Dachverband von 71 Tierschutzorganisationen in allen Sprachregionen der Schweiz und in Liechtenstein. Seine Mitarbeitenden leisten wissenschaftlich fundierte Grundlagenarbeit, setzen sich mit Projekten und Aktionen f\u00fcr den Schutz und das Wohlbefinden von Heim-, Wild-, Nutz- und Versuchstieren ein und sensibilisieren die \u00d6ffentlichkeit f\u00fcr Tierschutzthemen.\",\"email\":\"sts@tierschutz.com\",\"telephone\":\"061 365 99 99\",\"legalName\":\"Schweizer Tierschutz STS\"}]}<\/script>\n<!-- \/ Yoast SEO Premium plugin. -->","yoast_head_json":{"title":"Multim\u00e9dia PSA - Protection Suisse des Animaux PSA","robots":{"index":"index","follow":"follow","max-snippet":"max-snippet:-1","max-image-preview":"max-image-preview:large","max-video-preview":"max-video-preview:-1"},"canonical":"https:\/\/mail.schweizer-tierschutz-sts.ch\/fr\/multimedia-psa\/","og_locale":"fr_FR","og_type":"article","og_title":"Multim\u00e9dia PSA","og_description":"Formats Des articles r\u00e9cents, des histoires touchantes et des articles passionnants. Le magazine STS contient les histoires les plus passionnantes [&hellip;]","og_url":"https:\/\/mail.schweizer-tierschutz-sts.ch\/fr\/multimedia-psa\/","og_site_name":"Protection Suisse des Animaux PSA","article_publisher":"https:\/\/www.facebook.com\/schweizertierschutz\/","article_modified_time":"2023-06-29T12:55:39+00:00","og_image":[{"url":"https:\/\/tierschutz.com\/app\/uploads\/2023\/06\/sts-multimedia-scaled.jpg","type":"","width":"","height":""}],"twitter_card":"summary_large_image","schema":{"@context":"https:\/\/schema.org","@graph":[{"@type":"WebPage","@id":"https:\/\/mail.schweizer-tierschutz-sts.ch\/fr\/multimedia-psa\/","url":"https:\/\/mail.schweizer-tierschutz-sts.ch\/fr\/multimedia-psa\/","name":"Multim\u00e9dia PSA - Protection Suisse des Animaux PSA","isPartOf":{"@id":"https:\/\/tierschutz.com\/fr\/#website"},"primaryImageOfPage":{"@id":"https:\/\/mail.schweizer-tierschutz-sts.ch\/fr\/multimedia-psa\/#primaryimage"},"image":{"@id":"https:\/\/mail.schweizer-tierschutz-sts.ch\/fr\/multimedia-psa\/#primaryimage"},"thumbnailUrl":"https:\/\/tierschutz.com\/app\/uploads\/2023\/06\/sts-multimedia-scaled.jpg","datePublished":"2023-05-04T09:25:32+00:00","dateModified":"2023-06-29T12:55:39+00:00","breadcrumb":{"@id":"https:\/\/mail.schweizer-tierschutz-sts.ch\/fr\/multimedia-psa\/#breadcrumb"},"inLanguage":"fr-FR","potentialAction":[{"@type":"ReadAction","target":["https:\/\/mail.schweizer-tierschutz-sts.ch\/fr\/multimedia-psa\/"]}]},{"@type":"ImageObject","inLanguage":"fr-FR","@id":"https:\/\/mail.schweizer-tierschutz-sts.ch\/fr\/multimedia-psa\/#primaryimage","url":"https:\/\/tierschutz.com\/app\/uploads\/2023\/06\/sts-multimedia-scaled.jpg","contentUrl":"https:\/\/tierschutz.com\/app\/uploads\/2023\/06\/sts-multimedia-scaled.jpg"},{"@type":"BreadcrumbList","@id":"https:\/\/mail.schweizer-tierschutz-sts.ch\/fr\/multimedia-psa\/#breadcrumb","itemListElement":[{"@type":"ListItem","position":1,"name":"Page d\u2019accueil","item":"https:\/\/tierschutz.com\/fr\/"},{"@type":"ListItem","position":2,"name":"Multim\u00e9dia PSA"}]},{"@type":"WebSite","@id":"https:\/\/tierschutz.com\/fr\/#website","url":"https:\/\/tierschutz.com\/fr\/","name":"tierschutz.com","description":"Wir setzen uns f\u00fcr das Wohl der Tiere ein.","publisher":{"@id":"https:\/\/tierschutz.com\/fr\/#organization"},"alternateName":"Schweizer Tierschutz STS","potentialAction":[{"@type":"SearchAction","target":{"@type":"EntryPoint","urlTemplate":"https:\/\/tierschutz.com\/fr\/?s={search_term_string}"},"query-input":{"@type":"PropertyValueSpecification","valueRequired":true,"valueName":"search_term_string"}}],"inLanguage":"fr-FR"},{"@type":"Organization","@id":"https:\/\/tierschutz.com\/fr\/#organization","name":"Schweizer Tierschutz STS","alternateName":"STS","url":"https:\/\/tierschutz.com\/fr\/","logo":{"@type":"ImageObject","inLanguage":"fr-FR","@id":"https:\/\/tierschutz.com\/fr\/#\/schema\/logo\/image\/","url":"https:\/\/mail.schweizer-tierschutz-sts.ch\/app\/uploads\/2024\/04\/logo-schweizer-tierschutz-sts-1.svg","contentUrl":"https:\/\/mail.schweizer-tierschutz-sts.ch\/app\/uploads\/2024\/04\/logo-schweizer-tierschutz-sts-1.svg","caption":"Schweizer Tierschutz STS"},"image":{"@id":"https:\/\/tierschutz.com\/fr\/#\/schema\/logo\/image\/"},"sameAs":["https:\/\/www.facebook.com\/schweizertierschutz\/","https:\/\/www.instagram.com\/schweizertierschutzsts\/","https:\/\/www.youtube.com\/@STS_Tierschutz","https:\/\/www.linkedin.com\/company\/schweizertierschutzsts\/"],"description":"Der Schweizer Tierschutz STS ist der Dachverband von 71 Tierschutzorganisationen in allen Sprachregionen der Schweiz und in Liechtenstein. Seine Mitarbeitenden leisten wissenschaftlich fundierte Grundlagenarbeit, setzen sich mit Projekten und Aktionen f\u00fcr den Schutz und das Wohlbefinden von Heim-, Wild-, Nutz- und Versuchstieren ein und sensibilisieren die \u00d6ffentlichkeit f\u00fcr Tierschutzthemen.","email":"sts@tierschutz.com","telephone":"061 365 99 99","legalName":"Schweizer Tierschutz STS"}]}},"_links":{"self":[{"href":"https:\/\/mail.schweizer-tierschutz-sts.ch\/fr\/wp-json\/wp\/v2\/pages\/5036","targetHints":{"allow":["GET"]}}],"collection":[{"href":"https:\/\/mail.schweizer-tierschutz-sts.ch\/fr\/wp-json\/wp\/v2\/pages"}],"about":[{"href":"https:\/\/mail.schweizer-tierschutz-sts.ch\/fr\/wp-json\/wp\/v2\/types\/page"}],"author":[{"embeddable":true,"href":"https:\/\/mail.schweizer-tierschutz-sts.ch\/fr\/wp-json\/wp\/v2\/users\/5"}],"replies":[{"embeddable":true,"href":"https:\/\/mail.schweizer-tierschutz-sts.ch\/fr\/wp-json\/wp\/v2\/comments?post=5036"}],"version-history":[{"count":5,"href":"https:\/\/mail.schweizer-tierschutz-sts.ch\/fr\/wp-json\/wp\/v2\/pages\/5036\/revisions"}],"predecessor-version":[{"id":7344,"href":"https:\/\/mail.schweizer-tierschutz-sts.ch\/fr\/wp-json\/wp\/v2\/pages\/5036\/revisions\/7344"}],"wp:attachment":[{"href":"https:\/\/mail.schweizer-tierschutz-sts.ch\/fr\/wp-json\/wp\/v2\/media?parent=5036"}],"curies":[{"name":"wp","href":"https:\/\/api.w.org\/{rel}","templated":true}]}}