{"id":4624,"date":"2023-05-04T15:12:53","date_gmt":"2023-05-04T13:12:53","guid":{"rendered":"https:\/\/dev.tierschutz.com\/?page_id=4624"},"modified":"2024-05-10T15:08:19","modified_gmt":"2024-05-10T13:08:19","slug":"declaration-dun-accident-du-au-gibier","status":"publish","type":"page","link":"https:\/\/mail.schweizer-tierschutz-sts.ch\/fr\/protection-des-animaux\/urgence-animale\/declaration-dun-accident-du-au-gibier\/","title":{"rendered":"D\u00e9claration d\u2019un accident d\u00fb au gibier"},"content":{"rendered":"\n<div class=\"wp-block-cover alignfull is-light\"><span aria-hidden=\"true\" class=\"wp-block-cover__background has-background-dim-20 has-background-dim\"><\/span><img loading=\"lazy\" decoding=\"async\" width=\"1688\" height=\"1126\" class=\"wp-block-cover__image-background wp-image-995\" alt=\"\" src=\"https:\/\/tierschutz.com\/app\/uploads\/2023\/05\/sts-wildunfall-melden.png\" data-object-fit=\"cover\" srcset=\"https:\/\/mail.schweizer-tierschutz-sts.ch\/app\/uploads\/2023\/05\/sts-wildunfall-melden.png 1688w, https:\/\/mail.schweizer-tierschutz-sts.ch\/app\/uploads\/2023\/05\/sts-wildunfall-melden-300x200.png 300w, https:\/\/mail.schweizer-tierschutz-sts.ch\/app\/uploads\/2023\/05\/sts-wildunfall-melden-1024x683.png 1024w, https:\/\/mail.schweizer-tierschutz-sts.ch\/app\/uploads\/2023\/05\/sts-wildunfall-melden-768x512.png 768w, https:\/\/mail.schweizer-tierschutz-sts.ch\/app\/uploads\/2023\/05\/sts-wildunfall-melden-1536x1025.png 1536w\" sizes=\"auto, (max-width: 1688px) 100vw, 1688px\" \/><div class=\"wp-block-cover__inner-container is-layout-flow wp-block-cover-is-layout-flow\">\n<h2 class=\"wp-block-heading has-text-align-center has-background-color has-text-color\"><strong>D\u00e9claration d\u2019un accident d\u00fb au gibier<\/strong><\/h2>\n<\/div><\/div>\n\n\n\n<div class=\"wp-block-group alignfull anchor-bar has-lightgray-background-color has-background is-layout-constrained wp-block-group-is-layout-constrained\">\n<div class=\"wp-block-group is-content-justification-space-between is-layout-flex wp-container-core-group-is-layout-9366075c wp-block-group-is-layout-flex\">\n<p class=\"has-large-font-size\"><a data-type=\"internal\" data-id=\"#verhalten\" href=\"#verhalten\"><strong>Comportement correct<\/strong><\/a><\/p>\n\n\n\n<p class=\"has-large-font-size\"><strong><a data-type=\"internal\" data-id=\"#vermeiden\" href=\"#vermeiden\">\u00c9viter les accidents dus au gibier<\/a><\/strong><\/p>\n\n\n\n<p class=\"has-large-font-size\"><a data-type=\"internal\" data-id=\"#downloads\" href=\"#downloads\"><strong>T\u00e9l\u00e9chargements<\/strong><\/a><\/p>\n<\/div>\n<\/div>\n\n\n\n<div class=\"wp-block-group alignfull has-background-background-color has-background is-layout-constrained wp-block-group-is-layout-constrained\"><div class=\"yoast-breadcrumbs\"><span><span><a href=\"https:\/\/mail.schweizer-tierschutz.ch\/fr\/\">Page d\u2019accueil<\/a><\/span> \u00bb <span><a href=\"https:\/\/mail.protezione-animali-psa.ch\/fr\/protection-des-animaux\/\">Protection des animaux\u00a0<\/a><\/span> \u00bb <span><a href=\"https:\/\/tierschutz.com\/fr\/protection-des-animaux\/urgence-animale\/\">Urgence animale<\/a><\/span> \u00bb <span class=\"breadcrumb_last\" aria-current=\"page\">D\u00e9claration d\u2019un accident d\u00fb au gibier<\/span><\/span><\/div>\n\n\n<h1 class=\"wp-block-heading has-text-align-center\"><strong><strong>Accident d\u00fb au gibier \u2013 que faire?<\/strong><\/strong><\/h1>\n\n\n\n<hr class=\"wp-block-separator has-text-color has-primary-color has-alpha-channel-opacity has-primary-background-color has-background\"\/>\n\n\n\n<p class=\"has-text-align-center\">Cela peut arriver en un rien de temps: un animal sauvage fait irruption de nulle part sur la route, vous parvenez tout juste \u00e0 appuyer sur les freins, mais la voiture s\u2019immobilise bien trop tard. Chaque collision peut gri\u00e8vement blesser l\u2019animal \u2013 ainsi que les occupants de la voiture. La Protection Suisse des Animaux PSA vous explique comment vous pouvez agir correctement en cas d\u2019accident d\u00fb au gibier et comment l\u2019\u00e9viter.<\/p>\n<\/div>\n\n\n\n<div class=\"wp-block-media-text is-stacked-on-mobile is-image-fill is-style-shadow has-background-background-color has-background\" id=\"verhalten\"><figure class=\"wp-block-media-text__media\" style=\"background-image:url(https:\/\/tierschutz.com\/app\/uploads\/2023\/05\/sts-wildunfall-vermeiden-1024x683.jpg);background-position:50% 50%\"><img loading=\"lazy\" decoding=\"async\" width=\"1024\" height=\"683\" src=\"https:\/\/tierschutz.com\/app\/uploads\/2023\/05\/sts-wildunfall-vermeiden-1024x683.jpg\" alt=\"Ein junges Hirsch mit zwei H\u00f6rnern auf einer Wiese vor einem verschwommenen Hintergrund\" class=\"wp-image-1005 size-full\" srcset=\"https:\/\/mail.schweizer-tierschutz-sts.ch\/app\/uploads\/2023\/05\/sts-wildunfall-vermeiden-1024x683.jpg 1024w, https:\/\/mail.schweizer-tierschutz-sts.ch\/app\/uploads\/2023\/05\/sts-wildunfall-vermeiden-300x200.jpg 300w, https:\/\/mail.schweizer-tierschutz-sts.ch\/app\/uploads\/2023\/05\/sts-wildunfall-vermeiden-768x512.jpg 768w, https:\/\/mail.schweizer-tierschutz-sts.ch\/app\/uploads\/2023\/05\/sts-wildunfall-vermeiden-1536x1024.jpg 1536w, https:\/\/mail.schweizer-tierschutz-sts.ch\/app\/uploads\/2023\/05\/sts-wildunfall-vermeiden.jpg 1920w\" sizes=\"auto, (max-width: 1024px) 100vw, 1024px\" \/><\/figure><div class=\"wp-block-media-text__content\">\n<h3 class=\"wp-block-heading\"><strong><strong><strong>Voici le bon comportement \u00e0 adopter en cas d\u2019accident d\u00fb au gibier<\/strong><\/strong><\/strong><\/h3>\n\n\n\n<ul class=\"wp-block-list\">\n<li class=\"is-style-check\">Arr\u00eatez-vous imm\u00e9diatement dans un endroit s\u00fbr et allumez vos feux de d\u00e9tresse.<\/li>\n\n\n\n<li class=\"is-style-check\">S\u00e9curisez le lieu de l\u2019accident avec un triangle de signalisation \u2013 v\u00eatu de votre gilet de s\u00e9curit\u00e9 (m\u00eame de jour!)<\/li>\n\n\n\n<li class=\"is-style-check\">Appelez la police (num\u00e9ro d\u2019urgence 117) et signalez l\u2019accident d\u00fb au gibier. L\u2019omission d\u2019aviser et l\u2019abandon du lieu de l\u2019accident sont passibles d\u2019une peine.<\/li>\n\n\n\n<li class=\"is-style-check\">&nbsp;Attendez la police, le chasseur ou le garde-chasse dans un endroit s\u00fbr pr\u00e8s du lieu de l\u2019accident. Ne vous approchez en aucun cas de l\u2019animal sauvage qui a \u00e9t\u00e9 heurt\u00e9 par le v\u00e9hicule. Il ressent du stress et des douleurs. Cet \u00e9tat est aggrav\u00e9 par la proximit\u00e9 d\u2019une personne. Les animaux pris de peur peuvent alors griffer ou m\u00eame mordre.<\/li>\n\n\n\n<li class=\"is-style-check\">Les dommages mat\u00e9riels au v\u00e9hicule seront rembours\u00e9s si une assurance casco partielle ou compl\u00e8te a \u00e9t\u00e9 souscrite et que l\u2019accident a \u00e9t\u00e9 imm\u00e9diatement signal\u00e9 \u00e0 la police et constat\u00e9.<\/li>\n<\/ul>\n<\/div><\/div>\n\n\n\n<div class=\"wp-block-media-text has-media-on-the-right is-stacked-on-mobile is-image-fill is-style-shadow has-background-background-color has-background\" id=\"vermeiden\"><div class=\"wp-block-media-text__content\">\n<h3 class=\"wp-block-heading\"><strong><strong>Voici comment \u00e9viter un accident d\u00fb au gibier<\/strong><\/strong><\/h3>\n\n\n\n<ul class=\"wp-block-list\">\n<li class=\"is-style-check\">R\u00e9duisez la vitesse lorsque vous conduisez, en particulier \u00e0 la tomb\u00e9e de la nuit et de nuit ainsi que dans les endroits sans visibilit\u00e9 le long des champs, des haies, des for\u00eats et dans les zones r\u00e9sidentielles.<\/li>\n\n\n\n<li class=\"is-style-check\">Il est imp\u00e9ratif d\u2019\u00eatre particuli\u00e8rement attentif et pr\u00eat \u00e0 freiner en cas d\u2019avertissements et de panneaux y invitant.<\/li>\n\n\n\n<li class=\"is-style-check\">Si vous apercevez un animal \u00e0 proximit\u00e9, ralentissez et baissez l\u2019intensit\u00e9 des phares. Si vous voyez un animal au bord de la route, par pr\u00e9caution, arr\u00eatez-vous compl\u00e8tement (mettre les feux de d\u00e9tresse, klaxonner \u00e9ventuellement) jusqu\u2019\u00e0 ce que l\u2019animal ait recul\u00e9 ou travers\u00e9 la route en toute s\u00e9curit\u00e9. Les phares des voitures peuvent \u00e9blouir et effrayer les animaux sauvages, puis \u00eatre \u00e0 l\u2019origine de r\u00e9actions impr\u00e9visibles. Faites signe aux v\u00e9hicules venant en sens inverse de ralentir \u00e9galement.<\/li>\n<\/ul>\n<\/div><figure class=\"wp-block-media-text__media\" style=\"background-image:url(https:\/\/tierschutz.com\/app\/uploads\/2023\/05\/sts-verhalten-wildunfall-1024x682.jpg);background-position:48% 72%\"><img loading=\"lazy\" decoding=\"async\" width=\"1024\" height=\"682\" src=\"https:\/\/tierschutz.com\/app\/uploads\/2023\/05\/sts-verhalten-wildunfall-1024x682.jpg\" alt=\"Ein Igel auf einem Stein der mit Moos bedeckt ist und im Hintergrund ist verschwommen Gras zu sehen \" class=\"wp-image-1000 size-full\" srcset=\"https:\/\/mail.schweizer-tierschutz-sts.ch\/app\/uploads\/2023\/05\/sts-verhalten-wildunfall-1024x682.jpg 1024w, https:\/\/mail.schweizer-tierschutz-sts.ch\/app\/uploads\/2023\/05\/sts-verhalten-wildunfall-300x200.jpg 300w, https:\/\/mail.schweizer-tierschutz-sts.ch\/app\/uploads\/2023\/05\/sts-verhalten-wildunfall-768x512.jpg 768w, https:\/\/mail.schweizer-tierschutz-sts.ch\/app\/uploads\/2023\/05\/sts-verhalten-wildunfall-1536x1024.jpg 1536w, https:\/\/mail.schweizer-tierschutz-sts.ch\/app\/uploads\/2023\/05\/sts-verhalten-wildunfall-2048x1365.jpg 2048w\" sizes=\"auto, (max-width: 1024px) 100vw, 1024px\" \/><\/figure><\/div>\n\n\n\n<div id=\"downloads\" class=\"wp-block-group has-background-background-color has-background is-layout-constrained wp-block-group-is-layout-constrained\">\n<h2 class=\"wp-block-heading has-text-align-center\"><strong>Vous trouverez ici des Informations compl\u00e9mentaires:<\/strong><\/h2>\n\n\n\n<hr class=\"wp-block-separator has-text-color has-primary-color has-alpha-channel-opacity has-primary-background-color has-background\"\/>\n\n\n\n<div class=\"wp-block-group is-layout-flex wp-block-group-is-layout-flex\"><div class=\"wp-block-file-wrapper is-pdf\" data-filetype=\"PDF\" data-size=\"611 Ko\">\n<div class=\"wp-block-file\"><a id=\"wp-block-file--media-aeeb682b-2cc5-4e06-999a-d011aedfd58b\" href=\"https:\/\/tierschutz.com\/app\/uploads\/2023\/06\/mb_accidents_circulation.pdf\">mb_accidents_circulation<\/a><a href=\"https:\/\/tierschutz.com\/app\/uploads\/2023\/06\/mb_accidents_circulation.pdf\" class=\"wp-block-file__button wp-element-button\" download aria-describedby=\"wp-block-file--media-aeeb682b-2cc5-4e06-999a-d011aedfd58b\">T\u00e9l\u00e9charger<\/a><\/div>\n<\/div><\/div>\n<\/div>\n","protected":false},"excerpt":{"rendered":"<p>Comportement correct \u00c9viter les accidents dus au gibier T\u00e9l\u00e9chargements Accident d\u00fb au gibier \u2013 que faire? Cela peut arriver en [&hellip;]<\/p>\n","protected":false},"author":5,"featured_media":0,"parent":4498,"menu_order":341,"comment_status":"closed","ping_status":"closed","template":"","meta":{"_acf_changed":false,"inline_featured_image":false,"_vp_format_video_url":"","_vp_image_focal_point":[],"footnotes":""},"class_list":["post-4624","page","type-page","status-publish","hentry"],"acf":[],"yoast_head":"<!-- This site is optimized with the Yoast SEO Premium plugin v27.4 (Yoast SEO v27.4) - https:\/\/yoast.com\/product\/yoast-seo-premium-wordpress\/ -->\n<title>D\u00e9claration d\u2019un accident d\u00fb au gibier - Protection Suisse des Animaux PSA<\/title>\n<meta name=\"robots\" content=\"index, follow, max-snippet:-1, max-image-preview:large, max-video-preview:-1\" \/>\n<link rel=\"canonical\" href=\"https:\/\/mail.schweizer-tierschutz-sts.ch\/fr\/protection-des-animaux\/urgence-animale\/declaration-dun-accident-du-au-gibier\/\" \/>\n<meta property=\"og:locale\" content=\"fr_FR\" \/>\n<meta property=\"og:type\" content=\"article\" \/>\n<meta property=\"og:title\" content=\"D\u00e9claration d\u2019un accident d\u00fb au gibier\" \/>\n<meta property=\"og:description\" content=\"Comportement correct \u00c9viter les accidents dus au gibier T\u00e9l\u00e9chargements Accident d\u00fb au gibier \u2013 que faire? Cela peut arriver en [&hellip;]\" \/>\n<meta property=\"og:url\" content=\"https:\/\/mail.schweizer-tierschutz-sts.ch\/fr\/protection-des-animaux\/urgence-animale\/declaration-dun-accident-du-au-gibier\/\" \/>\n<meta property=\"og:site_name\" content=\"Protection Suisse des Animaux PSA\" \/>\n<meta property=\"article:publisher\" content=\"https:\/\/www.facebook.com\/schweizertierschutz\/\" \/>\n<meta property=\"article:modified_time\" content=\"2024-05-10T13:08:19+00:00\" \/>\n<meta property=\"og:image\" content=\"https:\/\/tierschutz.com\/app\/uploads\/2023\/05\/sts-wildunfall-melden.png\" \/>\n<meta name=\"twitter:card\" content=\"summary_large_image\" \/>\n<meta name=\"twitter:label1\" content=\"Dur\u00e9e de lecture estim\u00e9e\" \/>\n\t<meta name=\"twitter:data1\" content=\"3 minutes\" \/>\n<script type=\"application\/ld+json\" class=\"yoast-schema-graph\">{\"@context\":\"https:\\\/\\\/schema.org\",\"@graph\":[{\"@type\":\"WebPage\",\"@id\":\"https:\\\/\\\/mail.schweizer-tierschutz-sts.ch\\\/fr\\\/protection-des-animaux\\\/urgence-animale\\\/declaration-dun-accident-du-au-gibier\\\/\",\"url\":\"https:\\\/\\\/mail.schweizer-tierschutz-sts.ch\\\/fr\\\/protection-des-animaux\\\/urgence-animale\\\/declaration-dun-accident-du-au-gibier\\\/\",\"name\":\"D\u00e9claration d\u2019un accident d\u00fb au gibier - Protection Suisse des Animaux PSA\",\"isPartOf\":{\"@id\":\"https:\\\/\\\/sts-psa.ch\\\/fr\\\/#website\"},\"primaryImageOfPage\":{\"@id\":\"https:\\\/\\\/mail.schweizer-tierschutz-sts.ch\\\/fr\\\/protection-des-animaux\\\/urgence-animale\\\/declaration-dun-accident-du-au-gibier\\\/#primaryimage\"},\"image\":{\"@id\":\"https:\\\/\\\/mail.schweizer-tierschutz-sts.ch\\\/fr\\\/protection-des-animaux\\\/urgence-animale\\\/declaration-dun-accident-du-au-gibier\\\/#primaryimage\"},\"thumbnailUrl\":\"https:\\\/\\\/tierschutz.com\\\/app\\\/uploads\\\/2023\\\/05\\\/sts-wildunfall-melden.png\",\"datePublished\":\"2023-05-04T13:12:53+00:00\",\"dateModified\":\"2024-05-10T13:08:19+00:00\",\"breadcrumb\":{\"@id\":\"https:\\\/\\\/mail.schweizer-tierschutz-sts.ch\\\/fr\\\/protection-des-animaux\\\/urgence-animale\\\/declaration-dun-accident-du-au-gibier\\\/#breadcrumb\"},\"inLanguage\":\"fr-FR\",\"potentialAction\":[{\"@type\":\"ReadAction\",\"target\":[\"https:\\\/\\\/mail.schweizer-tierschutz-sts.ch\\\/fr\\\/protection-des-animaux\\\/urgence-animale\\\/declaration-dun-accident-du-au-gibier\\\/\"]}]},{\"@type\":\"ImageObject\",\"inLanguage\":\"fr-FR\",\"@id\":\"https:\\\/\\\/mail.schweizer-tierschutz-sts.ch\\\/fr\\\/protection-des-animaux\\\/urgence-animale\\\/declaration-dun-accident-du-au-gibier\\\/#primaryimage\",\"url\":\"https:\\\/\\\/tierschutz.com\\\/app\\\/uploads\\\/2023\\\/05\\\/sts-wildunfall-melden.png\",\"contentUrl\":\"https:\\\/\\\/tierschutz.com\\\/app\\\/uploads\\\/2023\\\/05\\\/sts-wildunfall-melden.png\"},{\"@type\":\"BreadcrumbList\",\"@id\":\"https:\\\/\\\/mail.schweizer-tierschutz-sts.ch\\\/fr\\\/protection-des-animaux\\\/urgence-animale\\\/declaration-dun-accident-du-au-gibier\\\/#breadcrumb\",\"itemListElement\":[{\"@type\":\"ListItem\",\"position\":1,\"name\":\"Page d\u2019accueil\",\"item\":\"https:\\\/\\\/mail.schweizer-tierschutz.ch\\\/fr\\\/\"},{\"@type\":\"ListItem\",\"position\":2,\"name\":\"Protection des animaux\u00a0\",\"item\":\"https:\\\/\\\/mail.protezione-animali-psa.ch\\\/fr\\\/protection-des-animaux\\\/\"},{\"@type\":\"ListItem\",\"position\":3,\"name\":\"Urgence animale\",\"item\":\"https:\\\/\\\/tierschutz.com\\\/fr\\\/protection-des-animaux\\\/urgence-animale\\\/\"},{\"@type\":\"ListItem\",\"position\":4,\"name\":\"D\u00e9claration d\u2019un accident d\u00fb au gibier\"}]},{\"@type\":\"WebSite\",\"@id\":\"https:\\\/\\\/sts-psa.ch\\\/fr\\\/#website\",\"url\":\"https:\\\/\\\/sts-psa.ch\\\/fr\\\/\",\"name\":\"tierschutz.com\",\"description\":\"Wir setzen uns f\u00fcr das Wohl der Tiere ein.\",\"publisher\":{\"@id\":\"https:\\\/\\\/sts-psa.ch\\\/fr\\\/#organization\"},\"alternateName\":\"Schweizer Tierschutz STS\",\"potentialAction\":[{\"@type\":\"SearchAction\",\"target\":{\"@type\":\"EntryPoint\",\"urlTemplate\":\"https:\\\/\\\/sts-psa.ch\\\/fr\\\/?s={search_term_string}\"},\"query-input\":{\"@type\":\"PropertyValueSpecification\",\"valueRequired\":true,\"valueName\":\"search_term_string\"}}],\"inLanguage\":\"fr-FR\"},{\"@type\":\"Organization\",\"@id\":\"https:\\\/\\\/sts-psa.ch\\\/fr\\\/#organization\",\"name\":\"Schweizer Tierschutz STS\",\"alternateName\":\"STS\",\"url\":\"https:\\\/\\\/sts-psa.ch\\\/fr\\\/\",\"logo\":{\"@type\":\"ImageObject\",\"inLanguage\":\"fr-FR\",\"@id\":\"https:\\\/\\\/sts-psa.ch\\\/fr\\\/#\\\/schema\\\/logo\\\/image\\\/\",\"url\":\"https:\\\/\\\/mail.schweizer-tierschutz-sts.ch\\\/app\\\/uploads\\\/2024\\\/04\\\/logo-schweizer-tierschutz-sts-1.svg\",\"contentUrl\":\"https:\\\/\\\/mail.schweizer-tierschutz-sts.ch\\\/app\\\/uploads\\\/2024\\\/04\\\/logo-schweizer-tierschutz-sts-1.svg\",\"caption\":\"Schweizer Tierschutz STS\"},\"image\":{\"@id\":\"https:\\\/\\\/sts-psa.ch\\\/fr\\\/#\\\/schema\\\/logo\\\/image\\\/\"},\"sameAs\":[\"https:\\\/\\\/www.facebook.com\\\/schweizertierschutz\\\/\",\"https:\\\/\\\/www.instagram.com\\\/schweizertierschutzsts\\\/\",\"https:\\\/\\\/www.youtube.com\\\/@STS_Tierschutz\",\"https:\\\/\\\/www.linkedin.com\\\/company\\\/schweizertierschutzsts\\\/\"],\"description\":\"Der Schweizer Tierschutz STS ist der Dachverband von 71 Tierschutzorganisationen in allen Sprachregionen der Schweiz und in Liechtenstein. Seine Mitarbeitenden leisten wissenschaftlich fundierte Grundlagenarbeit, setzen sich mit Projekten und Aktionen f\u00fcr den Schutz und das Wohlbefinden von Heim-, Wild-, Nutz- und Versuchstieren ein und sensibilisieren die \u00d6ffentlichkeit f\u00fcr Tierschutzthemen.\",\"email\":\"sts@tierschutz.com\",\"telephone\":\"061 365 99 99\",\"legalName\":\"Schweizer Tierschutz STS\"}]}<\/script>\n<!-- \/ Yoast SEO Premium plugin. -->","yoast_head_json":{"title":"D\u00e9claration d\u2019un accident d\u00fb au gibier - Protection Suisse des Animaux PSA","robots":{"index":"index","follow":"follow","max-snippet":"max-snippet:-1","max-image-preview":"max-image-preview:large","max-video-preview":"max-video-preview:-1"},"canonical":"https:\/\/mail.schweizer-tierschutz-sts.ch\/fr\/protection-des-animaux\/urgence-animale\/declaration-dun-accident-du-au-gibier\/","og_locale":"fr_FR","og_type":"article","og_title":"D\u00e9claration d\u2019un accident d\u00fb au gibier","og_description":"Comportement correct \u00c9viter les accidents dus au gibier T\u00e9l\u00e9chargements Accident d\u00fb au gibier \u2013 que faire? Cela peut arriver en [&hellip;]","og_url":"https:\/\/mail.schweizer-tierschutz-sts.ch\/fr\/protection-des-animaux\/urgence-animale\/declaration-dun-accident-du-au-gibier\/","og_site_name":"Protection Suisse des Animaux PSA","article_publisher":"https:\/\/www.facebook.com\/schweizertierschutz\/","article_modified_time":"2024-05-10T13:08:19+00:00","og_image":[{"url":"https:\/\/tierschutz.com\/app\/uploads\/2023\/05\/sts-wildunfall-melden.png","type":"","width":"","height":""}],"twitter_card":"summary_large_image","twitter_misc":{"Dur\u00e9e de lecture estim\u00e9e":"3 minutes"},"schema":{"@context":"https:\/\/schema.org","@graph":[{"@type":"WebPage","@id":"https:\/\/mail.schweizer-tierschutz-sts.ch\/fr\/protection-des-animaux\/urgence-animale\/declaration-dun-accident-du-au-gibier\/","url":"https:\/\/mail.schweizer-tierschutz-sts.ch\/fr\/protection-des-animaux\/urgence-animale\/declaration-dun-accident-du-au-gibier\/","name":"D\u00e9claration d\u2019un accident d\u00fb au gibier - Protection Suisse des Animaux PSA","isPartOf":{"@id":"https:\/\/sts-psa.ch\/fr\/#website"},"primaryImageOfPage":{"@id":"https:\/\/mail.schweizer-tierschutz-sts.ch\/fr\/protection-des-animaux\/urgence-animale\/declaration-dun-accident-du-au-gibier\/#primaryimage"},"image":{"@id":"https:\/\/mail.schweizer-tierschutz-sts.ch\/fr\/protection-des-animaux\/urgence-animale\/declaration-dun-accident-du-au-gibier\/#primaryimage"},"thumbnailUrl":"https:\/\/tierschutz.com\/app\/uploads\/2023\/05\/sts-wildunfall-melden.png","datePublished":"2023-05-04T13:12:53+00:00","dateModified":"2024-05-10T13:08:19+00:00","breadcrumb":{"@id":"https:\/\/mail.schweizer-tierschutz-sts.ch\/fr\/protection-des-animaux\/urgence-animale\/declaration-dun-accident-du-au-gibier\/#breadcrumb"},"inLanguage":"fr-FR","potentialAction":[{"@type":"ReadAction","target":["https:\/\/mail.schweizer-tierschutz-sts.ch\/fr\/protection-des-animaux\/urgence-animale\/declaration-dun-accident-du-au-gibier\/"]}]},{"@type":"ImageObject","inLanguage":"fr-FR","@id":"https:\/\/mail.schweizer-tierschutz-sts.ch\/fr\/protection-des-animaux\/urgence-animale\/declaration-dun-accident-du-au-gibier\/#primaryimage","url":"https:\/\/tierschutz.com\/app\/uploads\/2023\/05\/sts-wildunfall-melden.png","contentUrl":"https:\/\/tierschutz.com\/app\/uploads\/2023\/05\/sts-wildunfall-melden.png"},{"@type":"BreadcrumbList","@id":"https:\/\/mail.schweizer-tierschutz-sts.ch\/fr\/protection-des-animaux\/urgence-animale\/declaration-dun-accident-du-au-gibier\/#breadcrumb","itemListElement":[{"@type":"ListItem","position":1,"name":"Page d\u2019accueil","item":"https:\/\/mail.schweizer-tierschutz.ch\/fr\/"},{"@type":"ListItem","position":2,"name":"Protection des animaux\u00a0","item":"https:\/\/mail.protezione-animali-psa.ch\/fr\/protection-des-animaux\/"},{"@type":"ListItem","position":3,"name":"Urgence animale","item":"https:\/\/tierschutz.com\/fr\/protection-des-animaux\/urgence-animale\/"},{"@type":"ListItem","position":4,"name":"D\u00e9claration d\u2019un accident d\u00fb au gibier"}]},{"@type":"WebSite","@id":"https:\/\/sts-psa.ch\/fr\/#website","url":"https:\/\/sts-psa.ch\/fr\/","name":"tierschutz.com","description":"Wir setzen uns f\u00fcr das Wohl der Tiere ein.","publisher":{"@id":"https:\/\/sts-psa.ch\/fr\/#organization"},"alternateName":"Schweizer Tierschutz STS","potentialAction":[{"@type":"SearchAction","target":{"@type":"EntryPoint","urlTemplate":"https:\/\/sts-psa.ch\/fr\/?s={search_term_string}"},"query-input":{"@type":"PropertyValueSpecification","valueRequired":true,"valueName":"search_term_string"}}],"inLanguage":"fr-FR"},{"@type":"Organization","@id":"https:\/\/sts-psa.ch\/fr\/#organization","name":"Schweizer Tierschutz STS","alternateName":"STS","url":"https:\/\/sts-psa.ch\/fr\/","logo":{"@type":"ImageObject","inLanguage":"fr-FR","@id":"https:\/\/sts-psa.ch\/fr\/#\/schema\/logo\/image\/","url":"https:\/\/mail.schweizer-tierschutz-sts.ch\/app\/uploads\/2024\/04\/logo-schweizer-tierschutz-sts-1.svg","contentUrl":"https:\/\/mail.schweizer-tierschutz-sts.ch\/app\/uploads\/2024\/04\/logo-schweizer-tierschutz-sts-1.svg","caption":"Schweizer Tierschutz STS"},"image":{"@id":"https:\/\/sts-psa.ch\/fr\/#\/schema\/logo\/image\/"},"sameAs":["https:\/\/www.facebook.com\/schweizertierschutz\/","https:\/\/www.instagram.com\/schweizertierschutzsts\/","https:\/\/www.youtube.com\/@STS_Tierschutz","https:\/\/www.linkedin.com\/company\/schweizertierschutzsts\/"],"description":"Der Schweizer Tierschutz STS ist der Dachverband von 71 Tierschutzorganisationen in allen Sprachregionen der Schweiz und in Liechtenstein. Seine Mitarbeitenden leisten wissenschaftlich fundierte Grundlagenarbeit, setzen sich mit Projekten und Aktionen f\u00fcr den Schutz und das Wohlbefinden von Heim-, Wild-, Nutz- und Versuchstieren ein und sensibilisieren die \u00d6ffentlichkeit f\u00fcr Tierschutzthemen.","email":"sts@tierschutz.com","telephone":"061 365 99 99","legalName":"Schweizer Tierschutz STS"}]}},"_links":{"self":[{"href":"https:\/\/mail.schweizer-tierschutz-sts.ch\/fr\/wp-json\/wp\/v2\/pages\/4624","targetHints":{"allow":["GET"]}}],"collection":[{"href":"https:\/\/mail.schweizer-tierschutz-sts.ch\/fr\/wp-json\/wp\/v2\/pages"}],"about":[{"href":"https:\/\/mail.schweizer-tierschutz-sts.ch\/fr\/wp-json\/wp\/v2\/types\/page"}],"author":[{"embeddable":true,"href":"https:\/\/mail.schweizer-tierschutz-sts.ch\/fr\/wp-json\/wp\/v2\/users\/5"}],"replies":[{"embeddable":true,"href":"https:\/\/mail.schweizer-tierschutz-sts.ch\/fr\/wp-json\/wp\/v2\/comments?post=4624"}],"version-history":[{"count":5,"href":"https:\/\/mail.schweizer-tierschutz-sts.ch\/fr\/wp-json\/wp\/v2\/pages\/4624\/revisions"}],"predecessor-version":[{"id":20479,"href":"https:\/\/mail.schweizer-tierschutz-sts.ch\/fr\/wp-json\/wp\/v2\/pages\/4624\/revisions\/20479"}],"up":[{"embeddable":true,"href":"https:\/\/mail.schweizer-tierschutz-sts.ch\/fr\/wp-json\/wp\/v2\/pages\/4498"}],"wp:attachment":[{"href":"https:\/\/mail.schweizer-tierschutz-sts.ch\/fr\/wp-json\/wp\/v2\/media?parent=4624"}],"curies":[{"name":"wp","href":"https:\/\/api.w.org\/{rel}","templated":true}]}}