{"id":4292,"date":"2023-05-04T11:24:25","date_gmt":"2023-05-04T09:24:25","guid":{"rendered":"https:\/\/dev.tierschutz.com\/?page_id=4292"},"modified":"2024-04-08T13:32:00","modified_gmt":"2024-04-08T11:32:00","slug":"protection-des-animaux","status":"publish","type":"page","link":"https:\/\/mail.schweizer-tierschutz-sts.ch\/fr\/protection-des-animaux\/","title":{"rendered":"Protection des animaux\u00a0"},"content":{"rendered":"\n<div class=\"wp-block-cover alignfull\" style=\"min-height:100vh;aspect-ratio:unset;\"><span aria-hidden=\"true\" class=\"wp-block-cover__background has-background-dim-20 has-background-dim\"><\/span><img loading=\"lazy\" decoding=\"async\" width=\"2560\" height=\"1709\" class=\"wp-block-cover__image-background wp-image-5241\" alt=\"\" src=\"https:\/\/tierschutz.com\/app\/uploads\/2023\/06\/sts-tierschutz-3-scaled.jpg\" data-object-fit=\"cover\" srcset=\"https:\/\/mail.schweizer-tierschutz-sts.ch\/app\/uploads\/2023\/06\/sts-tierschutz-3-scaled.jpg 2560w, https:\/\/mail.schweizer-tierschutz-sts.ch\/app\/uploads\/2023\/06\/sts-tierschutz-3-300x200.jpg 300w, https:\/\/mail.schweizer-tierschutz-sts.ch\/app\/uploads\/2023\/06\/sts-tierschutz-3-1024x683.jpg 1024w, https:\/\/mail.schweizer-tierschutz-sts.ch\/app\/uploads\/2023\/06\/sts-tierschutz-3-768x513.jpg 768w, https:\/\/mail.schweizer-tierschutz-sts.ch\/app\/uploads\/2023\/06\/sts-tierschutz-3-1536x1025.jpg 1536w, https:\/\/mail.schweizer-tierschutz-sts.ch\/app\/uploads\/2023\/06\/sts-tierschutz-3-2048x1367.jpg 2048w\" sizes=\"auto, (max-width: 2560px) 100vw, 2560px\" \/><div class=\"wp-block-cover__inner-container is-layout-flow wp-block-cover-is-layout-flow\">\n<h1 class=\"wp-block-heading has-text-align-center has-background-color has-text-color\" style=\"font-size:4.3em\"><strong><strong>Protection des animaux&nbsp;<\/strong><\/strong><\/h1>\n<\/div><\/div>\n\n\n\n<div class=\"wp-block-group has-background-background-color has-background is-layout-constrained wp-block-group-is-layout-constrained\"><div class=\"yoast-breadcrumbs\"><span><span><a href=\"https:\/\/sts-psa.ch\/fr\/\">Page d\u2019accueil<\/a><\/span> \u00bb <span class=\"breadcrumb_last\" aria-current=\"page\">Protection des animaux\u00a0<\/span><\/span><\/div>\n\n\n<div class=\"wp-block-columns is-layout-flex wp-container-core-columns-is-layout-28f84493 wp-block-columns-is-layout-flex\">\n<div class=\"wp-block-column is-layout-flow wp-block-column-is-layout-flow\">\n<div class=\"wp-block-media-text alignwide is-stacked-on-mobile is-style-stacked-shadow no-inset\"><figure class=\"wp-block-media-text__media\"><img loading=\"lazy\" decoding=\"async\" width=\"1024\" height=\"658\" src=\"https:\/\/tierschutz.com\/app\/uploads\/2023\/05\/STS-Themen-Igel-1024x658.jpg\" alt=\"Zwei Igel die eingerollt zusammengekuschelt auf Bl\u00e4ttern liegen\" class=\"wp-image-1615 size-full\" srcset=\"https:\/\/mail.schweizer-tierschutz-sts.ch\/app\/uploads\/2023\/05\/STS-Themen-Igel-1024x658.jpg 1024w, https:\/\/mail.schweizer-tierschutz-sts.ch\/app\/uploads\/2023\/05\/STS-Themen-Igel-300x193.jpg 300w, https:\/\/mail.schweizer-tierschutz-sts.ch\/app\/uploads\/2023\/05\/STS-Themen-Igel-768x494.jpg 768w, https:\/\/mail.schweizer-tierschutz-sts.ch\/app\/uploads\/2023\/05\/STS-Themen-Igel.jpg 1416w\" sizes=\"auto, (max-width: 1024px) 100vw, 1024px\" \/><\/figure><div class=\"wp-block-media-text__content\">\n<h3 class=\"wp-block-heading\"><strong><strong>Rubriques<\/strong><\/strong><\/h3>\n\n\n\n<p>Du plus petit poisson au plus grand animal de rente, ils ont tous un point commun : le droit \u00e0 la protection. D\u00e9couvrez ici tout ce qui concerne la protection des animaux et ses domaines d&#8217;activit\u00e9.<\/p>\n\n\n\n<div class=\"wp-block-buttons is-layout-flex wp-block-buttons-is-layout-flex\">\n<div class=\"wp-block-button\"><a class=\"wp-block-button__link wp-element-button\" href=\"https:\/\/tierschutz.com\/fr\/protection-des-animaux\/rubriques\/\">En savoir plus<\/a><\/div>\n<\/div>\n<\/div><\/div>\n<\/div>\n\n\n\n<div class=\"wp-block-column is-layout-flow wp-block-column-is-layout-flow\">\n<div class=\"wp-block-media-text alignwide is-stacked-on-mobile is-style-stacked-shadow no-inset\"><figure class=\"wp-block-media-text__media\"><img loading=\"lazy\" decoding=\"async\" width=\"1024\" height=\"682\" src=\"https:\/\/tierschutz.com\/app\/uploads\/2023\/06\/sts-tiernotfall-1024x682.jpg\" alt=\"\" class=\"wp-image-5330 size-full\" srcset=\"https:\/\/mail.schweizer-tierschutz-sts.ch\/app\/uploads\/2023\/06\/sts-tiernotfall-1024x682.jpg 1024w, https:\/\/mail.schweizer-tierschutz-sts.ch\/app\/uploads\/2023\/06\/sts-tiernotfall-300x200.jpg 300w, https:\/\/mail.schweizer-tierschutz-sts.ch\/app\/uploads\/2023\/06\/sts-tiernotfall-768x512.jpg 768w, https:\/\/mail.schweizer-tierschutz-sts.ch\/app\/uploads\/2023\/06\/sts-tiernotfall-1536x1024.jpg 1536w, https:\/\/mail.schweizer-tierschutz-sts.ch\/app\/uploads\/2023\/06\/sts-tiernotfall.jpg 1697w\" sizes=\"auto, (max-width: 1024px) 100vw, 1024px\" \/><\/figure><div class=\"wp-block-media-text__content\">\n<h3 class=\"wp-block-heading\"><strong>Urgence animale<\/strong><\/h3>\n\n\n\n<p>De l&#8217;aide ! Qu&#8217;il s&#8217;agisse d&#8217;un cas pour le v\u00e9t\u00e9rinaire ou pour le service sp\u00e9cialis\u00e9 dans les contr\u00f4les de la protection des animaux de la PSA, vous trouverez ici toutes les informations essentielles \u00e0 ce sujet.<\/p>\n\n\n\n<div class=\"wp-block-buttons is-layout-flex wp-block-buttons-is-layout-flex\">\n<div class=\"wp-block-button\"><a class=\"wp-block-button__link wp-element-button\" href=\"https:\/\/tierschutz.com\/fr\/protection-des-animaux\/urgence-animale\/\">En savoir plus<\/a><\/div>\n<\/div>\n<\/div><\/div>\n<\/div>\n<\/div>\n\n\n\n<div class=\"wp-block-columns is-layout-flex wp-container-core-columns-is-layout-28f84493 wp-block-columns-is-layout-flex\">\n<div class=\"wp-block-column is-layout-flow wp-block-column-is-layout-flow\">\n<div class=\"wp-block-media-text alignwide is-stacked-on-mobile is-style-stacked-shadow no-inset\"><figure class=\"wp-block-media-text__media\"><img loading=\"lazy\" decoding=\"async\" width=\"1024\" height=\"658\" src=\"https:\/\/tierschutz.com\/app\/uploads\/2023\/05\/STS-Spenden-Welpe-1024x658.jpg\" alt=\"Ein brauner Welpe in einem blauen K\u00e4fig und einem Topf im Hintergrund, wobei der Hintergrund verschwommen ist\" class=\"wp-image-1612 size-full\" srcset=\"https:\/\/mail.schweizer-tierschutz-sts.ch\/app\/uploads\/2023\/05\/STS-Spenden-Welpe-1024x658.jpg 1024w, https:\/\/mail.schweizer-tierschutz-sts.ch\/app\/uploads\/2023\/05\/STS-Spenden-Welpe-300x193.jpg 300w, https:\/\/mail.schweizer-tierschutz-sts.ch\/app\/uploads\/2023\/05\/STS-Spenden-Welpe-768x494.jpg 768w, https:\/\/mail.schweizer-tierschutz-sts.ch\/app\/uploads\/2023\/05\/STS-Spenden-Welpe.jpg 1416w\" sizes=\"auto, (max-width: 1024px) 100vw, 1024px\" \/><\/figure><div class=\"wp-block-media-text__content\">\n<h3 class=\"wp-block-heading\"><strong><strong>Dons<\/strong><\/strong><\/h3>\n\n\n\n<p>L&#8217;amour des animaux ne conna\u00eet pas de fronti\u00e8res. En faisant un don, vous pouvez exprimer votre affection comme il se doit.<\/p>\n\n\n\n<div class=\"wp-block-buttons is-layout-flex wp-block-buttons-is-layout-flex\">\n<div class=\"wp-block-button\"><a class=\"wp-block-button__link wp-element-button\" href=\"https:\/\/tierschutz.com\/fr\/protection-des-animaux\/dons\/\">En savoir plus<\/a><\/div>\n<\/div>\n<\/div><\/div>\n<\/div>\n\n\n\n<div class=\"wp-block-column is-layout-flow wp-block-column-is-layout-flow\">\n<div class=\"wp-block-media-text alignwide is-stacked-on-mobile is-style-stacked-shadow no-inset\"><figure class=\"wp-block-media-text__media\"><img loading=\"lazy\" decoding=\"async\" width=\"1024\" height=\"683\" src=\"https:\/\/tierschutz.com\/app\/uploads\/2023\/06\/sts-politik-1024x683.jpg\" alt=\"\" class=\"wp-image-6261 size-full\" srcset=\"https:\/\/mail.schweizer-tierschutz-sts.ch\/app\/uploads\/2023\/06\/sts-politik-1024x683.jpg 1024w, https:\/\/mail.schweizer-tierschutz-sts.ch\/app\/uploads\/2023\/06\/sts-politik-300x200.jpg 300w, https:\/\/mail.schweizer-tierschutz-sts.ch\/app\/uploads\/2023\/06\/sts-politik-768x512.jpg 768w, https:\/\/mail.schweizer-tierschutz-sts.ch\/app\/uploads\/2023\/06\/sts-politik-1536x1024.jpg 1536w, https:\/\/mail.schweizer-tierschutz-sts.ch\/app\/uploads\/2023\/06\/sts-politik-2048x1365.jpg 2048w\" sizes=\"auto, (max-width: 1024px) 100vw, 1024px\" \/><\/figure><div class=\"wp-block-media-text__content\">\n<h3 class=\"wp-block-heading\"><strong><strong>Politique<\/strong><\/strong><\/h3>\n\n\n\n<p>Apr\u00e8s la suspension de la politique agricole PA22+, le Conseil f\u00e9d\u00e9ral a pr\u00e9sent\u00e9 deux ans plus tard, dans un rapport, la mani\u00e8re dont il entend orienter la politique agricole \u00e0 court et \u00e0 long terme.<\/p>\n\n\n\n<div class=\"wp-block-buttons is-layout-flex wp-block-buttons-is-layout-flex\">\n<div class=\"wp-block-button\"><a class=\"wp-block-button__link wp-element-button\" href=\"https:\/\/tierschutz.com\/fr\/protection-des-animaux\/politique\/\">En savoir plus<\/a><\/div>\n<\/div>\n<\/div><\/div>\n<\/div>\n<\/div>\n<\/div>\n","protected":false},"excerpt":{"rendered":"<p>Rubriques Du plus petit poisson au plus grand animal de rente, ils ont tous un point commun : le droit [&hellip;]<\/p>\n","protected":false},"author":5,"featured_media":0,"parent":0,"menu_order":281,"comment_status":"closed","ping_status":"closed","template":"","meta":{"_acf_changed":false,"inline_featured_image":false,"_vp_format_video_url":"","_vp_image_focal_point":[],"footnotes":""},"class_list":["post-4292","page","type-page","status-publish","hentry"],"acf":[],"yoast_head":"<!-- This site is optimized with the Yoast SEO Premium plugin v27.4 (Yoast SEO v27.4) - https:\/\/yoast.com\/product\/yoast-seo-premium-wordpress\/ -->\n<title>Protection des animaux\u00a0 - Protection Suisse des Animaux PSA<\/title>\n<meta name=\"robots\" content=\"index, follow, max-snippet:-1, max-image-preview:large, max-video-preview:-1\" \/>\n<link rel=\"canonical\" href=\"https:\/\/mail.schweizer-tierschutz-sts.ch\/fr\/protection-des-animaux\/\" \/>\n<meta property=\"og:locale\" content=\"fr_FR\" \/>\n<meta property=\"og:type\" content=\"article\" \/>\n<meta property=\"og:title\" content=\"Protection des animaux\u00a0\" \/>\n<meta property=\"og:description\" content=\"Rubriques Du plus petit poisson au plus grand animal de rente, ils ont tous un point commun : le droit [&hellip;]\" \/>\n<meta property=\"og:url\" content=\"https:\/\/mail.schweizer-tierschutz-sts.ch\/fr\/protection-des-animaux\/\" \/>\n<meta property=\"og:site_name\" content=\"Protection Suisse des Animaux PSA\" \/>\n<meta property=\"article:publisher\" content=\"https:\/\/www.facebook.com\/schweizertierschutz\/\" \/>\n<meta property=\"article:modified_time\" content=\"2024-04-08T11:32:00+00:00\" \/>\n<meta property=\"og:image\" content=\"https:\/\/tierschutz.com\/app\/uploads\/2023\/06\/sts-tierschutz-3-scaled.jpg\" \/>\n<meta name=\"twitter:card\" content=\"summary_large_image\" \/>\n<meta name=\"twitter:label1\" content=\"Dur\u00e9e de lecture estim\u00e9e\" \/>\n\t<meta name=\"twitter:data1\" content=\"2 minutes\" \/>\n<script type=\"application\/ld+json\" class=\"yoast-schema-graph\">{\"@context\":\"https:\\\/\\\/schema.org\",\"@graph\":[{\"@type\":\"WebPage\",\"@id\":\"https:\\\/\\\/mail.schweizer-tierschutz-sts.ch\\\/fr\\\/protection-des-animaux\\\/\",\"url\":\"https:\\\/\\\/mail.schweizer-tierschutz-sts.ch\\\/fr\\\/protection-des-animaux\\\/\",\"name\":\"Protection des animaux\u00a0 - Protection Suisse des Animaux PSA\",\"isPartOf\":{\"@id\":\"https:\\\/\\\/mail.protezione-animali-psa.ch\\\/#website\"},\"primaryImageOfPage\":{\"@id\":\"https:\\\/\\\/mail.schweizer-tierschutz-sts.ch\\\/fr\\\/protection-des-animaux\\\/#primaryimage\"},\"image\":{\"@id\":\"https:\\\/\\\/mail.schweizer-tierschutz-sts.ch\\\/fr\\\/protection-des-animaux\\\/#primaryimage\"},\"thumbnailUrl\":\"https:\\\/\\\/tierschutz.com\\\/app\\\/uploads\\\/2023\\\/06\\\/sts-tierschutz-3-scaled.jpg\",\"datePublished\":\"2023-05-04T09:24:25+00:00\",\"dateModified\":\"2024-04-08T11:32:00+00:00\",\"breadcrumb\":{\"@id\":\"https:\\\/\\\/mail.schweizer-tierschutz-sts.ch\\\/fr\\\/protection-des-animaux\\\/#breadcrumb\"},\"inLanguage\":\"fr-FR\",\"potentialAction\":[{\"@type\":\"ReadAction\",\"target\":[\"https:\\\/\\\/mail.schweizer-tierschutz-sts.ch\\\/fr\\\/protection-des-animaux\\\/\"]}]},{\"@type\":\"ImageObject\",\"inLanguage\":\"fr-FR\",\"@id\":\"https:\\\/\\\/mail.schweizer-tierschutz-sts.ch\\\/fr\\\/protection-des-animaux\\\/#primaryimage\",\"url\":\"https:\\\/\\\/tierschutz.com\\\/app\\\/uploads\\\/2023\\\/06\\\/sts-tierschutz-3-scaled.jpg\",\"contentUrl\":\"https:\\\/\\\/tierschutz.com\\\/app\\\/uploads\\\/2023\\\/06\\\/sts-tierschutz-3-scaled.jpg\"},{\"@type\":\"BreadcrumbList\",\"@id\":\"https:\\\/\\\/mail.schweizer-tierschutz-sts.ch\\\/fr\\\/protection-des-animaux\\\/#breadcrumb\",\"itemListElement\":[{\"@type\":\"ListItem\",\"position\":1,\"name\":\"Page d\u2019accueil\",\"item\":\"https:\\\/\\\/sts-psa.ch\\\/fr\\\/\"},{\"@type\":\"ListItem\",\"position\":2,\"name\":\"Protection des animaux\u00a0\"}]},{\"@type\":\"WebSite\",\"@id\":\"https:\\\/\\\/mail.protezione-animali-psa.ch\\\/#website\",\"url\":\"https:\\\/\\\/mail.protezione-animali-psa.ch\\\/\",\"name\":\"tierschutz.com\",\"description\":\"Wir setzen uns f\u00fcr das Wohl der Tiere ein.\",\"publisher\":{\"@id\":\"https:\\\/\\\/mail.protezione-animali-psa.ch\\\/#organization\"},\"alternateName\":\"Schweizer Tierschutz STS\",\"potentialAction\":[{\"@type\":\"SearchAction\",\"target\":{\"@type\":\"EntryPoint\",\"urlTemplate\":\"https:\\\/\\\/mail.protezione-animali-psa.ch\\\/?s={search_term_string}\"},\"query-input\":{\"@type\":\"PropertyValueSpecification\",\"valueRequired\":true,\"valueName\":\"search_term_string\"}}],\"inLanguage\":\"fr-FR\"},{\"@type\":\"Organization\",\"@id\":\"https:\\\/\\\/mail.protezione-animali-psa.ch\\\/#organization\",\"name\":\"Schweizer Tierschutz STS\",\"alternateName\":\"STS\",\"url\":\"https:\\\/\\\/mail.protezione-animali-psa.ch\\\/\",\"logo\":{\"@type\":\"ImageObject\",\"inLanguage\":\"fr-FR\",\"@id\":\"https:\\\/\\\/mail.protezione-animali-psa.ch\\\/#\\\/schema\\\/logo\\\/image\\\/\",\"url\":\"https:\\\/\\\/mail.schweizer-tierschutz-sts.ch\\\/app\\\/uploads\\\/2024\\\/04\\\/logo-schweizer-tierschutz-sts-1.svg\",\"contentUrl\":\"https:\\\/\\\/mail.schweizer-tierschutz-sts.ch\\\/app\\\/uploads\\\/2024\\\/04\\\/logo-schweizer-tierschutz-sts-1.svg\",\"caption\":\"Schweizer Tierschutz STS\"},\"image\":{\"@id\":\"https:\\\/\\\/mail.protezione-animali-psa.ch\\\/#\\\/schema\\\/logo\\\/image\\\/\"},\"sameAs\":[\"https:\\\/\\\/www.facebook.com\\\/schweizertierschutz\\\/\",\"https:\\\/\\\/www.instagram.com\\\/schweizertierschutzsts\\\/\",\"https:\\\/\\\/www.youtube.com\\\/@STS_Tierschutz\",\"https:\\\/\\\/www.linkedin.com\\\/company\\\/schweizertierschutzsts\\\/\"],\"description\":\"Der Schweizer Tierschutz STS ist der Dachverband von 71 Tierschutzorganisationen in allen Sprachregionen der Schweiz und in Liechtenstein. Seine Mitarbeitenden leisten wissenschaftlich fundierte Grundlagenarbeit, setzen sich mit Projekten und Aktionen f\u00fcr den Schutz und das Wohlbefinden von Heim-, Wild-, Nutz- und Versuchstieren ein und sensibilisieren die \u00d6ffentlichkeit f\u00fcr Tierschutzthemen.\",\"email\":\"sts@tierschutz.com\",\"telephone\":\"061 365 99 99\",\"legalName\":\"Schweizer Tierschutz STS\"}]}<\/script>\n<!-- \/ Yoast SEO Premium plugin. -->","yoast_head_json":{"title":"Protection des animaux\u00a0 - Protection Suisse des Animaux PSA","robots":{"index":"index","follow":"follow","max-snippet":"max-snippet:-1","max-image-preview":"max-image-preview:large","max-video-preview":"max-video-preview:-1"},"canonical":"https:\/\/mail.schweizer-tierschutz-sts.ch\/fr\/protection-des-animaux\/","og_locale":"fr_FR","og_type":"article","og_title":"Protection des animaux\u00a0","og_description":"Rubriques Du plus petit poisson au plus grand animal de rente, ils ont tous un point commun : le droit [&hellip;]","og_url":"https:\/\/mail.schweizer-tierschutz-sts.ch\/fr\/protection-des-animaux\/","og_site_name":"Protection Suisse des Animaux PSA","article_publisher":"https:\/\/www.facebook.com\/schweizertierschutz\/","article_modified_time":"2024-04-08T11:32:00+00:00","og_image":[{"url":"https:\/\/tierschutz.com\/app\/uploads\/2023\/06\/sts-tierschutz-3-scaled.jpg","type":"","width":"","height":""}],"twitter_card":"summary_large_image","twitter_misc":{"Dur\u00e9e de lecture estim\u00e9e":"2 minutes"},"schema":{"@context":"https:\/\/schema.org","@graph":[{"@type":"WebPage","@id":"https:\/\/mail.schweizer-tierschutz-sts.ch\/fr\/protection-des-animaux\/","url":"https:\/\/mail.schweizer-tierschutz-sts.ch\/fr\/protection-des-animaux\/","name":"Protection des animaux\u00a0 - Protection Suisse des Animaux PSA","isPartOf":{"@id":"https:\/\/mail.protezione-animali-psa.ch\/#website"},"primaryImageOfPage":{"@id":"https:\/\/mail.schweizer-tierschutz-sts.ch\/fr\/protection-des-animaux\/#primaryimage"},"image":{"@id":"https:\/\/mail.schweizer-tierschutz-sts.ch\/fr\/protection-des-animaux\/#primaryimage"},"thumbnailUrl":"https:\/\/tierschutz.com\/app\/uploads\/2023\/06\/sts-tierschutz-3-scaled.jpg","datePublished":"2023-05-04T09:24:25+00:00","dateModified":"2024-04-08T11:32:00+00:00","breadcrumb":{"@id":"https:\/\/mail.schweizer-tierschutz-sts.ch\/fr\/protection-des-animaux\/#breadcrumb"},"inLanguage":"fr-FR","potentialAction":[{"@type":"ReadAction","target":["https:\/\/mail.schweizer-tierschutz-sts.ch\/fr\/protection-des-animaux\/"]}]},{"@type":"ImageObject","inLanguage":"fr-FR","@id":"https:\/\/mail.schweizer-tierschutz-sts.ch\/fr\/protection-des-animaux\/#primaryimage","url":"https:\/\/tierschutz.com\/app\/uploads\/2023\/06\/sts-tierschutz-3-scaled.jpg","contentUrl":"https:\/\/tierschutz.com\/app\/uploads\/2023\/06\/sts-tierschutz-3-scaled.jpg"},{"@type":"BreadcrumbList","@id":"https:\/\/mail.schweizer-tierschutz-sts.ch\/fr\/protection-des-animaux\/#breadcrumb","itemListElement":[{"@type":"ListItem","position":1,"name":"Page d\u2019accueil","item":"https:\/\/sts-psa.ch\/fr\/"},{"@type":"ListItem","position":2,"name":"Protection des animaux\u00a0"}]},{"@type":"WebSite","@id":"https:\/\/mail.protezione-animali-psa.ch\/#website","url":"https:\/\/mail.protezione-animali-psa.ch\/","name":"tierschutz.com","description":"Wir setzen uns f\u00fcr das Wohl der Tiere ein.","publisher":{"@id":"https:\/\/mail.protezione-animali-psa.ch\/#organization"},"alternateName":"Schweizer Tierschutz STS","potentialAction":[{"@type":"SearchAction","target":{"@type":"EntryPoint","urlTemplate":"https:\/\/mail.protezione-animali-psa.ch\/?s={search_term_string}"},"query-input":{"@type":"PropertyValueSpecification","valueRequired":true,"valueName":"search_term_string"}}],"inLanguage":"fr-FR"},{"@type":"Organization","@id":"https:\/\/mail.protezione-animali-psa.ch\/#organization","name":"Schweizer Tierschutz STS","alternateName":"STS","url":"https:\/\/mail.protezione-animali-psa.ch\/","logo":{"@type":"ImageObject","inLanguage":"fr-FR","@id":"https:\/\/mail.protezione-animali-psa.ch\/#\/schema\/logo\/image\/","url":"https:\/\/mail.schweizer-tierschutz-sts.ch\/app\/uploads\/2024\/04\/logo-schweizer-tierschutz-sts-1.svg","contentUrl":"https:\/\/mail.schweizer-tierschutz-sts.ch\/app\/uploads\/2024\/04\/logo-schweizer-tierschutz-sts-1.svg","caption":"Schweizer Tierschutz STS"},"image":{"@id":"https:\/\/mail.protezione-animali-psa.ch\/#\/schema\/logo\/image\/"},"sameAs":["https:\/\/www.facebook.com\/schweizertierschutz\/","https:\/\/www.instagram.com\/schweizertierschutzsts\/","https:\/\/www.youtube.com\/@STS_Tierschutz","https:\/\/www.linkedin.com\/company\/schweizertierschutzsts\/"],"description":"Der Schweizer Tierschutz STS ist der Dachverband von 71 Tierschutzorganisationen in allen Sprachregionen der Schweiz und in Liechtenstein. Seine Mitarbeitenden leisten wissenschaftlich fundierte Grundlagenarbeit, setzen sich mit Projekten und Aktionen f\u00fcr den Schutz und das Wohlbefinden von Heim-, Wild-, Nutz- und Versuchstieren ein und sensibilisieren die \u00d6ffentlichkeit f\u00fcr Tierschutzthemen.","email":"sts@tierschutz.com","telephone":"061 365 99 99","legalName":"Schweizer Tierschutz STS"}]}},"_links":{"self":[{"href":"https:\/\/mail.schweizer-tierschutz-sts.ch\/fr\/wp-json\/wp\/v2\/pages\/4292","targetHints":{"allow":["GET"]}}],"collection":[{"href":"https:\/\/mail.schweizer-tierschutz-sts.ch\/fr\/wp-json\/wp\/v2\/pages"}],"about":[{"href":"https:\/\/mail.schweizer-tierschutz-sts.ch\/fr\/wp-json\/wp\/v2\/types\/page"}],"author":[{"embeddable":true,"href":"https:\/\/mail.schweizer-tierschutz-sts.ch\/fr\/wp-json\/wp\/v2\/users\/5"}],"replies":[{"embeddable":true,"href":"https:\/\/mail.schweizer-tierschutz-sts.ch\/fr\/wp-json\/wp\/v2\/comments?post=4292"}],"version-history":[{"count":10,"href":"https:\/\/mail.schweizer-tierschutz-sts.ch\/fr\/wp-json\/wp\/v2\/pages\/4292\/revisions"}],"predecessor-version":[{"id":18629,"href":"https:\/\/mail.schweizer-tierschutz-sts.ch\/fr\/wp-json\/wp\/v2\/pages\/4292\/revisions\/18629"}],"wp:attachment":[{"href":"https:\/\/mail.schweizer-tierschutz-sts.ch\/fr\/wp-json\/wp\/v2\/media?parent=4292"}],"curies":[{"name":"wp","href":"https:\/\/api.w.org\/{rel}","templated":true}]}}