{"id":36434,"date":"2026-02-17T12:08:58","date_gmt":"2026-02-17T11:08:58","guid":{"rendered":"https:\/\/tierschutz.com\/?page_id=36434"},"modified":"2026-02-20T09:42:50","modified_gmt":"2026-02-20T08:42:50","slug":"offrez-une-vie-plus-saine-aux-chats-errants","status":"publish","type":"page","link":"https:\/\/mail.schweizer-tierschutz-sts.ch\/fr\/offrez-une-vie-plus-saine-aux-chats-errants\/","title":{"rendered":"Offrez une vie plus saine aux chats errants"},"content":{"rendered":"\n<div class=\"wp-block-group alignfull has-background-background-color has-background is-layout-constrained wp-block-group-is-layout-constrained\">\n<h2 class=\"wp-block-heading has-text-align-center\" id=\"h-offrez-une-vie-plus-saine-aux-chats-errants\"><strong>Offrez une vie plus saine aux chats errants<\/strong><\/h2>\n\n\n\n<hr class=\"wp-block-separator has-text-color has-primary-color has-alpha-channel-opacity has-primary-background-color has-background\"\/>\n\n\n\n<p class=\"has-text-align-center has-large-font-size\">60 francs permettent d\u00e9j\u00e0 une castration et donc un changement durable pour le bien de g\u00e9n\u00e9rations enti\u00e8res de chats. <br>Tu contribues ainsi \u00e0 stabiliser la population f\u00e9line suisse et \u00e0 lutter contre la mis\u00e8re croissante.<\/p>\n<\/div>\n\n\n\n<div class=\"wp-block-group alignfull has-background-background-color has-background is-layout-constrained wp-container-core-group-is-layout-6defc407 wp-block-group-is-layout-constrained\">\n<div class=\"wp-block-group is-style-default is-layout-constrained wp-block-group-is-layout-constrained\">\n<iframe loading=\"lazy\" src=\"https:\/\/tierschutz.payrexx.com\/fr\/pay?cid=2f1418cf&#038;hide_description=1&#038;appview=1\" allow=\"payment *\" width=\"100%\" height=\"1200\" style=\"border:0;\" id=\"payrexx-embed\"><\/iframe>\n<\/div>\n<\/div>\n","protected":false},"excerpt":{"rendered":"<p>60 francs permettent d\u00e9j\u00e0 une castration et donc un changement durable pour le bien de g\u00e9n\u00e9rations enti\u00e8res de chats.<\/p>\n","protected":false},"author":5,"featured_media":36617,"parent":0,"menu_order":5,"comment_status":"closed","ping_status":"closed","template":"leere-seite","meta":{"_acf_changed":false,"inline_featured_image":false,"_vp_format_video_url":"","_vp_image_focal_point":[],"footnotes":""},"class_list":["post-36434","page","type-page","status-publish","has-post-thumbnail","hentry"],"acf":[],"yoast_head":"<!-- This site is optimized with the Yoast SEO Premium plugin v27.4 (Yoast SEO v27.4) - https:\/\/yoast.com\/product\/yoast-seo-premium-wordpress\/ -->\n<title>Offrez une vie plus saine aux chats errants - Protection Suisse des Animaux PSA<\/title>\n<meta name=\"description\" content=\"60 francs permettent d\u00e9j\u00e0 une castration et donc un changement durable pour le bien de g\u00e9n\u00e9rations enti\u00e8res de chats.\" \/>\n<meta name=\"robots\" content=\"index, follow, max-snippet:-1, max-image-preview:large, max-video-preview:-1\" \/>\n<link rel=\"canonical\" href=\"https:\/\/mail.schweizer-tierschutz-sts.ch\/fr\/offrez-une-vie-plus-saine-aux-chats-errants\/\" \/>\n<meta property=\"og:locale\" content=\"fr_FR\" \/>\n<meta property=\"og:type\" content=\"article\" \/>\n<meta property=\"og:title\" content=\"Offrez une vie plus saine aux chats errants\" \/>\n<meta property=\"og:description\" content=\"60 francs permettent d\u00e9j\u00e0 une castration et donc un changement durable pour le bien de g\u00e9n\u00e9rations enti\u00e8res de chats.\" \/>\n<meta property=\"og:url\" content=\"https:\/\/mail.schweizer-tierschutz-sts.ch\/fr\/offrez-une-vie-plus-saine-aux-chats-errants\/\" \/>\n<meta property=\"og:site_name\" content=\"Protection Suisse des Animaux PSA\" \/>\n<meta property=\"article:publisher\" content=\"https:\/\/www.facebook.com\/schweizertierschutz\/\" \/>\n<meta property=\"article:modified_time\" content=\"2026-02-20T08:42:50+00:00\" \/>\n<meta property=\"og:image\" content=\"https:\/\/mail.schweizer-tierschutz-sts.ch\/app\/uploads\/2026\/02\/Streunerkatzen-3.jpg\" \/>\n\t<meta property=\"og:image:width\" content=\"2121\" \/>\n\t<meta property=\"og:image:height\" content=\"1414\" \/>\n\t<meta property=\"og:image:type\" content=\"image\/jpeg\" \/>\n<meta name=\"twitter:card\" content=\"summary_large_image\" \/>\n<meta name=\"twitter:label1\" content=\"Dur\u00e9e de lecture estim\u00e9e\" \/>\n\t<meta name=\"twitter:data1\" content=\"1 minute\" \/>\n<script type=\"application\/ld+json\" class=\"yoast-schema-graph\">{\"@context\":\"https:\\\/\\\/schema.org\",\"@graph\":[{\"@type\":\"WebPage\",\"@id\":\"https:\\\/\\\/mail.schweizer-tierschutz-sts.ch\\\/fr\\\/offrez-une-vie-plus-saine-aux-chats-errants\\\/\",\"url\":\"https:\\\/\\\/mail.schweizer-tierschutz-sts.ch\\\/fr\\\/offrez-une-vie-plus-saine-aux-chats-errants\\\/\",\"name\":\"Offrez une vie plus saine aux chats errants - Protection Suisse des Animaux PSA\",\"isPartOf\":{\"@id\":\"https:\\\/\\\/sts-psa.ch\\\/fr\\\/#website\"},\"primaryImageOfPage\":{\"@id\":\"https:\\\/\\\/mail.schweizer-tierschutz-sts.ch\\\/fr\\\/offrez-une-vie-plus-saine-aux-chats-errants\\\/#primaryimage\"},\"image\":{\"@id\":\"https:\\\/\\\/mail.schweizer-tierschutz-sts.ch\\\/fr\\\/offrez-une-vie-plus-saine-aux-chats-errants\\\/#primaryimage\"},\"thumbnailUrl\":\"https:\\\/\\\/mail.schweizer-tierschutz-sts.ch\\\/app\\\/uploads\\\/2026\\\/02\\\/Streunerkatzen-3.jpg\",\"datePublished\":\"2026-02-17T11:08:58+00:00\",\"dateModified\":\"2026-02-20T08:42:50+00:00\",\"description\":\"60 francs permettent d\u00e9j\u00e0 une castration et donc un changement durable pour le bien de g\u00e9n\u00e9rations enti\u00e8res de chats.\",\"breadcrumb\":{\"@id\":\"https:\\\/\\\/mail.schweizer-tierschutz-sts.ch\\\/fr\\\/offrez-une-vie-plus-saine-aux-chats-errants\\\/#breadcrumb\"},\"inLanguage\":\"fr-FR\",\"potentialAction\":[{\"@type\":\"ReadAction\",\"target\":[\"https:\\\/\\\/mail.schweizer-tierschutz-sts.ch\\\/fr\\\/offrez-une-vie-plus-saine-aux-chats-errants\\\/\"]}]},{\"@type\":\"ImageObject\",\"inLanguage\":\"fr-FR\",\"@id\":\"https:\\\/\\\/mail.schweizer-tierschutz-sts.ch\\\/fr\\\/offrez-une-vie-plus-saine-aux-chats-errants\\\/#primaryimage\",\"url\":\"https:\\\/\\\/mail.schweizer-tierschutz-sts.ch\\\/app\\\/uploads\\\/2026\\\/02\\\/Streunerkatzen-3.jpg\",\"contentUrl\":\"https:\\\/\\\/mail.schweizer-tierschutz-sts.ch\\\/app\\\/uploads\\\/2026\\\/02\\\/Streunerkatzen-3.jpg\",\"width\":2121,\"height\":1414,\"caption\":\"KKA\"},{\"@type\":\"BreadcrumbList\",\"@id\":\"https:\\\/\\\/mail.schweizer-tierschutz-sts.ch\\\/fr\\\/offrez-une-vie-plus-saine-aux-chats-errants\\\/#breadcrumb\",\"itemListElement\":[{\"@type\":\"ListItem\",\"position\":1,\"name\":\"Page d\u2019accueil\",\"item\":\"https:\\\/\\\/mail.schweizer-tierschutz.ch\\\/fr\\\/\"},{\"@type\":\"ListItem\",\"position\":2,\"name\":\"Offrez une vie plus saine aux chats errants\"}]},{\"@type\":\"WebSite\",\"@id\":\"https:\\\/\\\/sts-psa.ch\\\/fr\\\/#website\",\"url\":\"https:\\\/\\\/sts-psa.ch\\\/fr\\\/\",\"name\":\"tierschutz.com\",\"description\":\"Wir setzen uns f\u00fcr das Wohl der Tiere ein.\",\"publisher\":{\"@id\":\"https:\\\/\\\/sts-psa.ch\\\/fr\\\/#organization\"},\"alternateName\":\"Schweizer Tierschutz STS\",\"potentialAction\":[{\"@type\":\"SearchAction\",\"target\":{\"@type\":\"EntryPoint\",\"urlTemplate\":\"https:\\\/\\\/sts-psa.ch\\\/fr\\\/?s={search_term_string}\"},\"query-input\":{\"@type\":\"PropertyValueSpecification\",\"valueRequired\":true,\"valueName\":\"search_term_string\"}}],\"inLanguage\":\"fr-FR\"},{\"@type\":\"Organization\",\"@id\":\"https:\\\/\\\/sts-psa.ch\\\/fr\\\/#organization\",\"name\":\"Schweizer Tierschutz STS\",\"alternateName\":\"STS\",\"url\":\"https:\\\/\\\/sts-psa.ch\\\/fr\\\/\",\"logo\":{\"@type\":\"ImageObject\",\"inLanguage\":\"fr-FR\",\"@id\":\"https:\\\/\\\/sts-psa.ch\\\/fr\\\/#\\\/schema\\\/logo\\\/image\\\/\",\"url\":\"https:\\\/\\\/mail.schweizer-tierschutz-sts.ch\\\/app\\\/uploads\\\/2024\\\/04\\\/logo-schweizer-tierschutz-sts-1.svg\",\"contentUrl\":\"https:\\\/\\\/mail.schweizer-tierschutz-sts.ch\\\/app\\\/uploads\\\/2024\\\/04\\\/logo-schweizer-tierschutz-sts-1.svg\",\"caption\":\"Schweizer Tierschutz STS\"},\"image\":{\"@id\":\"https:\\\/\\\/sts-psa.ch\\\/fr\\\/#\\\/schema\\\/logo\\\/image\\\/\"},\"sameAs\":[\"https:\\\/\\\/www.facebook.com\\\/schweizertierschutz\\\/\",\"https:\\\/\\\/www.instagram.com\\\/schweizertierschutzsts\\\/\",\"https:\\\/\\\/www.youtube.com\\\/@STS_Tierschutz\",\"https:\\\/\\\/www.linkedin.com\\\/company\\\/schweizertierschutzsts\\\/\"],\"description\":\"Der Schweizer Tierschutz STS ist der Dachverband von 71 Tierschutzorganisationen in allen Sprachregionen der Schweiz und in Liechtenstein. Seine Mitarbeitenden leisten wissenschaftlich fundierte Grundlagenarbeit, setzen sich mit Projekten und Aktionen f\u00fcr den Schutz und das Wohlbefinden von Heim-, Wild-, Nutz- und Versuchstieren ein und sensibilisieren die \u00d6ffentlichkeit f\u00fcr Tierschutzthemen.\",\"email\":\"sts@tierschutz.com\",\"telephone\":\"061 365 99 99\",\"legalName\":\"Schweizer Tierschutz STS\"}]}<\/script>\n<!-- \/ Yoast SEO Premium plugin. -->","yoast_head_json":{"title":"Offrez une vie plus saine aux chats errants - Protection Suisse des Animaux PSA","description":"60 francs permettent d\u00e9j\u00e0 une castration et donc un changement durable pour le bien de g\u00e9n\u00e9rations enti\u00e8res de chats.","robots":{"index":"index","follow":"follow","max-snippet":"max-snippet:-1","max-image-preview":"max-image-preview:large","max-video-preview":"max-video-preview:-1"},"canonical":"https:\/\/mail.schweizer-tierschutz-sts.ch\/fr\/offrez-une-vie-plus-saine-aux-chats-errants\/","og_locale":"fr_FR","og_type":"article","og_title":"Offrez une vie plus saine aux chats errants","og_description":"60 francs permettent d\u00e9j\u00e0 une castration et donc un changement durable pour le bien de g\u00e9n\u00e9rations enti\u00e8res de chats.","og_url":"https:\/\/mail.schweizer-tierschutz-sts.ch\/fr\/offrez-une-vie-plus-saine-aux-chats-errants\/","og_site_name":"Protection Suisse des Animaux PSA","article_publisher":"https:\/\/www.facebook.com\/schweizertierschutz\/","article_modified_time":"2026-02-20T08:42:50+00:00","og_image":[{"width":2121,"height":1414,"url":"https:\/\/mail.schweizer-tierschutz-sts.ch\/app\/uploads\/2026\/02\/Streunerkatzen-3.jpg","type":"image\/jpeg"}],"twitter_card":"summary_large_image","twitter_misc":{"Dur\u00e9e de lecture estim\u00e9e":"1 minute"},"schema":{"@context":"https:\/\/schema.org","@graph":[{"@type":"WebPage","@id":"https:\/\/mail.schweizer-tierschutz-sts.ch\/fr\/offrez-une-vie-plus-saine-aux-chats-errants\/","url":"https:\/\/mail.schweizer-tierschutz-sts.ch\/fr\/offrez-une-vie-plus-saine-aux-chats-errants\/","name":"Offrez une vie plus saine aux chats errants - Protection Suisse des Animaux PSA","isPartOf":{"@id":"https:\/\/sts-psa.ch\/fr\/#website"},"primaryImageOfPage":{"@id":"https:\/\/mail.schweizer-tierschutz-sts.ch\/fr\/offrez-une-vie-plus-saine-aux-chats-errants\/#primaryimage"},"image":{"@id":"https:\/\/mail.schweizer-tierschutz-sts.ch\/fr\/offrez-une-vie-plus-saine-aux-chats-errants\/#primaryimage"},"thumbnailUrl":"https:\/\/mail.schweizer-tierschutz-sts.ch\/app\/uploads\/2026\/02\/Streunerkatzen-3.jpg","datePublished":"2026-02-17T11:08:58+00:00","dateModified":"2026-02-20T08:42:50+00:00","description":"60 francs permettent d\u00e9j\u00e0 une castration et donc un changement durable pour le bien de g\u00e9n\u00e9rations enti\u00e8res de chats.","breadcrumb":{"@id":"https:\/\/mail.schweizer-tierschutz-sts.ch\/fr\/offrez-une-vie-plus-saine-aux-chats-errants\/#breadcrumb"},"inLanguage":"fr-FR","potentialAction":[{"@type":"ReadAction","target":["https:\/\/mail.schweizer-tierschutz-sts.ch\/fr\/offrez-une-vie-plus-saine-aux-chats-errants\/"]}]},{"@type":"ImageObject","inLanguage":"fr-FR","@id":"https:\/\/mail.schweizer-tierschutz-sts.ch\/fr\/offrez-une-vie-plus-saine-aux-chats-errants\/#primaryimage","url":"https:\/\/mail.schweizer-tierschutz-sts.ch\/app\/uploads\/2026\/02\/Streunerkatzen-3.jpg","contentUrl":"https:\/\/mail.schweizer-tierschutz-sts.ch\/app\/uploads\/2026\/02\/Streunerkatzen-3.jpg","width":2121,"height":1414,"caption":"KKA"},{"@type":"BreadcrumbList","@id":"https:\/\/mail.schweizer-tierschutz-sts.ch\/fr\/offrez-une-vie-plus-saine-aux-chats-errants\/#breadcrumb","itemListElement":[{"@type":"ListItem","position":1,"name":"Page d\u2019accueil","item":"https:\/\/mail.schweizer-tierschutz.ch\/fr\/"},{"@type":"ListItem","position":2,"name":"Offrez une vie plus saine aux chats errants"}]},{"@type":"WebSite","@id":"https:\/\/sts-psa.ch\/fr\/#website","url":"https:\/\/sts-psa.ch\/fr\/","name":"tierschutz.com","description":"Wir setzen uns f\u00fcr das Wohl der Tiere ein.","publisher":{"@id":"https:\/\/sts-psa.ch\/fr\/#organization"},"alternateName":"Schweizer Tierschutz STS","potentialAction":[{"@type":"SearchAction","target":{"@type":"EntryPoint","urlTemplate":"https:\/\/sts-psa.ch\/fr\/?s={search_term_string}"},"query-input":{"@type":"PropertyValueSpecification","valueRequired":true,"valueName":"search_term_string"}}],"inLanguage":"fr-FR"},{"@type":"Organization","@id":"https:\/\/sts-psa.ch\/fr\/#organization","name":"Schweizer Tierschutz STS","alternateName":"STS","url":"https:\/\/sts-psa.ch\/fr\/","logo":{"@type":"ImageObject","inLanguage":"fr-FR","@id":"https:\/\/sts-psa.ch\/fr\/#\/schema\/logo\/image\/","url":"https:\/\/mail.schweizer-tierschutz-sts.ch\/app\/uploads\/2024\/04\/logo-schweizer-tierschutz-sts-1.svg","contentUrl":"https:\/\/mail.schweizer-tierschutz-sts.ch\/app\/uploads\/2024\/04\/logo-schweizer-tierschutz-sts-1.svg","caption":"Schweizer Tierschutz STS"},"image":{"@id":"https:\/\/sts-psa.ch\/fr\/#\/schema\/logo\/image\/"},"sameAs":["https:\/\/www.facebook.com\/schweizertierschutz\/","https:\/\/www.instagram.com\/schweizertierschutzsts\/","https:\/\/www.youtube.com\/@STS_Tierschutz","https:\/\/www.linkedin.com\/company\/schweizertierschutzsts\/"],"description":"Der Schweizer Tierschutz STS ist der Dachverband von 71 Tierschutzorganisationen in allen Sprachregionen der Schweiz und in Liechtenstein. Seine Mitarbeitenden leisten wissenschaftlich fundierte Grundlagenarbeit, setzen sich mit Projekten und Aktionen f\u00fcr den Schutz und das Wohlbefinden von Heim-, Wild-, Nutz- und Versuchstieren ein und sensibilisieren die \u00d6ffentlichkeit f\u00fcr Tierschutzthemen.","email":"sts@tierschutz.com","telephone":"061 365 99 99","legalName":"Schweizer Tierschutz STS"}]}},"_links":{"self":[{"href":"https:\/\/mail.schweizer-tierschutz-sts.ch\/fr\/wp-json\/wp\/v2\/pages\/36434","targetHints":{"allow":["GET"]}}],"collection":[{"href":"https:\/\/mail.schweizer-tierschutz-sts.ch\/fr\/wp-json\/wp\/v2\/pages"}],"about":[{"href":"https:\/\/mail.schweizer-tierschutz-sts.ch\/fr\/wp-json\/wp\/v2\/types\/page"}],"author":[{"embeddable":true,"href":"https:\/\/mail.schweizer-tierschutz-sts.ch\/fr\/wp-json\/wp\/v2\/users\/5"}],"replies":[{"embeddable":true,"href":"https:\/\/mail.schweizer-tierschutz-sts.ch\/fr\/wp-json\/wp\/v2\/comments?post=36434"}],"version-history":[{"count":3,"href":"https:\/\/mail.schweizer-tierschutz-sts.ch\/fr\/wp-json\/wp\/v2\/pages\/36434\/revisions"}],"predecessor-version":[{"id":36441,"href":"https:\/\/mail.schweizer-tierschutz-sts.ch\/fr\/wp-json\/wp\/v2\/pages\/36434\/revisions\/36441"}],"wp:featuredmedia":[{"embeddable":true,"href":"https:\/\/mail.schweizer-tierschutz-sts.ch\/fr\/wp-json\/wp\/v2\/media\/36617"}],"wp:attachment":[{"href":"https:\/\/mail.schweizer-tierschutz-sts.ch\/fr\/wp-json\/wp\/v2\/media?parent=36434"}],"curies":[{"name":"wp","href":"https:\/\/api.w.org\/{rel}","templated":true}]}}