{"id":33437,"date":"2025-07-30T13:15:12","date_gmt":"2025-07-30T11:15:12","guid":{"rendered":"https:\/\/tierschutz.com\/steriliser-les-chats\/"},"modified":"2026-02-20T16:26:44","modified_gmt":"2026-02-20T15:26:44","slug":"steriliser-chats","status":"publish","type":"page","link":"https:\/\/mail.schweizer-tierschutz-sts.ch\/fr\/steriliser-chats\/","title":{"rendered":"St\u00e9riliser les chats"},"content":{"rendered":"\n<div class=\"wp-block-cover alignfull is-light\"><span aria-hidden=\"true\" class=\"wp-block-cover__background has-background-dim-20 has-background-dim\" style=\"background-color:#afab88\"><\/span><img loading=\"lazy\" decoding=\"async\" width=\"1024\" height=\"683\" src=\"https:\/\/mail.schweizer-tierschutz-sts.ch\/app\/uploads\/2025\/08\/grundrauschen-katzen2-1024x683.jpg\" class=\"wp-block-cover__image-background wp-post-image\" alt=\"\" data-object-fit=\"cover\" srcset=\"https:\/\/mail.schweizer-tierschutz-sts.ch\/app\/uploads\/2025\/08\/grundrauschen-katzen2-1024x683.jpg 1024w, https:\/\/mail.schweizer-tierschutz-sts.ch\/app\/uploads\/2025\/08\/grundrauschen-katzen2-300x200.jpg 300w, https:\/\/mail.schweizer-tierschutz-sts.ch\/app\/uploads\/2025\/08\/grundrauschen-katzen2-768x512.jpg 768w, https:\/\/mail.schweizer-tierschutz-sts.ch\/app\/uploads\/2025\/08\/grundrauschen-katzen2-1536x1024.jpg 1536w, https:\/\/mail.schweizer-tierschutz-sts.ch\/app\/uploads\/2025\/08\/grundrauschen-katzen2-2048x1365.jpg 2048w\" sizes=\"auto, (max-width: 1024px) 100vw, 1024px\" \/><div class=\"wp-block-cover__inner-container is-layout-flow wp-block-cover-is-layout-flow\">\n<h2 class=\"wp-block-heading has-text-align-center has-background-color has-text-color\" id=\"h-detresse-des-chats-en-suisse\"><strong>D\u00e9tresse des chats en Suisse<\/strong><\/h2>\n<\/div><\/div>\n\n\n\n<div class=\"wp-block-group alignfull has-background-background-color has-background is-layout-constrained wp-block-group-is-layout-constrained\">\n<h2 class=\"wp-block-heading has-text-align-center\" id=\"h-les-chats-non-sterilises-souffrent\"><strong>Les chats non st\u00e9rilis\u00e9s souffrent<\/strong><\/h2>\n\n\n\n<hr class=\"wp-block-separator has-text-color has-primary-color has-alpha-channel-opacity has-primary-background-color has-background\"\/>\n\n\n\n<p class=\"has-text-align-center has-large-font-size\">Plus de&nbsp;220&#8217;000 chats errants vivent sans foyer en Suisse et v\u00e9g\u00e8tent mis\u00e9rablement. Nous nous engageons pour la st\u00e9rilisation des chats errants afin de lutter contre cette d\u00e9tresse des chats.<\/p>\n\n\n\n<p class=\"has-text-align-left\">Les chats non st\u00e9rilis\u00e9s se reproduisent tr\u00e8s rapidement. Cela entra\u00eene des combats de territoires et des blessures&nbsp;; les maladies et les parasites se propagent. Les animaux de rang inf\u00e9rieur migrent et deviennent sauvages ou cherchent d\u2019autres fermes o\u00f9 ils continuent de se reproduire.&nbsp;Si l\u2019on part du principe qu\u2019un couple de chats a deux port\u00e9es par an et que&nbsp;3&nbsp;chatons par port\u00e9e survivent, cela repr\u00e9sente plus de&nbsp;420&#8217;000 chats au bout de&nbsp;7&nbsp;ans. La d\u00e9tresse des chats continue de cro\u00eetre sans fin.<\/p>\n<\/div>\n\n\n\n<div class=\"wp-block-media-text alignwide is-stacked-on-mobile is-vertically-aligned-center\"><figure class=\"wp-block-media-text__media\"><img loading=\"lazy\" decoding=\"async\" width=\"1884\" height=\"1335\" src=\"https:\/\/tierschutz.com\/app\/uploads\/2025\/08\/grundrauschen-katzen1-scaled-e1755085949798.jpg\" alt=\"\" class=\"wp-image-33295 size-full\" srcset=\"https:\/\/mail.schweizer-tierschutz-sts.ch\/app\/uploads\/2025\/08\/grundrauschen-katzen1-scaled-e1755085949798.jpg 1884w, https:\/\/mail.schweizer-tierschutz-sts.ch\/app\/uploads\/2025\/08\/grundrauschen-katzen1-scaled-e1755085949798-300x213.jpg 300w, https:\/\/mail.schweizer-tierschutz-sts.ch\/app\/uploads\/2025\/08\/grundrauschen-katzen1-scaled-e1755085949798-1024x726.jpg 1024w, https:\/\/mail.schweizer-tierschutz-sts.ch\/app\/uploads\/2025\/08\/grundrauschen-katzen1-scaled-e1755085949798-768x544.jpg 768w, https:\/\/mail.schweizer-tierschutz-sts.ch\/app\/uploads\/2025\/08\/grundrauschen-katzen1-scaled-e1755085949798-1536x1088.jpg 1536w\" sizes=\"auto, (max-width: 1884px) 100vw, 1884px\" \/><\/figure><div class=\"wp-block-media-text__content\">\n<div class=\"wp-block-group is-style-shadow-box has-background-background-color has-background is-layout-constrained wp-block-group-is-layout-constrained\">\n<h3 class=\"wp-block-heading\" id=\"h-proteger-les-chats-grace-a-la-sterilisation\"><strong><strong>Prot\u00e9ger les chats gr\u00e2ce \u00e0 la st\u00e9rilisation<\/strong><\/strong><\/h3>\n\n\n\n<p>La st\u00e9rilisation des chats domestiques ainsi que des chats errants a une importance centrale pour prot\u00e9ger leur sant\u00e9 et leur bien-\u00eatre. La reproduction non contr\u00f4l\u00e9e peut engendrer des port\u00e9es non d\u00e9sir\u00e9es et \u00eatre dangereuse tant pour la m\u00e8re que pour les chatons nouveaux-n\u00e9s. Elle contribue en outre \u00e0 la surpopulation des chats, ce qui augmente le risque de n\u00e9gligence, de maltraitance ou d\u2019euthanasie.&nbsp;<\/p>\n\n\n\n<p>C\u2019est pr\u00e9cis\u00e9ment pour cette raison que la protection Suisse des Animaux PSA s\u2019engage activement pour la st\u00e9rilisation des chats errants.<\/p>\n<\/div>\n<\/div><\/div>\n\n\n\n<div class=\"wp-block-group alignfull has-background-background-color has-background is-layout-constrained wp-block-group-is-layout-constrained\">\n<div class=\"wp-block-group is-layout-flex wp-container-core-group-is-layout-d0921e6e wp-block-group-is-layout-flex\">\n<div class=\"wp-block-group is-style-shadow-box width100 has-background-background-color has-background is-layout-constrained wp-block-group-is-layout-constrained\">\n<h3 class=\"wp-block-heading has-text-align-center\" id=\"h-votre-don-fait-la-difference\"><strong>Votre don fait la diff\u00e9rence<\/strong><\/h3>\n\n\n\n<hr class=\"wp-block-separator has-text-color has-primary-color has-alpha-channel-opacity has-primary-background-color has-background\"\/>\n\n\n\n<p class=\"has-text-align-center\">Aidez-nous \u00e0 soulager la souffrance des chats en faisant un don pour notre action D\u00e9tresse des chats. &nbsp;Gr\u00e2ce \u00e0 votre soutien, nous pouvons st\u00e9riliser les chats sauvages ou errants et lutter contre la reproduction incontr\u00f4l\u00e9e.&nbsp;<\/p>\n\n\n\n<div style=\"height:3em\" aria-hidden=\"true\" class=\"wp-block-spacer\"><\/div>\n\n\n\n<iframe loading=\"lazy\" src=\"https:\/\/tierschutz.payrexx.com\/fr\/pay?cid=2f1418cf&#038;hide_description=1&#038;appview=1\" allow=\"payment *\" width=\"100%\" height=\"1200\" style=\"border:0;\" id=\"payrexx-embed\"><\/iframe>\n<\/div>\n<\/div>\n<\/div>\n","protected":false},"excerpt":{"rendered":"<p>Plus de\u00a0220&#8217;000 chats errants vivent sans foyer en Suisse et v\u00e9g\u00e8tent mis\u00e9rablement. Nous nous engageons pour la st\u00e9rilisation des chats errants afin de lutter contre cette d\u00e9tresse des chats.<\/p>\n","protected":false},"author":5,"featured_media":33299,"parent":0,"menu_order":25,"comment_status":"closed","ping_status":"closed","template":"","meta":{"_acf_changed":false,"inline_featured_image":false,"_vp_format_video_url":"","_vp_image_focal_point":[],"footnotes":""},"class_list":["post-33437","page","type-page","status-publish","has-post-thumbnail","hentry"],"acf":[],"yoast_head":"<!-- This site is optimized with the Yoast SEO Premium plugin v27.4 (Yoast SEO v27.4) - https:\/\/yoast.com\/product\/yoast-seo-premium-wordpress\/ -->\n<title>St\u00e9riliser les chats - Protection Suisse des Animaux PSA<\/title>\n<meta name=\"description\" content=\"Plus de\u00a0220&#039;000 chats errants vivent sans foyer en Suisse et v\u00e9g\u00e8tent mis\u00e9rablement.\" \/>\n<meta name=\"robots\" content=\"index, follow, max-snippet:-1, max-image-preview:large, max-video-preview:-1\" \/>\n<link rel=\"canonical\" href=\"https:\/\/mail.schweizer-tierschutz-sts.ch\/fr\/steriliser-chats\/\" \/>\n<meta property=\"og:locale\" content=\"fr_FR\" \/>\n<meta property=\"og:type\" content=\"article\" \/>\n<meta property=\"og:title\" content=\"St\u00e9riliser les chats\" \/>\n<meta property=\"og:description\" content=\"Plus de\u00a0220&#039;000 chats errants vivent sans foyer en Suisse et v\u00e9g\u00e8tent mis\u00e9rablement.\" \/>\n<meta property=\"og:url\" content=\"https:\/\/mail.schweizer-tierschutz-sts.ch\/fr\/steriliser-chats\/\" \/>\n<meta property=\"og:site_name\" content=\"Protection Suisse des Animaux PSA\" \/>\n<meta property=\"article:publisher\" content=\"https:\/\/www.facebook.com\/schweizertierschutz\/\" \/>\n<meta property=\"article:modified_time\" content=\"2026-02-20T15:26:44+00:00\" \/>\n<meta property=\"og:image\" content=\"https:\/\/tierschutz.com\/app\/uploads\/2025\/08\/grundrauschen-katzen2-scaled.jpg\" \/>\n\t<meta property=\"og:image:width\" content=\"2560\" \/>\n\t<meta property=\"og:image:height\" content=\"1707\" \/>\n\t<meta property=\"og:image:type\" content=\"image\/jpeg\" \/>\n<meta name=\"twitter:card\" content=\"summary_large_image\" \/>\n<meta name=\"twitter:label1\" content=\"Dur\u00e9e de lecture estim\u00e9e\" \/>\n\t<meta name=\"twitter:data1\" content=\"2 minutes\" \/>\n<script type=\"application\/ld+json\" class=\"yoast-schema-graph\">{\"@context\":\"https:\\\/\\\/schema.org\",\"@graph\":[{\"@type\":\"WebPage\",\"@id\":\"https:\\\/\\\/mail.schweizer-tierschutz-sts.ch\\\/fr\\\/steriliser-chats\\\/\",\"url\":\"https:\\\/\\\/mail.schweizer-tierschutz-sts.ch\\\/fr\\\/steriliser-chats\\\/\",\"name\":\"St\u00e9riliser les chats - Protection Suisse des Animaux PSA\",\"isPartOf\":{\"@id\":\"https:\\\/\\\/tierschutz.com\\\/it\\\/#website\"},\"primaryImageOfPage\":{\"@id\":\"https:\\\/\\\/mail.schweizer-tierschutz-sts.ch\\\/fr\\\/steriliser-chats\\\/#primaryimage\"},\"image\":{\"@id\":\"https:\\\/\\\/mail.schweizer-tierschutz-sts.ch\\\/fr\\\/steriliser-chats\\\/#primaryimage\"},\"thumbnailUrl\":\"https:\\\/\\\/mail.schweizer-tierschutz-sts.ch\\\/app\\\/uploads\\\/2025\\\/08\\\/grundrauschen-katzen2-scaled.jpg\",\"datePublished\":\"2025-07-30T11:15:12+00:00\",\"dateModified\":\"2026-02-20T15:26:44+00:00\",\"description\":\"Plus de\u00a0220'000 chats errants vivent sans foyer en Suisse et v\u00e9g\u00e8tent mis\u00e9rablement.\",\"breadcrumb\":{\"@id\":\"https:\\\/\\\/mail.schweizer-tierschutz-sts.ch\\\/fr\\\/steriliser-chats\\\/#breadcrumb\"},\"inLanguage\":\"fr-FR\",\"potentialAction\":[{\"@type\":\"ReadAction\",\"target\":[\"https:\\\/\\\/mail.schweizer-tierschutz-sts.ch\\\/fr\\\/steriliser-chats\\\/\"]}]},{\"@type\":\"ImageObject\",\"inLanguage\":\"fr-FR\",\"@id\":\"https:\\\/\\\/mail.schweizer-tierschutz-sts.ch\\\/fr\\\/steriliser-chats\\\/#primaryimage\",\"url\":\"https:\\\/\\\/mail.schweizer-tierschutz-sts.ch\\\/app\\\/uploads\\\/2025\\\/08\\\/grundrauschen-katzen2-scaled.jpg\",\"contentUrl\":\"https:\\\/\\\/mail.schweizer-tierschutz-sts.ch\\\/app\\\/uploads\\\/2025\\\/08\\\/grundrauschen-katzen2-scaled.jpg\",\"width\":2560,\"height\":1707,\"caption\":\"Large group of homeless kittens in a city street near the house\"},{\"@type\":\"BreadcrumbList\",\"@id\":\"https:\\\/\\\/mail.schweizer-tierschutz-sts.ch\\\/fr\\\/steriliser-chats\\\/#breadcrumb\",\"itemListElement\":[{\"@type\":\"ListItem\",\"position\":1,\"name\":\"Page d\u2019accueil\",\"item\":\"https:\\\/\\\/mail.swiss-animal-protection.ch\\\/fr\\\/\"},{\"@type\":\"ListItem\",\"position\":2,\"name\":\"St\u00e9riliser les chats\"}]},{\"@type\":\"WebSite\",\"@id\":\"https:\\\/\\\/tierschutz.com\\\/it\\\/#website\",\"url\":\"https:\\\/\\\/tierschutz.com\\\/it\\\/\",\"name\":\"tierschutz.com\",\"description\":\"Wir setzen uns f\u00fcr das Wohl der Tiere ein.\",\"publisher\":{\"@id\":\"https:\\\/\\\/tierschutz.com\\\/it\\\/#organization\"},\"alternateName\":\"Schweizer Tierschutz STS\",\"potentialAction\":[{\"@type\":\"SearchAction\",\"target\":{\"@type\":\"EntryPoint\",\"urlTemplate\":\"https:\\\/\\\/tierschutz.com\\\/it\\\/?s={search_term_string}\"},\"query-input\":{\"@type\":\"PropertyValueSpecification\",\"valueRequired\":true,\"valueName\":\"search_term_string\"}}],\"inLanguage\":\"fr-FR\"},{\"@type\":\"Organization\",\"@id\":\"https:\\\/\\\/tierschutz.com\\\/it\\\/#organization\",\"name\":\"Schweizer Tierschutz STS\",\"alternateName\":\"STS\",\"url\":\"https:\\\/\\\/tierschutz.com\\\/it\\\/\",\"logo\":{\"@type\":\"ImageObject\",\"inLanguage\":\"fr-FR\",\"@id\":\"https:\\\/\\\/tierschutz.com\\\/it\\\/#\\\/schema\\\/logo\\\/image\\\/\",\"url\":\"https:\\\/\\\/mail.schweizer-tierschutz-sts.ch\\\/app\\\/uploads\\\/2024\\\/04\\\/logo-schweizer-tierschutz-sts-1.svg\",\"contentUrl\":\"https:\\\/\\\/mail.schweizer-tierschutz-sts.ch\\\/app\\\/uploads\\\/2024\\\/04\\\/logo-schweizer-tierschutz-sts-1.svg\",\"caption\":\"Schweizer Tierschutz STS\"},\"image\":{\"@id\":\"https:\\\/\\\/tierschutz.com\\\/it\\\/#\\\/schema\\\/logo\\\/image\\\/\"},\"sameAs\":[\"https:\\\/\\\/www.facebook.com\\\/schweizertierschutz\\\/\",\"https:\\\/\\\/www.instagram.com\\\/schweizertierschutzsts\\\/\",\"https:\\\/\\\/www.youtube.com\\\/@STS_Tierschutz\",\"https:\\\/\\\/www.linkedin.com\\\/company\\\/schweizertierschutzsts\\\/\"],\"description\":\"Der Schweizer Tierschutz STS ist der Dachverband von 71 Tierschutzorganisationen in allen Sprachregionen der Schweiz und in Liechtenstein. Seine Mitarbeitenden leisten wissenschaftlich fundierte Grundlagenarbeit, setzen sich mit Projekten und Aktionen f\u00fcr den Schutz und das Wohlbefinden von Heim-, Wild-, Nutz- und Versuchstieren ein und sensibilisieren die \u00d6ffentlichkeit f\u00fcr Tierschutzthemen.\",\"email\":\"sts@tierschutz.com\",\"telephone\":\"061 365 99 99\",\"legalName\":\"Schweizer Tierschutz STS\"}]}<\/script>\n<!-- \/ Yoast SEO Premium plugin. -->","yoast_head_json":{"title":"St\u00e9riliser les chats - Protection Suisse des Animaux PSA","description":"Plus de\u00a0220'000 chats errants vivent sans foyer en Suisse et v\u00e9g\u00e8tent mis\u00e9rablement.","robots":{"index":"index","follow":"follow","max-snippet":"max-snippet:-1","max-image-preview":"max-image-preview:large","max-video-preview":"max-video-preview:-1"},"canonical":"https:\/\/mail.schweizer-tierschutz-sts.ch\/fr\/steriliser-chats\/","og_locale":"fr_FR","og_type":"article","og_title":"St\u00e9riliser les chats","og_description":"Plus de\u00a0220'000 chats errants vivent sans foyer en Suisse et v\u00e9g\u00e8tent mis\u00e9rablement.","og_url":"https:\/\/mail.schweizer-tierschutz-sts.ch\/fr\/steriliser-chats\/","og_site_name":"Protection Suisse des Animaux PSA","article_publisher":"https:\/\/www.facebook.com\/schweizertierschutz\/","article_modified_time":"2026-02-20T15:26:44+00:00","og_image":[{"width":2560,"height":1707,"url":"https:\/\/tierschutz.com\/app\/uploads\/2025\/08\/grundrauschen-katzen2-scaled.jpg","type":"image\/jpeg"}],"twitter_card":"summary_large_image","twitter_misc":{"Dur\u00e9e de lecture estim\u00e9e":"2 minutes"},"schema":{"@context":"https:\/\/schema.org","@graph":[{"@type":"WebPage","@id":"https:\/\/mail.schweizer-tierschutz-sts.ch\/fr\/steriliser-chats\/","url":"https:\/\/mail.schweizer-tierschutz-sts.ch\/fr\/steriliser-chats\/","name":"St\u00e9riliser les chats - Protection Suisse des Animaux PSA","isPartOf":{"@id":"https:\/\/tierschutz.com\/it\/#website"},"primaryImageOfPage":{"@id":"https:\/\/mail.schweizer-tierschutz-sts.ch\/fr\/steriliser-chats\/#primaryimage"},"image":{"@id":"https:\/\/mail.schweizer-tierschutz-sts.ch\/fr\/steriliser-chats\/#primaryimage"},"thumbnailUrl":"https:\/\/mail.schweizer-tierschutz-sts.ch\/app\/uploads\/2025\/08\/grundrauschen-katzen2-scaled.jpg","datePublished":"2025-07-30T11:15:12+00:00","dateModified":"2026-02-20T15:26:44+00:00","description":"Plus de\u00a0220'000 chats errants vivent sans foyer en Suisse et v\u00e9g\u00e8tent mis\u00e9rablement.","breadcrumb":{"@id":"https:\/\/mail.schweizer-tierschutz-sts.ch\/fr\/steriliser-chats\/#breadcrumb"},"inLanguage":"fr-FR","potentialAction":[{"@type":"ReadAction","target":["https:\/\/mail.schweizer-tierschutz-sts.ch\/fr\/steriliser-chats\/"]}]},{"@type":"ImageObject","inLanguage":"fr-FR","@id":"https:\/\/mail.schweizer-tierschutz-sts.ch\/fr\/steriliser-chats\/#primaryimage","url":"https:\/\/mail.schweizer-tierschutz-sts.ch\/app\/uploads\/2025\/08\/grundrauschen-katzen2-scaled.jpg","contentUrl":"https:\/\/mail.schweizer-tierschutz-sts.ch\/app\/uploads\/2025\/08\/grundrauschen-katzen2-scaled.jpg","width":2560,"height":1707,"caption":"Large group of homeless kittens in a city street near the house"},{"@type":"BreadcrumbList","@id":"https:\/\/mail.schweizer-tierschutz-sts.ch\/fr\/steriliser-chats\/#breadcrumb","itemListElement":[{"@type":"ListItem","position":1,"name":"Page d\u2019accueil","item":"https:\/\/mail.swiss-animal-protection.ch\/fr\/"},{"@type":"ListItem","position":2,"name":"St\u00e9riliser les chats"}]},{"@type":"WebSite","@id":"https:\/\/tierschutz.com\/it\/#website","url":"https:\/\/tierschutz.com\/it\/","name":"tierschutz.com","description":"Wir setzen uns f\u00fcr das Wohl der Tiere ein.","publisher":{"@id":"https:\/\/tierschutz.com\/it\/#organization"},"alternateName":"Schweizer Tierschutz STS","potentialAction":[{"@type":"SearchAction","target":{"@type":"EntryPoint","urlTemplate":"https:\/\/tierschutz.com\/it\/?s={search_term_string}"},"query-input":{"@type":"PropertyValueSpecification","valueRequired":true,"valueName":"search_term_string"}}],"inLanguage":"fr-FR"},{"@type":"Organization","@id":"https:\/\/tierschutz.com\/it\/#organization","name":"Schweizer Tierschutz STS","alternateName":"STS","url":"https:\/\/tierschutz.com\/it\/","logo":{"@type":"ImageObject","inLanguage":"fr-FR","@id":"https:\/\/tierschutz.com\/it\/#\/schema\/logo\/image\/","url":"https:\/\/mail.schweizer-tierschutz-sts.ch\/app\/uploads\/2024\/04\/logo-schweizer-tierschutz-sts-1.svg","contentUrl":"https:\/\/mail.schweizer-tierschutz-sts.ch\/app\/uploads\/2024\/04\/logo-schweizer-tierschutz-sts-1.svg","caption":"Schweizer Tierschutz STS"},"image":{"@id":"https:\/\/tierschutz.com\/it\/#\/schema\/logo\/image\/"},"sameAs":["https:\/\/www.facebook.com\/schweizertierschutz\/","https:\/\/www.instagram.com\/schweizertierschutzsts\/","https:\/\/www.youtube.com\/@STS_Tierschutz","https:\/\/www.linkedin.com\/company\/schweizertierschutzsts\/"],"description":"Der Schweizer Tierschutz STS ist der Dachverband von 71 Tierschutzorganisationen in allen Sprachregionen der Schweiz und in Liechtenstein. Seine Mitarbeitenden leisten wissenschaftlich fundierte Grundlagenarbeit, setzen sich mit Projekten und Aktionen f\u00fcr den Schutz und das Wohlbefinden von Heim-, Wild-, Nutz- und Versuchstieren ein und sensibilisieren die \u00d6ffentlichkeit f\u00fcr Tierschutzthemen.","email":"sts@tierschutz.com","telephone":"061 365 99 99","legalName":"Schweizer Tierschutz STS"}]}},"_links":{"self":[{"href":"https:\/\/mail.schweizer-tierschutz-sts.ch\/fr\/wp-json\/wp\/v2\/pages\/33437","targetHints":{"allow":["GET"]}}],"collection":[{"href":"https:\/\/mail.schweizer-tierschutz-sts.ch\/fr\/wp-json\/wp\/v2\/pages"}],"about":[{"href":"https:\/\/mail.schweizer-tierschutz-sts.ch\/fr\/wp-json\/wp\/v2\/types\/page"}],"author":[{"embeddable":true,"href":"https:\/\/mail.schweizer-tierschutz-sts.ch\/fr\/wp-json\/wp\/v2\/users\/5"}],"replies":[{"embeddable":true,"href":"https:\/\/mail.schweizer-tierschutz-sts.ch\/fr\/wp-json\/wp\/v2\/comments?post=33437"}],"version-history":[{"count":5,"href":"https:\/\/mail.schweizer-tierschutz-sts.ch\/fr\/wp-json\/wp\/v2\/pages\/33437\/revisions"}],"predecessor-version":[{"id":36497,"href":"https:\/\/mail.schweizer-tierschutz-sts.ch\/fr\/wp-json\/wp\/v2\/pages\/33437\/revisions\/36497"}],"wp:featuredmedia":[{"embeddable":true,"href":"https:\/\/mail.schweizer-tierschutz-sts.ch\/fr\/wp-json\/wp\/v2\/media\/33299"}],"wp:attachment":[{"href":"https:\/\/mail.schweizer-tierschutz-sts.ch\/fr\/wp-json\/wp\/v2\/media?parent=33437"}],"curies":[{"name":"wp","href":"https:\/\/api.w.org\/{rel}","templated":true}]}}