{"id":33387,"date":"2025-08-13T13:57:46","date_gmt":"2025-08-13T11:57:46","guid":{"rendered":"https:\/\/tierschutz.com\/lutter-contre-le-commerce-peu-scrupuleux-des-chiots\/"},"modified":"2025-08-25T11:26:43","modified_gmt":"2025-08-25T09:26:43","slug":"trafic-chiots","status":"publish","type":"page","link":"https:\/\/mail.schweizer-tierschutz-sts.ch\/fr\/trafic-chiots\/","title":{"rendered":"Lutter contre le commerce peu scrupuleux des chiots"},"content":{"rendered":"\n<div class=\"wp-block-cover alignfull is-light\"><span aria-hidden=\"true\" class=\"wp-block-cover__background has-background-dim-20 has-background-dim\" style=\"background-color:#978581\"><\/span><img loading=\"lazy\" decoding=\"async\" width=\"1024\" height=\"683\" src=\"https:\/\/mail.schweizer-tierschutz-sts.ch\/app\/uploads\/2025\/08\/grundrauschen-hund2-1024x683.jpg\" class=\"wp-block-cover__image-background wp-post-image\" alt=\"\" data-object-fit=\"cover\" srcset=\"https:\/\/mail.schweizer-tierschutz-sts.ch\/app\/uploads\/2025\/08\/grundrauschen-hund2-1024x683.jpg 1024w, https:\/\/mail.schweizer-tierschutz-sts.ch\/app\/uploads\/2025\/08\/grundrauschen-hund2-300x200.jpg 300w, https:\/\/mail.schweizer-tierschutz-sts.ch\/app\/uploads\/2025\/08\/grundrauschen-hund2-768x512.jpg 768w, https:\/\/mail.schweizer-tierschutz-sts.ch\/app\/uploads\/2025\/08\/grundrauschen-hund2-1536x1024.jpg 1536w, https:\/\/mail.schweizer-tierschutz-sts.ch\/app\/uploads\/2025\/08\/grundrauschen-hund2-2048x1365.jpg 2048w\" sizes=\"auto, (max-width: 1024px) 100vw, 1024px\" \/><div class=\"wp-block-cover__inner-container is-layout-flow wp-block-cover-is-layout-flow\">\n<h2 class=\"wp-block-heading has-text-align-center has-background-color has-text-color\" id=\"h-lutter-contre-le-commerce-peu-scrupuleux-des-chiots\"><strong><strong>Lutter contre le commerce peu scrupuleux des chiots<\/strong><\/strong><\/h2>\n<\/div><\/div>\n\n\n\n<div class=\"wp-block-group alignfull has-background-background-color has-background is-layout-constrained wp-block-group-is-layout-constrained\">\n<h2 class=\"wp-block-heading has-text-align-center\" id=\"h-les-risques-que-represente-l-achat-d-un-chien-sur-internet\"><strong>Les risques que repr\u00e9sente l\u2019achat d\u2019un chien sur internet<\/strong><\/h2>\n\n\n\n<hr class=\"wp-block-separator has-text-color has-primary-color has-alpha-channel-opacity has-primary-background-color has-background\"\/>\n\n\n\n<p class=\"has-text-align-center has-large-font-size\">Le commerce de chiots est en plein essor en Suisse, ce qui entra\u00eene une augmentation de la criminalit\u00e9 et de la souffrance animale. Il existe d\u2019innombrables annonces et publicit\u00e9s douteuses sur internet. Les chiens sont propos\u00e9s \u00e0 la vente sur des plateformes et r\u00e9seaux sociaux apparemment s\u00e9rieux. Ces offres constituent malheureusement un gros risque pour les chiots.<\/p>\n\n\n\n<p class=\"has-text-align-left\">Une grande partie de ces annonces conduit \u00e0 l\u2019achat de chiens issus d\u2019un commerce de chiots peu scrupuleux. Ce commerce est source de grande souffrance animale et rapporte de gros gains aux personnes qui vendent les animaux. Les chiens sont souvent \u00e9lev\u00e9s dans de mauvaises conditions et s\u00e9par\u00e9s trop t\u00f4t de leur m\u00e8re. Beaucoup sont malades, non vaccin\u00e9s ou mal socialis\u00e9s. Les probl\u00e8mes tels que la transmission de maladies ou les troubles du comportement sont importants. Les chiens \u00e0 la mode sont particuli\u00e8rement touch\u00e9s par ce commerce sans scrupules, car ils se vendent tr\u00e8s bien.<\/p>\n\n\n\n<p class=\"has-text-align-left\">Les chiots sont souvent remis depuis le coffre d\u2019une voiture sur des aires de repos ou des parkings anim\u00e9s \u00e0 l\u2019\u00e9tranger puis introduits ill\u00e9galement en Suisse par les nouveaux propri\u00e9taires sans v\u00e9rification des documents ni paiement des droits de douane. Il arrive aussi que des personnes r\u00e9sidant en Suisse se chargent du commerce interm\u00e9diaires. Chaque achat issu d\u2019une source douteuse encourage une production de chiens violant la protection animale. Pour finir, de tels achats encouragent la criminalit\u00e9 organis\u00e9e qui se cache souvent derri\u00e8re ces offres douteuses.<\/p>\n<\/div>\n\n\n\n<div class=\"wp-block-media-text alignwide is-stacked-on-mobile is-vertically-aligned-center\"><figure class=\"wp-block-media-text__media\"><img loading=\"lazy\" decoding=\"async\" width=\"894\" height=\"1024\" src=\"https:\/\/tierschutz.com\/app\/uploads\/2025\/08\/grundrauschen-hund3-scaled-e1755086144201-894x1024.jpg\" alt=\"\" class=\"wp-image-33292 size-full\" srcset=\"https:\/\/mail.schweizer-tierschutz-sts.ch\/app\/uploads\/2025\/08\/grundrauschen-hund3-scaled-e1755086144201-894x1024.jpg 894w, https:\/\/mail.schweizer-tierschutz-sts.ch\/app\/uploads\/2025\/08\/grundrauschen-hund3-scaled-e1755086144201-262x300.jpg 262w, https:\/\/mail.schweizer-tierschutz-sts.ch\/app\/uploads\/2025\/08\/grundrauschen-hund3-scaled-e1755086144201-768x880.jpg 768w, https:\/\/mail.schweizer-tierschutz-sts.ch\/app\/uploads\/2025\/08\/grundrauschen-hund3-scaled-e1755086144201-1341x1536.jpg 1341w, https:\/\/mail.schweizer-tierschutz-sts.ch\/app\/uploads\/2025\/08\/grundrauschen-hund3-scaled-e1755086144201.jpg 1706w\" sizes=\"auto, (max-width: 894px) 100vw, 894px\" \/><\/figure><div class=\"wp-block-media-text__content\">\n<div class=\"wp-block-group is-style-shadow-box has-background-background-color has-background is-layout-constrained wp-block-group-is-layout-constrained\">\n<h3 class=\"wp-block-heading\" id=\"h-ou-sont-proposes-des-chiens-de-maniere-serieuse\"><strong><strong>O\u00f9 sont propos\u00e9s des chiens de mani\u00e8re s\u00e9rieuse<\/strong><\/strong><\/h3>\n\n\n\n<p><strong>Un chien de refuge pour animaux&nbsp;:<\/strong><\/p>\n\n\n\n<p>Dans les refuges pour animaux suisses, de nombreux chiens attendent un foyer aimant. Les propri\u00e9taires de chiens responsables se d\u00e9cident souvent pour un chien venant d\u2019un refuge pour animaux, bien qu\u2019il faille parfois de la patience pour trouver l\u2019animal ad\u00e9quat.<\/p>\n\n\n\n<p><strong>Des chiens de race d\u2019un \u00e9levage s\u00e9rieux&nbsp;:<\/strong><\/p>\n\n\n\n<p>Avant de d\u00e9cider d\u2019acheter un chien de race, il est conseill\u00e9 de visiter plusieurs \u00e9levages canins et de comparer les conditions d\u2019\u00e9levage. Il y a en Suisse deux labels pour les \u00e9levages canins contr\u00f4l\u00e9s&nbsp;: le label d\u2019or de la Soci\u00e9t\u00e9 Cynologique Suisse (SCS) et le label d\u2019\u00e9leveur Certodog. Ces organisations contr\u00f4lent et certifient les \u00e9levages qui \u00e9l\u00e8vent les chiots de mani\u00e8re professionnelle et s\u00e9rieuse. Les chiots ne devraient \u00eatre s\u00e9par\u00e9s de leur m\u00e8re et de leur fratrie qu\u2019\u00e0 l\u2019\u00e2ge de&nbsp;10&nbsp;\u00e0&nbsp;12 semaines. La vente de chiots de moins de&nbsp;56&nbsp;jours est interdite en Suisse conform\u00e9ment \u00e0 la loi sur la protection animale et t\u00e9moigne d\u2019un \u00e9levage peu s\u00e9rieux.<\/p>\n<\/div>\n<\/div><\/div>\n\n\n\n<div class=\"wp-block-group alignfull has-background-background-color has-background is-layout-constrained wp-block-group-is-layout-constrained\">\n<div class=\"wp-block-group is-layout-flex wp-container-core-group-is-layout-d0921e6e wp-block-group-is-layout-flex\">\n<div class=\"wp-block-group is-style-shadow-box width100 has-background-background-color has-background is-layout-constrained wp-block-group-is-layout-constrained\">\n<h3 class=\"wp-block-heading has-text-align-center\" id=\"h-votre-don-fait-la-difference\"><strong>Votre don fait la diff\u00e9rence<\/strong><\/h3>\n\n\n\n<hr class=\"wp-block-separator has-text-color has-primary-color has-alpha-channel-opacity has-primary-background-color has-background\"\/>\n\n\n\n<p>Aidez-nous \u00e0 combattre le commerce de chiots peu scrupuleux.<\/p>\n\n\n\n<p>Gr\u00e2ce \u00e0 votre soutien, nous pouvons faire fonctionner la cellule de signalement contre le commerce animal de la PSA et lutter contre le commerce ill\u00e9gal. Nos campagnes d\u2019information sensibilisent les propri\u00e9taires d\u2019animaux afin d\u2019am\u00e9liorer leur bien-\u00eatre.<\/p>\n<\/div>\n<\/div>\n\n\n\n<div style=\"height:3em\" aria-hidden=\"true\" class=\"wp-block-spacer\"><\/div>\n\n\n\n<div style=\"max-width:1000px;margin:0 auto\"><iframe loading=\"lazy\" src=\"https:\/\/tierschutz.payrexx.com\/fr\/pay?cid=22208043&#038;hide_description=1&#038;appview=1\" allow=\"payment *\" width=\"100%\" height=\"1150\" style=\"border:0;\" id=\"payrexx-embed\"><\/iframe><\/div>\n<\/div>\n","protected":false},"excerpt":{"rendered":"<p>Le commerce de chiots est en plein essor en Suisse, ce qui entra\u00eene une augmentation de la criminalit\u00e9 et de la souffrance animale. Il existe d\u2019innombrables annonces et publicit\u00e9s douteuses sur internet. Les chiens sont propos\u00e9s \u00e0 la vente sur des plateformes et r\u00e9seaux sociaux apparemment s\u00e9rieux.  Ces offres constituent malheureusement un gros risque pour les chiots.<\/p>\n","protected":false},"author":5,"featured_media":33290,"parent":0,"menu_order":36,"comment_status":"closed","ping_status":"closed","template":"","meta":{"_acf_changed":false,"inline_featured_image":false,"_vp_format_video_url":"","_vp_image_focal_point":[],"footnotes":""},"class_list":["post-33387","page","type-page","status-publish","has-post-thumbnail","hentry"],"acf":[],"yoast_head":"<!-- This site is optimized with the Yoast SEO Premium plugin v27.4 (Yoast SEO v27.4) - https:\/\/yoast.com\/product\/yoast-seo-premium-wordpress\/ -->\n<title>Lutter contre le commerce peu scrupuleux des chiots - Protection Suisse des Animaux PSA<\/title>\n<meta name=\"description\" content=\"Le commerce de chiots est en plein essor en Suisse, ce qui entra\u00eene une augmentation de la criminalit\u00e9 et de la souffrance animale.\" \/>\n<meta name=\"robots\" content=\"index, follow, max-snippet:-1, max-image-preview:large, max-video-preview:-1\" \/>\n<link rel=\"canonical\" href=\"https:\/\/mail.schweizer-tierschutz-sts.ch\/fr\/trafic-chiots\/\" \/>\n<meta property=\"og:locale\" content=\"fr_FR\" \/>\n<meta property=\"og:type\" content=\"article\" \/>\n<meta property=\"og:title\" content=\"Lutter contre le commerce peu scrupuleux des chiots\" \/>\n<meta property=\"og:description\" content=\"Le commerce de chiots est en plein essor en Suisse, ce qui entra\u00eene une augmentation de la criminalit\u00e9 et de la souffrance animale.\" \/>\n<meta property=\"og:url\" content=\"https:\/\/mail.schweizer-tierschutz-sts.ch\/fr\/trafic-chiots\/\" \/>\n<meta property=\"og:site_name\" content=\"Protection Suisse des Animaux PSA\" \/>\n<meta property=\"article:publisher\" content=\"https:\/\/www.facebook.com\/schweizertierschutz\/\" \/>\n<meta property=\"article:modified_time\" content=\"2025-08-25T09:26:43+00:00\" \/>\n<meta property=\"og:image\" content=\"https:\/\/mail.protection-animaux-psa.ch\/app\/uploads\/2025\/08\/grundrauschen-hund2-scaled.jpg\" \/>\n\t<meta property=\"og:image:width\" content=\"2560\" \/>\n\t<meta property=\"og:image:height\" content=\"1707\" \/>\n\t<meta property=\"og:image:type\" content=\"image\/jpeg\" \/>\n<meta name=\"twitter:card\" content=\"summary_large_image\" \/>\n<meta name=\"twitter:label1\" content=\"Dur\u00e9e de lecture estim\u00e9e\" \/>\n\t<meta name=\"twitter:data1\" content=\"4 minutes\" \/>\n<script type=\"application\/ld+json\" class=\"yoast-schema-graph\">{\"@context\":\"https:\\\/\\\/schema.org\",\"@graph\":[{\"@type\":\"WebPage\",\"@id\":\"https:\\\/\\\/mail.schweizer-tierschutz-sts.ch\\\/fr\\\/trafic-chiots\\\/\",\"url\":\"https:\\\/\\\/mail.schweizer-tierschutz-sts.ch\\\/fr\\\/trafic-chiots\\\/\",\"name\":\"Lutter contre le commerce peu scrupuleux des chiots - Protection Suisse des Animaux PSA\",\"isPartOf\":{\"@id\":\"https:\\\/\\\/mail.schweizer-tierschutz.ch\\\/#website\"},\"primaryImageOfPage\":{\"@id\":\"https:\\\/\\\/mail.schweizer-tierschutz-sts.ch\\\/fr\\\/trafic-chiots\\\/#primaryimage\"},\"image\":{\"@id\":\"https:\\\/\\\/mail.schweizer-tierschutz-sts.ch\\\/fr\\\/trafic-chiots\\\/#primaryimage\"},\"thumbnailUrl\":\"https:\\\/\\\/mail.schweizer-tierschutz-sts.ch\\\/app\\\/uploads\\\/2025\\\/08\\\/grundrauschen-hund2-scaled.jpg\",\"datePublished\":\"2025-08-13T11:57:46+00:00\",\"dateModified\":\"2025-08-25T09:26:43+00:00\",\"description\":\"Le commerce de chiots est en plein essor en Suisse, ce qui entra\u00eene une augmentation de la criminalit\u00e9 et de la souffrance animale.\",\"breadcrumb\":{\"@id\":\"https:\\\/\\\/mail.schweizer-tierschutz-sts.ch\\\/fr\\\/trafic-chiots\\\/#breadcrumb\"},\"inLanguage\":\"fr-FR\",\"potentialAction\":[{\"@type\":\"ReadAction\",\"target\":[\"https:\\\/\\\/mail.schweizer-tierschutz-sts.ch\\\/fr\\\/trafic-chiots\\\/\"]}]},{\"@type\":\"ImageObject\",\"inLanguage\":\"fr-FR\",\"@id\":\"https:\\\/\\\/mail.schweizer-tierschutz-sts.ch\\\/fr\\\/trafic-chiots\\\/#primaryimage\",\"url\":\"https:\\\/\\\/mail.schweizer-tierschutz-sts.ch\\\/app\\\/uploads\\\/2025\\\/08\\\/grundrauschen-hund2-scaled.jpg\",\"contentUrl\":\"https:\\\/\\\/mail.schweizer-tierschutz-sts.ch\\\/app\\\/uploads\\\/2025\\\/08\\\/grundrauschen-hund2-scaled.jpg\",\"width\":2560,\"height\":1707,\"caption\":\"Happy couple buying transport box for their French bulldog puppy in pet shop.\"},{\"@type\":\"BreadcrumbList\",\"@id\":\"https:\\\/\\\/mail.schweizer-tierschutz-sts.ch\\\/fr\\\/trafic-chiots\\\/#breadcrumb\",\"itemListElement\":[{\"@type\":\"ListItem\",\"position\":1,\"name\":\"Page d\u2019accueil\",\"item\":\"https:\\\/\\\/mail.protection-animaux-psa.ch\\\/fr\\\/\"},{\"@type\":\"ListItem\",\"position\":2,\"name\":\"Lutter contre le commerce peu scrupuleux des chiots\"}]},{\"@type\":\"WebSite\",\"@id\":\"https:\\\/\\\/mail.schweizer-tierschutz.ch\\\/#website\",\"url\":\"https:\\\/\\\/mail.schweizer-tierschutz.ch\\\/\",\"name\":\"tierschutz.com\",\"description\":\"Wir setzen uns f\u00fcr das Wohl der Tiere ein.\",\"publisher\":{\"@id\":\"https:\\\/\\\/mail.schweizer-tierschutz.ch\\\/#organization\"},\"alternateName\":\"Schweizer Tierschutz STS\",\"potentialAction\":[{\"@type\":\"SearchAction\",\"target\":{\"@type\":\"EntryPoint\",\"urlTemplate\":\"https:\\\/\\\/mail.schweizer-tierschutz.ch\\\/?s={search_term_string}\"},\"query-input\":{\"@type\":\"PropertyValueSpecification\",\"valueRequired\":true,\"valueName\":\"search_term_string\"}}],\"inLanguage\":\"fr-FR\"},{\"@type\":\"Organization\",\"@id\":\"https:\\\/\\\/mail.schweizer-tierschutz.ch\\\/#organization\",\"name\":\"Schweizer Tierschutz STS\",\"alternateName\":\"STS\",\"url\":\"https:\\\/\\\/mail.schweizer-tierschutz.ch\\\/\",\"logo\":{\"@type\":\"ImageObject\",\"inLanguage\":\"fr-FR\",\"@id\":\"https:\\\/\\\/mail.schweizer-tierschutz.ch\\\/#\\\/schema\\\/logo\\\/image\\\/\",\"url\":\"https:\\\/\\\/mail.schweizer-tierschutz-sts.ch\\\/app\\\/uploads\\\/2024\\\/04\\\/logo-schweizer-tierschutz-sts-1.svg\",\"contentUrl\":\"https:\\\/\\\/mail.schweizer-tierschutz-sts.ch\\\/app\\\/uploads\\\/2024\\\/04\\\/logo-schweizer-tierschutz-sts-1.svg\",\"caption\":\"Schweizer Tierschutz STS\"},\"image\":{\"@id\":\"https:\\\/\\\/mail.schweizer-tierschutz.ch\\\/#\\\/schema\\\/logo\\\/image\\\/\"},\"sameAs\":[\"https:\\\/\\\/www.facebook.com\\\/schweizertierschutz\\\/\",\"https:\\\/\\\/www.instagram.com\\\/schweizertierschutzsts\\\/\",\"https:\\\/\\\/www.youtube.com\\\/@STS_Tierschutz\",\"https:\\\/\\\/www.linkedin.com\\\/company\\\/schweizertierschutzsts\\\/\"],\"description\":\"Der Schweizer Tierschutz STS ist der Dachverband von 71 Tierschutzorganisationen in allen Sprachregionen der Schweiz und in Liechtenstein. Seine Mitarbeitenden leisten wissenschaftlich fundierte Grundlagenarbeit, setzen sich mit Projekten und Aktionen f\u00fcr den Schutz und das Wohlbefinden von Heim-, Wild-, Nutz- und Versuchstieren ein und sensibilisieren die \u00d6ffentlichkeit f\u00fcr Tierschutzthemen.\",\"email\":\"sts@tierschutz.com\",\"telephone\":\"061 365 99 99\",\"legalName\":\"Schweizer Tierschutz STS\"}]}<\/script>\n<!-- \/ Yoast SEO Premium plugin. -->","yoast_head_json":{"title":"Lutter contre le commerce peu scrupuleux des chiots - Protection Suisse des Animaux PSA","description":"Le commerce de chiots est en plein essor en Suisse, ce qui entra\u00eene une augmentation de la criminalit\u00e9 et de la souffrance animale.","robots":{"index":"index","follow":"follow","max-snippet":"max-snippet:-1","max-image-preview":"max-image-preview:large","max-video-preview":"max-video-preview:-1"},"canonical":"https:\/\/mail.schweizer-tierschutz-sts.ch\/fr\/trafic-chiots\/","og_locale":"fr_FR","og_type":"article","og_title":"Lutter contre le commerce peu scrupuleux des chiots","og_description":"Le commerce de chiots est en plein essor en Suisse, ce qui entra\u00eene une augmentation de la criminalit\u00e9 et de la souffrance animale.","og_url":"https:\/\/mail.schweizer-tierschutz-sts.ch\/fr\/trafic-chiots\/","og_site_name":"Protection Suisse des Animaux PSA","article_publisher":"https:\/\/www.facebook.com\/schweizertierschutz\/","article_modified_time":"2025-08-25T09:26:43+00:00","og_image":[{"width":2560,"height":1707,"url":"https:\/\/mail.protection-animaux-psa.ch\/app\/uploads\/2025\/08\/grundrauschen-hund2-scaled.jpg","type":"image\/jpeg"}],"twitter_card":"summary_large_image","twitter_misc":{"Dur\u00e9e de lecture estim\u00e9e":"4 minutes"},"schema":{"@context":"https:\/\/schema.org","@graph":[{"@type":"WebPage","@id":"https:\/\/mail.schweizer-tierschutz-sts.ch\/fr\/trafic-chiots\/","url":"https:\/\/mail.schweizer-tierschutz-sts.ch\/fr\/trafic-chiots\/","name":"Lutter contre le commerce peu scrupuleux des chiots - Protection Suisse des Animaux PSA","isPartOf":{"@id":"https:\/\/mail.schweizer-tierschutz.ch\/#website"},"primaryImageOfPage":{"@id":"https:\/\/mail.schweizer-tierschutz-sts.ch\/fr\/trafic-chiots\/#primaryimage"},"image":{"@id":"https:\/\/mail.schweizer-tierschutz-sts.ch\/fr\/trafic-chiots\/#primaryimage"},"thumbnailUrl":"https:\/\/mail.schweizer-tierschutz-sts.ch\/app\/uploads\/2025\/08\/grundrauschen-hund2-scaled.jpg","datePublished":"2025-08-13T11:57:46+00:00","dateModified":"2025-08-25T09:26:43+00:00","description":"Le commerce de chiots est en plein essor en Suisse, ce qui entra\u00eene une augmentation de la criminalit\u00e9 et de la souffrance animale.","breadcrumb":{"@id":"https:\/\/mail.schweizer-tierschutz-sts.ch\/fr\/trafic-chiots\/#breadcrumb"},"inLanguage":"fr-FR","potentialAction":[{"@type":"ReadAction","target":["https:\/\/mail.schweizer-tierschutz-sts.ch\/fr\/trafic-chiots\/"]}]},{"@type":"ImageObject","inLanguage":"fr-FR","@id":"https:\/\/mail.schweizer-tierschutz-sts.ch\/fr\/trafic-chiots\/#primaryimage","url":"https:\/\/mail.schweizer-tierschutz-sts.ch\/app\/uploads\/2025\/08\/grundrauschen-hund2-scaled.jpg","contentUrl":"https:\/\/mail.schweizer-tierschutz-sts.ch\/app\/uploads\/2025\/08\/grundrauschen-hund2-scaled.jpg","width":2560,"height":1707,"caption":"Happy couple buying transport box for their French bulldog puppy in pet shop."},{"@type":"BreadcrumbList","@id":"https:\/\/mail.schweizer-tierschutz-sts.ch\/fr\/trafic-chiots\/#breadcrumb","itemListElement":[{"@type":"ListItem","position":1,"name":"Page d\u2019accueil","item":"https:\/\/mail.protection-animaux-psa.ch\/fr\/"},{"@type":"ListItem","position":2,"name":"Lutter contre le commerce peu scrupuleux des chiots"}]},{"@type":"WebSite","@id":"https:\/\/mail.schweizer-tierschutz.ch\/#website","url":"https:\/\/mail.schweizer-tierschutz.ch\/","name":"tierschutz.com","description":"Wir setzen uns f\u00fcr das Wohl der Tiere ein.","publisher":{"@id":"https:\/\/mail.schweizer-tierschutz.ch\/#organization"},"alternateName":"Schweizer Tierschutz STS","potentialAction":[{"@type":"SearchAction","target":{"@type":"EntryPoint","urlTemplate":"https:\/\/mail.schweizer-tierschutz.ch\/?s={search_term_string}"},"query-input":{"@type":"PropertyValueSpecification","valueRequired":true,"valueName":"search_term_string"}}],"inLanguage":"fr-FR"},{"@type":"Organization","@id":"https:\/\/mail.schweizer-tierschutz.ch\/#organization","name":"Schweizer Tierschutz STS","alternateName":"STS","url":"https:\/\/mail.schweizer-tierschutz.ch\/","logo":{"@type":"ImageObject","inLanguage":"fr-FR","@id":"https:\/\/mail.schweizer-tierschutz.ch\/#\/schema\/logo\/image\/","url":"https:\/\/mail.schweizer-tierschutz-sts.ch\/app\/uploads\/2024\/04\/logo-schweizer-tierschutz-sts-1.svg","contentUrl":"https:\/\/mail.schweizer-tierschutz-sts.ch\/app\/uploads\/2024\/04\/logo-schweizer-tierschutz-sts-1.svg","caption":"Schweizer Tierschutz STS"},"image":{"@id":"https:\/\/mail.schweizer-tierschutz.ch\/#\/schema\/logo\/image\/"},"sameAs":["https:\/\/www.facebook.com\/schweizertierschutz\/","https:\/\/www.instagram.com\/schweizertierschutzsts\/","https:\/\/www.youtube.com\/@STS_Tierschutz","https:\/\/www.linkedin.com\/company\/schweizertierschutzsts\/"],"description":"Der Schweizer Tierschutz STS ist der Dachverband von 71 Tierschutzorganisationen in allen Sprachregionen der Schweiz und in Liechtenstein. Seine Mitarbeitenden leisten wissenschaftlich fundierte Grundlagenarbeit, setzen sich mit Projekten und Aktionen f\u00fcr den Schutz und das Wohlbefinden von Heim-, Wild-, Nutz- und Versuchstieren ein und sensibilisieren die \u00d6ffentlichkeit f\u00fcr Tierschutzthemen.","email":"sts@tierschutz.com","telephone":"061 365 99 99","legalName":"Schweizer Tierschutz STS"}]}},"_links":{"self":[{"href":"https:\/\/mail.schweizer-tierschutz-sts.ch\/fr\/wp-json\/wp\/v2\/pages\/33387","targetHints":{"allow":["GET"]}}],"collection":[{"href":"https:\/\/mail.schweizer-tierschutz-sts.ch\/fr\/wp-json\/wp\/v2\/pages"}],"about":[{"href":"https:\/\/mail.schweizer-tierschutz-sts.ch\/fr\/wp-json\/wp\/v2\/types\/page"}],"author":[{"embeddable":true,"href":"https:\/\/mail.schweizer-tierschutz-sts.ch\/fr\/wp-json\/wp\/v2\/users\/5"}],"replies":[{"embeddable":true,"href":"https:\/\/mail.schweizer-tierschutz-sts.ch\/fr\/wp-json\/wp\/v2\/comments?post=33387"}],"version-history":[{"count":3,"href":"https:\/\/mail.schweizer-tierschutz-sts.ch\/fr\/wp-json\/wp\/v2\/pages\/33387\/revisions"}],"predecessor-version":[{"id":33464,"href":"https:\/\/mail.schweizer-tierschutz-sts.ch\/fr\/wp-json\/wp\/v2\/pages\/33387\/revisions\/33464"}],"wp:featuredmedia":[{"embeddable":true,"href":"https:\/\/mail.schweizer-tierschutz-sts.ch\/fr\/wp-json\/wp\/v2\/media\/33290"}],"wp:attachment":[{"href":"https:\/\/mail.schweizer-tierschutz-sts.ch\/fr\/wp-json\/wp\/v2\/media?parent=33387"}],"curies":[{"name":"wp","href":"https:\/\/api.w.org\/{rel}","templated":true}]}}